{"id":18011,"date":"2023-03-10T12:24:21","date_gmt":"2023-03-10T11:24:21","guid":{"rendered":"https:\/\/dzagame.com\/?post_type=product&#038;p=18011"},"modified":"2026-04-20T19:37:37","modified_gmt":"2026-04-20T18:37:37","slug":"iron-12-months-activation-code","status":"publish","type":"product","link":"https:\/\/www.dzagame.com\/ar\/shop\/iptv\/iron-ar\/iron-12-months-activation-code\/","title":{"rendered":"IRON PRO 12 months activation code"},"content":{"rendered":"<h3>Product Description :<\/h3>\n<p>IRON IPTV is one of the best online TV you can rely on,<\/p>\n<p>Subscription Period: <strong>12 months<\/strong><\/p>\n<p>Italian , Spain , Portugal , USA ,Germany, Arabic OSN \u00a0\u2013 MBC \u2013 ROTANA \u00a0\u2013 ART, Poland, Indi, Latino, African, Albanian, Hungarian, Sweden, Norway, Denmark, Serbia, C<span class=\"text_exposed_show\">roatia, Bosnia, India, and more.<\/span><\/p>\n<p><span class=\"text_exposed_show\">Included Packs C-sat \u00a0\u2013 RMC \u00a0\u2013 Bei*n Sports channels \u2026DS*TV) latest films and series with box office channels\u00a0<\/span><\/p>\n<p>&nbsp;<\/p>\n<h3>How to download the app:<\/h3>\n<ul>\n<li>\n<h4>IRON TV PRO:<\/h4>\n<\/li>\n<\/ul>\n<p>&#8211; direct link1: <a href=\"https:\/\/ironiptv.net\/iron-pro.apk\">https:\/\/ironiptv.net\/iron-pro.apk<\/a><\/p>\n<p>&#8211; direct link2 : <a href=\"http:\/\/aftv.news\/635983\" target=\"_blank\" rel=\"noopener\">aftv.news\/635983<\/a><\/p>\n<p>&#8211; downloader code: 272540 or 635983<\/p>\n<ul>\n<li>\n<h4>IRON TV MAX(new design):<\/h4>\n<\/li>\n<\/ul>\n<p>&#8211; direct link1: www.aftv.news\/486041<\/p>\n<p>&#8211; direct link2 : www.aftv.news\/557293<\/p>\n<p>&#8211; direct link3 : www.aftv.news\/347824<\/p>\n<p>&#8211; direct link3 : <a href=\"https:\/\/ironiptv.net\/iron-max.apk\">https:\/\/ironiptv.net\/iron-max.apk<\/a><\/p>\n<p>&#8211; downloader code: \u00a0347824 or 486041 or 965085 or 557293<\/p>\n<ul>\n<li>\n<h4>NOX PRO (the same activation code):<\/h4>\n<\/li>\n<\/ul>\n<p>&#8211; Direct link: <a href=\"http:\/\/aftv.news\/542064\">aftv.news\/542064<\/a><\/p>\n<p>&#8211; Downloader code: 542064<\/p>\n<h3>How to convert Iron code to Xtream or Smarter or M3u:<\/h3>\n<p>to convert Iron code to Xtream or Smarter or M3u you should contact as to get the user and password and url<\/p>\n<p>&nbsp;<\/p>\n<p><span style=\"font-size: 17px;\"><strong>How to use IRON <\/strong><\/span><span style=\"font-size: 17px;\"><strong>IPTV on Apple devices:<\/strong><\/span><\/p>\n<p>first, convert the code to xtream, and install this app <a href=\"https:\/\/apps.apple.com\/gb\/app\/247-iptv-player\/id1419998058\">247 IPTV Player<\/a> or <a href=\"https:\/\/www.iptvsmarters.com\/#downloads\">IPTV Smarter<\/a> , after installing the app insert the user and password and the URL &#8230; that all enjoy.<\/p>\n<h3>How to activate iron pro on Samsung tv app, LG tv app,ios ipad and ios iPhone:<\/h3>\n<p>go to <a href=\"https:\/\/irontv.pro.in\/\">https:\/\/irontv.pro.in\/<\/a>(paid) and then add your playlist.<\/p>\n<p>or you can use iptv samrters player\u00a0 (free) or XCiptv (free) or ibo player (paid)or Hot player (paid).<\/p>\n<h3>Important:<\/h3>\n<p>1- The supplier remains solely responsible for the content of his packages and the availability of the channels included in his offer.<\/p>\n<p>2- Some channels or bouquets may be temporarily unavailable, this is totally beyond our control<\/p>\n<p>3- No guarantee on the availability of services or packages during the subscription.<\/p>\n<p>4- the code is irreversibly linked with the Mac address of the first receiver that uses it.<\/p>\n<h4><strong>DZAGAME SUPPORT<\/strong><\/h4>\n<p>if you need any help, don&#8217;t hesitate to get in touch with us on WhatsApp: <a href=\"https:\/\/aftv.news\/458960\">+213553039009<\/a><\/p>\n<p>iron pro channel on telegram: <a href=\"https:\/\/t.me\/ironpro_tv\">https:\/\/t.me\/ironpro_tv<\/a><\/p>\n<p>&nbsp;<\/p>\n<p>Rejoignez nos cha\u00eenes pour voir toutes nos actualit\u00e9s et d\u00e9couvrir les nouveaut\u00e9s\u00a0:<\/p>\n<div class=\"text_exposed_show\"><\/div>\n<div><\/div>\n","protected":false},"excerpt":{"rendered":"<p><strong><span style=\"color: #339966; font-size: 12px;\"><span style=\"color: #ff0000;\">1 code= 1 Device<\/span><br \/>\n-delivery Time: 1-60 Minutes (working hours)<\/span><\/strong><br \/>\n<span style=\"font-size: 12px;\">-no refund under any condition<\/span><br \/>\n<span style=\"font-size: 12px;\">-we are not responsible If the server stop working before the expiration date.<\/span><\/p>\n","protected":false},"featured_media":20869,"template":"","meta":[],"product_brand":[],"product_cat":[551],"product_tag":[460,552],"class_list":{"0":"post-18011","1":"product","2":"type-product","3":"status-publish","4":"has-post-thumbnail","6":"product_cat-iron","7":"product_tag-iptv","8":"product_tag-iron","10":"first","11":"instock","12":"featured","13":"virtual","14":"purchasable","15":"product-type-simple"},"yoast_head":"<!-- This site is optimized with the Yoast SEO Premium plugin v23.3 (Yoast SEO v27.0) - https:\/\/yoast.com\/product\/yoast-seo-premium-wordpress\/ -->\n<title>IRON PRO 12 months activation code - DZAGAME<\/title>\n<meta name=\"description\" content=\"iron Pro is the BEST IPTV service with over 4500+ channels, movies, TV shows, and many, see more...\" \/>\n<meta name=\"robots\" content=\"index, follow, max-snippet:-1, max-image-preview:large, max-video-preview:-1\" \/>\n<link rel=\"canonical\" href=\"https:\/\/www.dzagame.com\/ar\/shop\/iptv\/iron-ar\/iron-12-months-activation-code\/\" \/>\n<meta property=\"og:locale\" content=\"ar_AR\" \/>\n<meta property=\"og:type\" content=\"article\" \/>\n<meta property=\"og:title\" content=\"IRON PRO 12 months activation code\" \/>\n<meta property=\"og:description\" content=\"iron Pro is the BEST IPTV service with over 4500+ channels, movies, TV shows, and many, see more...\" \/>\n<meta property=\"og:url\" content=\"https:\/\/www.dzagame.com\/ar\/shop\/iptv\/iron-ar\/iron-12-months-activation-code\/\" \/>\n<meta property=\"og:site_name\" content=\"DZAGAME\" \/>\n<meta property=\"article:publisher\" content=\"https:\/\/www.facebook.com\/dzagameStore\" \/>\n<meta property=\"article:modified_time\" content=\"2026-04-20T18:37:37+00:00\" \/>\n<meta property=\"og:image\" content=\"https:\/\/www.dzagame.com\/wp-content\/uploads\/2023\/05\/iron-pro.webp\" \/>\n\t<meta property=\"og:image:width\" content=\"200\" \/>\n\t<meta property=\"og:image:height\" content=\"273\" \/>\n\t<meta property=\"og:image:type\" content=\"image\/webp\" \/>\n<meta name=\"twitter:card\" content=\"summary_large_image\" \/>\n<meta name=\"twitter:label1\" content=\"Price\" \/>\n\t<meta name=\"twitter:data1\" content=\"USD&nbsp;45.00\" \/>\n\t<meta name=\"twitter:label2\" content=\"Availability\" \/>\n\t<meta name=\"twitter:data2\" content=\"In stock\" \/>\n<script type=\"application\/ld+json\" class=\"yoast-schema-graph\">{\"@context\":\"https:\/\/schema.org\",\"@graph\":[{\"@type\":\"WebPage\",\"@id\":\"https:\/\/www.dzagame.com\/ar\/shop\/iptv\/iron-ar\/iron-12-months-activation-code\/\",\"url\":\"https:\/\/www.dzagame.com\/ar\/shop\/iptv\/iron-ar\/iron-12-months-activation-code\/\",\"name\":\"IRON PRO 12 months activation code - DZAGAME\",\"isPartOf\":{\"@id\":\"https:\/\/www.dzagame.com\/ar\/#website\"},\"primaryImageOfPage\":{\"@id\":\"https:\/\/www.dzagame.com\/ar\/shop\/iptv\/iron-ar\/iron-12-months-activation-code\/#primaryimage\"},\"image\":{\"@id\":\"https:\/\/www.dzagame.com\/ar\/shop\/iptv\/iron-ar\/iron-12-months-activation-code\/#primaryimage\"},\"thumbnailUrl\":\"https:\/\/www.dzagame.com\/wp-content\/uploads\/2023\/05\/iron-pro.webp\",\"datePublished\":\"2023-03-10T11:24:21+00:00\",\"dateModified\":\"2026-04-20T18:37:37+00:00\",\"description\":\"iron Pro is the BEST IPTV service with over 4500+ channels, movies, TV shows, and many, see more...\",\"breadcrumb\":{\"@id\":\"https:\/\/www.dzagame.com\/ar\/shop\/iptv\/iron-ar\/iron-12-months-activation-code\/#breadcrumb\"},\"inLanguage\":\"ar-AR\",\"potentialAction\":[{\"@type\":\"ReadAction\",\"target\":[\"https:\/\/www.dzagame.com\/ar\/shop\/iptv\/iron-ar\/iron-12-months-activation-code\/\"]}]},{\"@type\":\"ImageObject\",\"inLanguage\":\"ar-AR\",\"@id\":\"https:\/\/www.dzagame.com\/ar\/shop\/iptv\/iron-ar\/iron-12-months-activation-code\/#primaryimage\",\"url\":\"https:\/\/www.dzagame.com\/wp-content\/uploads\/2023\/05\/iron-pro.webp\",\"contentUrl\":\"https:\/\/www.dzagame.com\/wp-content\/uploads\/2023\/05\/iron-pro.webp\",\"width\":200,\"height\":273,\"caption\":\"iron pro\"},{\"@type\":\"BreadcrumbList\",\"@id\":\"https:\/\/www.dzagame.com\/ar\/shop\/iptv\/iron-ar\/iron-12-months-activation-code\/#breadcrumb\",\"itemListElement\":[{\"@type\":\"ListItem\",\"position\":1,\"name\":\"dzagame\",\"item\":\"https:\/\/www.dzagame.com\/ar\/%d8%a7%d9%84%d8%b1%d8%a6%d9%8a%d8%b3%d9%8a%d8%a9\/\"},{\"@type\":\"ListItem\",\"position\":2,\"name\":\"\u0627\u0644\u0645\u062a\u062c\u0631\",\"item\":\"https:\/\/www.dzagame.com\/ar\/shop\/\"},{\"@type\":\"ListItem\",\"position\":3,\"name\":\"IRON PRO 12 months activation code\"}]},{\"@type\":\"WebSite\",\"@id\":\"https:\/\/www.dzagame.com\/ar\/#website\",\"url\":\"https:\/\/www.dzagame.com\/ar\/\",\"name\":\"DZAGAME\",\"description\":\"DIGITAL ITEMS &amp; ONLINE SERVICES SELL\",\"publisher\":{\"@id\":\"https:\/\/www.dzagame.com\/ar\/#organization\"},\"potentialAction\":[{\"@type\":\"SearchAction\",\"target\":{\"@type\":\"EntryPoint\",\"urlTemplate\":\"https:\/\/www.dzagame.com\/ar\/?s={search_term_string}\"},\"query-input\":{\"@type\":\"PropertyValueSpecification\",\"valueRequired\":true,\"valueName\":\"search_term_string\"}}],\"inLanguage\":\"ar-AR\"},{\"@type\":\"Organization\",\"@id\":\"https:\/\/www.dzagame.com\/ar\/#organization\",\"name\":\"DZAGAME LTD\",\"url\":\"https:\/\/www.dzagame.com\/ar\/\",\"logo\":{\"@type\":\"ImageObject\",\"inLanguage\":\"ar-AR\",\"@id\":\"https:\/\/www.dzagame.com\/ar\/#\/schema\/logo\/image\/\",\"url\":\"https:\/\/www.dzagame.com\/wp-content\/uploads\/2021\/03\/dzagame-logo.png\",\"contentUrl\":\"https:\/\/www.dzagame.com\/wp-content\/uploads\/2021\/03\/dzagame-logo.png\",\"width\":100,\"height\":50,\"caption\":\"DZAGAME LTD\"},\"image\":{\"@id\":\"https:\/\/www.dzagame.com\/ar\/#\/schema\/logo\/image\/\"},\"sameAs\":[\"https:\/\/www.facebook.com\/dzagameStore\"]}]}<\/script>\n<meta property=\"product:price:amount\" content=\"45.00\" \/>\n<meta property=\"product:price:currency\" content=\"USD\" \/>\n<meta property=\"og:availability\" content=\"instock\" \/>\n<meta property=\"product:availability\" content=\"instock\" \/>\n<meta property=\"product:condition\" content=\"new\" \/>\n<!-- \/ Yoast SEO Premium plugin. -->","yoast_head_json":{"title":"IRON PRO 12 months activation code - DZAGAME","description":"iron Pro is the BEST IPTV service with over 4500+ channels, movies, TV shows, and many, see more...","robots":{"index":"index","follow":"follow","max-snippet":"max-snippet:-1","max-image-preview":"max-image-preview:large","max-video-preview":"max-video-preview:-1"},"canonical":"https:\/\/www.dzagame.com\/ar\/shop\/iptv\/iron-ar\/iron-12-months-activation-code\/","og_locale":"ar_AR","og_type":"article","og_title":"IRON PRO 12 months activation code","og_description":"iron Pro is the BEST IPTV service with over 4500+ channels, movies, TV shows, and many, see more...","og_url":"https:\/\/www.dzagame.com\/ar\/shop\/iptv\/iron-ar\/iron-12-months-activation-code\/","og_site_name":"DZAGAME","article_publisher":"https:\/\/www.facebook.com\/dzagameStore","article_modified_time":"2026-04-20T18:37:37+00:00","og_image":[{"width":200,"height":273,"url":"https:\/\/www.dzagame.com\/wp-content\/uploads\/2023\/05\/iron-pro.webp","type":"image\/webp"}],"twitter_card":"summary_large_image","twitter_misc":{"Price":"USD&nbsp;45.00","Availability":"In stock"},"schema":{"@context":"https:\/\/schema.org","@graph":[{"@type":"WebPage","@id":"https:\/\/www.dzagame.com\/ar\/shop\/iptv\/iron-ar\/iron-12-months-activation-code\/","url":"https:\/\/www.dzagame.com\/ar\/shop\/iptv\/iron-ar\/iron-12-months-activation-code\/","name":"IRON PRO 12 months activation code - DZAGAME","isPartOf":{"@id":"https:\/\/www.dzagame.com\/ar\/#website"},"primaryImageOfPage":{"@id":"https:\/\/www.dzagame.com\/ar\/shop\/iptv\/iron-ar\/iron-12-months-activation-code\/#primaryimage"},"image":{"@id":"https:\/\/www.dzagame.com\/ar\/shop\/iptv\/iron-ar\/iron-12-months-activation-code\/#primaryimage"},"thumbnailUrl":"https:\/\/www.dzagame.com\/wp-content\/uploads\/2023\/05\/iron-pro.webp","datePublished":"2023-03-10T11:24:21+00:00","dateModified":"2026-04-20T18:37:37+00:00","description":"iron Pro is the BEST IPTV service with over 4500+ channels, movies, TV shows, and many, see more...","breadcrumb":{"@id":"https:\/\/www.dzagame.com\/ar\/shop\/iptv\/iron-ar\/iron-12-months-activation-code\/#breadcrumb"},"inLanguage":"ar-AR","potentialAction":[{"@type":"ReadAction","target":["https:\/\/www.dzagame.com\/ar\/shop\/iptv\/iron-ar\/iron-12-months-activation-code\/"]}]},{"@type":"ImageObject","inLanguage":"ar-AR","@id":"https:\/\/www.dzagame.com\/ar\/shop\/iptv\/iron-ar\/iron-12-months-activation-code\/#primaryimage","url":"https:\/\/www.dzagame.com\/wp-content\/uploads\/2023\/05\/iron-pro.webp","contentUrl":"https:\/\/www.dzagame.com\/wp-content\/uploads\/2023\/05\/iron-pro.webp","width":200,"height":273,"caption":"iron pro"},{"@type":"BreadcrumbList","@id":"https:\/\/www.dzagame.com\/ar\/shop\/iptv\/iron-ar\/iron-12-months-activation-code\/#breadcrumb","itemListElement":[{"@type":"ListItem","position":1,"name":"dzagame","item":"https:\/\/www.dzagame.com\/ar\/%d8%a7%d9%84%d8%b1%d8%a6%d9%8a%d8%b3%d9%8a%d8%a9\/"},{"@type":"ListItem","position":2,"name":"\u0627\u0644\u0645\u062a\u062c\u0631","item":"https:\/\/www.dzagame.com\/ar\/shop\/"},{"@type":"ListItem","position":3,"name":"IRON PRO 12 months activation code"}]},{"@type":"WebSite","@id":"https:\/\/www.dzagame.com\/ar\/#website","url":"https:\/\/www.dzagame.com\/ar\/","name":"DZAGAME","description":"DIGITAL ITEMS &amp; ONLINE SERVICES SELL","publisher":{"@id":"https:\/\/www.dzagame.com\/ar\/#organization"},"potentialAction":[{"@type":"SearchAction","target":{"@type":"EntryPoint","urlTemplate":"https:\/\/www.dzagame.com\/ar\/?s={search_term_string}"},"query-input":{"@type":"PropertyValueSpecification","valueRequired":true,"valueName":"search_term_string"}}],"inLanguage":"ar-AR"},{"@type":"Organization","@id":"https:\/\/www.dzagame.com\/ar\/#organization","name":"DZAGAME LTD","url":"https:\/\/www.dzagame.com\/ar\/","logo":{"@type":"ImageObject","inLanguage":"ar-AR","@id":"https:\/\/www.dzagame.com\/ar\/#\/schema\/logo\/image\/","url":"https:\/\/www.dzagame.com\/wp-content\/uploads\/2021\/03\/dzagame-logo.png","contentUrl":"https:\/\/www.dzagame.com\/wp-content\/uploads\/2021\/03\/dzagame-logo.png","width":100,"height":50,"caption":"DZAGAME LTD"},"image":{"@id":"https:\/\/www.dzagame.com\/ar\/#\/schema\/logo\/image\/"},"sameAs":["https:\/\/www.facebook.com\/dzagameStore"]}]},"product_price_amount":"45.00","product_price_currency":"USD","og_availability":"instock","product_availability":"instock","product_condition":"new"},"wcpa_form_fields":null,"_links":{"self":[{"href":"https:\/\/www.dzagame.com\/ar\/wp-json\/wp\/v2\/product\/18011","targetHints":{"allow":["GET"]}}],"collection":[{"href":"https:\/\/www.dzagame.com\/ar\/wp-json\/wp\/v2\/product"}],"about":[{"href":"https:\/\/www.dzagame.com\/ar\/wp-json\/wp\/v2\/types\/product"}],"wp:featuredmedia":[{"embeddable":true,"href":"https:\/\/www.dzagame.com\/ar\/wp-json\/wp\/v2\/media\/20869"}],"wp:attachment":[{"href":"https:\/\/www.dzagame.com\/ar\/wp-json\/wp\/v2\/media?parent=18011"}],"wp:term":[{"taxonomy":"product_brand","embeddable":true,"href":"https:\/\/www.dzagame.com\/ar\/wp-json\/wp\/v2\/product_brand?post=18011"},{"taxonomy":"product_cat","embeddable":true,"href":"https:\/\/www.dzagame.com\/ar\/wp-json\/wp\/v2\/product_cat?post=18011"},{"taxonomy":"product_tag","embeddable":true,"href":"https:\/\/www.dzagame.com\/ar\/wp-json\/wp\/v2\/product_tag?post=18011"}],"curies":[{"name":"wp","href":"https:\/\/api.w.org\/{rel}","templated":true}]}}