{"id":36322,"date":"2024-04-22T13:17:13","date_gmt":"2024-04-22T12:17:13","guid":{"rendered":"https:\/\/www.dzagame.com\/?post_type=product&#038;p=36322"},"modified":"2025-12-05T15:03:57","modified_gmt":"2025-12-05T14:03:57","slug":"orca-pro-12-months-activation-code","status":"publish","type":"product","link":"https:\/\/www.dzagame.com\/ar\/shop\/orca-pro-ar\/orca-pro-12-months-activation-code\/","title":{"rendered":"ORCA PRO 12-Months activation code"},"content":{"rendered":"<h2 style=\"text-align: center;\">ORCA PRO 12-Months activation code<\/h2>\n<div class=\"short-description\">\n<p>ABONNEMENT Et RENOUVELLEMENT Orca Pro IPTV 12 mois (ORCA PRO 12-Months activation code ) pour tout les appareils et D\u00e9mo Android.<\/p>\n<ul>\n<li>\n<h4><span style=\"color: #003366;\"><strong><span style=\"font-size: 18px;\">Appareils Compatabile:\u00a0<\/span><\/strong><\/span><\/h4>\n<\/li>\n<\/ul>\n<p>TVBOX &#8211; Android mobile\u00a0 <strong><span style=\"color: #339966; font-size: 14px;\">(<\/span><\/strong><strong><span style=\"color: #339966; font-size: 14px;\">orca, orca pro max, orca pro plus..etc)<\/span><\/strong><\/p>\n<p>Profitez De Plus 10000 Chaines LIVE TV &amp; VOD &amp; S\u00e9rie<\/p>\n<p>\u2013 Orca Pro Plus IPTV\u00a0 vous donne l\u2019acc\u00e8s \u00e0 plusieurs CHAINES EN DIRECT &amp; FILMS &amp; S\u00c9RIES T\u00c9L\u00c9VIS\u00c9ES De Tout Le Monde Plus De 10000 Cha\u00eene Haute Qualit\u00e9 (\u00a0 HD \u2013 FHD\u00a0 \u2013 H265 &#8211; 4K )<\/p>\n<p>LES CHAINES BIEN ORGANISE PAR CAT\u00c9GORIES ET PAR PAYS<\/p>\n<\/div>\n<ul>\n<li>\n<h4><span style=\"color: #003366; font-size: 18px;\"><strong>How to download ORCA PRO apk for android:<\/strong><\/span><\/h4>\n<\/li>\n<\/ul>\n<p>ORCA ProMaxLite-1.0.9(2025): <a href=\"http:\/\/aftv.news\/1858662\" target=\"_blank\" rel=\"noopener\">http:\/\/aftv.news\/1858662<\/a><\/p>\n<p>or <span id=\"copy_shorturl\"><a href=\"http:\/\/aftv.news\/5791374\" target=\"_blank\" rel=\"noopener\">aftv.news\/5791374<\/a> or <a href=\"https:\/\/lite.6464.site\/\" target=\"_blank\" rel=\"noopener\">https:\/\/lite.6464.site\/<\/a><\/span><\/p>\n<p>Downloader code: <span id=\"copy_shorturl\">5791374 or 1858662<\/span><\/p>\n<p>ORCA PRO Plus apk : <a href=\"https:\/\/aftv.news\/183273\" target=\"_blank\" rel=\"noopener\">https:\/\/aftv.news\/183273<\/a> or <a href=\"http:\/\/t.ly\/5pMh0\" target=\"_blank\" rel=\"noopener\">t.ly\/5pMh0<\/a><\/p>\n<p>Downloader code: 183273 or 504909<\/p>\n<p>ORCA PRO MAX apk : <a href=\"https:\/\/aftv.news\/699461\" target=\"_blank\" rel=\"noopener\">https:\/\/aftv.news\/699461<\/a><\/p>\n<p>Downloader code: 699461<\/p>\n<div class=\"short-description\">\n<ul>\n<li>\n<h4><span style=\"color: #003366; font-size: 18px;\"><strong>DZAGAME SUPPORT<\/strong><\/span><\/h4>\n<\/li>\n<\/ul>\n<p>if you need any help don\u2019t hesitate to get in touch with us on WhatsApp:\u00a0<a href=\"https:\/\/aftv.news\/458960\">+213553039009<\/a><\/p>\n<p><a class=\"LinkSuggestion__Link-sc-1gewdgc-4 cLBplk\" href=\"https:\/\/www.dzagame.com\/en\/shop\/iptv\/ott-premium\/premium-ott-12-months-activation-code\/\" target=\"_blank\" rel=\"noopener\">OTT PREMIUM 12-Months activation code<span class=\"sc-gswNZR eASTkv\">(Opens in a new browser tab)<\/span><\/a><\/p>\n<\/div>\n<p><a class=\"LinkSuggestion__Link-sc-1gewdgc-4 cLBplk\" href=\"https:\/\/www.dzagame.com\/en\/shop\/iptv\/gogo\/gogo-iptv-activation\/\" target=\"_blank\" rel=\"noopener\">GOGO 12-Months activation code<span class=\"sc-gswNZR eASTkv\">(Opens in a new browser tab)<\/span><\/a><\/p>\n<p>&nbsp;<\/p>\n<p>&nbsp;<\/p>\n<p>&nbsp;<\/p>\n","protected":false},"excerpt":{"rendered":"<p><strong><span style=\"color: #339966; font-size: 14px;\">-compatible:\u00a0 android (orca, pro max, pro plus)<br \/>\n<span style=\"color: #339966; font-size: 12px;\">-delivery Time: 1-60 Minutes (working hours)<\/span><br \/>\n<\/span><\/strong><\/p>\n","protected":false},"featured_media":36327,"template":"","meta":[],"product_brand":[],"product_cat":[857],"product_tag":[460,858],"class_list":{"0":"post-36322","1":"product","2":"type-product","3":"status-publish","4":"has-post-thumbnail","6":"product_cat-orca-pro","7":"product_tag-iptv","8":"product_tag-orca","9":"wcpa_has_options","11":"first","12":"instock","13":"virtual","14":"sold-individually","15":"purchasable","16":"product-type-simple"},"yoast_head":"<!-- This site is optimized with the Yoast SEO Premium plugin v23.3 (Yoast SEO v27.0) - https:\/\/yoast.com\/product\/yoast-seo-premium-wordpress\/ -->\n<title>ORCA PRO 12-Months activation code - DZAGAME<\/title>\n<meta name=\"description\" content=\"ABONNEMENT ORCA PRO Et RENOUVELLEMENT IPTV pour tout les appareils android android en Haute Qualit\u00e9 (\u00a0 HD \u2013 FHD\u00a0 \u2013 H265 - 4K )\" \/>\n<meta name=\"robots\" content=\"index, follow, max-snippet:-1, max-image-preview:large, max-video-preview:-1\" \/>\n<link rel=\"canonical\" href=\"https:\/\/www.dzagame.com\/ar\/shop\/orca-pro-ar\/orca-pro-12-months-activation-code\/\" \/>\n<meta property=\"og:locale\" content=\"ar_AR\" \/>\n<meta property=\"og:type\" content=\"article\" \/>\n<meta property=\"og:title\" content=\"ORCA PRO 12-Months activation code\" \/>\n<meta property=\"og:description\" content=\"ABONNEMENT ORCA PRO Et RENOUVELLEMENT IPTV pour tout les appareils android android en Haute Qualit\u00e9 (\u00a0 HD \u2013 FHD\u00a0 \u2013 H265 - 4K )\" \/>\n<meta property=\"og:url\" content=\"https:\/\/www.dzagame.com\/ar\/shop\/orca-pro-ar\/orca-pro-12-months-activation-code\/\" \/>\n<meta property=\"og:site_name\" content=\"DZAGAME\" \/>\n<meta property=\"article:publisher\" content=\"https:\/\/www.facebook.com\/dzagameStore\" \/>\n<meta property=\"article:modified_time\" content=\"2025-12-05T14:03:57+00:00\" \/>\n<meta property=\"og:image\" content=\"https:\/\/www.dzagame.com\/wp-content\/uploads\/2024\/04\/Orca-pro-plus-12months-active-code.webp\" \/>\n\t<meta property=\"og:image:width\" content=\"200\" \/>\n\t<meta property=\"og:image:height\" content=\"273\" \/>\n\t<meta property=\"og:image:type\" content=\"image\/webp\" \/>\n<meta name=\"twitter:card\" content=\"summary_large_image\" \/>\n<meta name=\"twitter:label1\" content=\"Price\" \/>\n\t<meta name=\"twitter:data1\" content=\"USD&nbsp;50.00\" \/>\n\t<meta name=\"twitter:label2\" content=\"Availability\" \/>\n\t<meta name=\"twitter:data2\" content=\"In stock\" \/>\n<script type=\"application\/ld+json\" class=\"yoast-schema-graph\">{\"@context\":\"https:\/\/schema.org\",\"@graph\":[{\"@type\":\"WebPage\",\"@id\":\"https:\/\/www.dzagame.com\/ar\/shop\/orca-pro-ar\/orca-pro-12-months-activation-code\/\",\"url\":\"https:\/\/www.dzagame.com\/ar\/shop\/orca-pro-ar\/orca-pro-12-months-activation-code\/\",\"name\":\"ORCA PRO 12-Months activation code - DZAGAME\",\"isPartOf\":{\"@id\":\"https:\/\/www.dzagame.com\/ar\/#website\"},\"primaryImageOfPage\":{\"@id\":\"https:\/\/www.dzagame.com\/ar\/shop\/orca-pro-ar\/orca-pro-12-months-activation-code\/#primaryimage\"},\"image\":{\"@id\":\"https:\/\/www.dzagame.com\/ar\/shop\/orca-pro-ar\/orca-pro-12-months-activation-code\/#primaryimage\"},\"thumbnailUrl\":\"https:\/\/www.dzagame.com\/wp-content\/uploads\/2024\/04\/Orca-pro-plus-12months-active-code.webp\",\"datePublished\":\"2024-04-22T12:17:13+00:00\",\"dateModified\":\"2025-12-05T14:03:57+00:00\",\"description\":\"ABONNEMENT ORCA PRO Et RENOUVELLEMENT IPTV pour tout les appareils android android en Haute Qualit\u00e9 (\u00a0 HD \u2013 FHD\u00a0 \u2013 H265 - 4K )\",\"breadcrumb\":{\"@id\":\"https:\/\/www.dzagame.com\/ar\/shop\/orca-pro-ar\/orca-pro-12-months-activation-code\/#breadcrumb\"},\"inLanguage\":\"ar-AR\",\"potentialAction\":[{\"@type\":\"ReadAction\",\"target\":[\"https:\/\/www.dzagame.com\/ar\/shop\/orca-pro-ar\/orca-pro-12-months-activation-code\/\"]}]},{\"@type\":\"ImageObject\",\"inLanguage\":\"ar-AR\",\"@id\":\"https:\/\/www.dzagame.com\/ar\/shop\/orca-pro-ar\/orca-pro-12-months-activation-code\/#primaryimage\",\"url\":\"https:\/\/www.dzagame.com\/wp-content\/uploads\/2024\/04\/Orca-pro-plus-12months-active-code.webp\",\"contentUrl\":\"https:\/\/www.dzagame.com\/wp-content\/uploads\/2024\/04\/Orca-pro-plus-12months-active-code.webp\",\"width\":200,\"height\":273,\"caption\":\"Orca-pro-plus-12months-active-code\"},{\"@type\":\"BreadcrumbList\",\"@id\":\"https:\/\/www.dzagame.com\/ar\/shop\/orca-pro-ar\/orca-pro-12-months-activation-code\/#breadcrumb\",\"itemListElement\":[{\"@type\":\"ListItem\",\"position\":1,\"name\":\"dzagame\",\"item\":\"https:\/\/www.dzagame.com\/ar\/%d8%a7%d9%84%d8%b1%d8%a6%d9%8a%d8%b3%d9%8a%d8%a9\/\"},{\"@type\":\"ListItem\",\"position\":2,\"name\":\"\u0627\u0644\u0645\u062a\u062c\u0631\",\"item\":\"https:\/\/www.dzagame.com\/ar\/shop\/\"},{\"@type\":\"ListItem\",\"position\":3,\"name\":\"ORCA PRO 12-Months activation code\"}]},{\"@type\":\"WebSite\",\"@id\":\"https:\/\/www.dzagame.com\/ar\/#website\",\"url\":\"https:\/\/www.dzagame.com\/ar\/\",\"name\":\"DZAGAME\",\"description\":\"DIGITAL ITEMS &amp; ONLINE SERVICES SELL\",\"publisher\":{\"@id\":\"https:\/\/www.dzagame.com\/ar\/#organization\"},\"potentialAction\":[{\"@type\":\"SearchAction\",\"target\":{\"@type\":\"EntryPoint\",\"urlTemplate\":\"https:\/\/www.dzagame.com\/ar\/?s={search_term_string}\"},\"query-input\":{\"@type\":\"PropertyValueSpecification\",\"valueRequired\":true,\"valueName\":\"search_term_string\"}}],\"inLanguage\":\"ar-AR\"},{\"@type\":\"Organization\",\"@id\":\"https:\/\/www.dzagame.com\/ar\/#organization\",\"name\":\"DZAGAME LTD\",\"url\":\"https:\/\/www.dzagame.com\/ar\/\",\"logo\":{\"@type\":\"ImageObject\",\"inLanguage\":\"ar-AR\",\"@id\":\"https:\/\/www.dzagame.com\/ar\/#\/schema\/logo\/image\/\",\"url\":\"https:\/\/www.dzagame.com\/wp-content\/uploads\/2021\/03\/dzagame-logo.png\",\"contentUrl\":\"https:\/\/www.dzagame.com\/wp-content\/uploads\/2021\/03\/dzagame-logo.png\",\"width\":100,\"height\":50,\"caption\":\"DZAGAME LTD\"},\"image\":{\"@id\":\"https:\/\/www.dzagame.com\/ar\/#\/schema\/logo\/image\/\"},\"sameAs\":[\"https:\/\/www.facebook.com\/dzagameStore\"]}]}<\/script>\n<meta property=\"product:price:amount\" content=\"50.00\" \/>\n<meta property=\"product:price:currency\" content=\"USD\" \/>\n<meta property=\"og:availability\" content=\"instock\" \/>\n<meta property=\"product:availability\" content=\"instock\" \/>\n<meta property=\"product:condition\" content=\"new\" \/>\n<!-- \/ Yoast SEO Premium plugin. -->","yoast_head_json":{"title":"ORCA PRO 12-Months activation code - DZAGAME","description":"ABONNEMENT ORCA PRO Et RENOUVELLEMENT IPTV pour tout les appareils android android en Haute Qualit\u00e9 (\u00a0 HD \u2013 FHD\u00a0 \u2013 H265 - 4K )","robots":{"index":"index","follow":"follow","max-snippet":"max-snippet:-1","max-image-preview":"max-image-preview:large","max-video-preview":"max-video-preview:-1"},"canonical":"https:\/\/www.dzagame.com\/ar\/shop\/orca-pro-ar\/orca-pro-12-months-activation-code\/","og_locale":"ar_AR","og_type":"article","og_title":"ORCA PRO 12-Months activation code","og_description":"ABONNEMENT ORCA PRO Et RENOUVELLEMENT IPTV pour tout les appareils android android en Haute Qualit\u00e9 (\u00a0 HD \u2013 FHD\u00a0 \u2013 H265 - 4K )","og_url":"https:\/\/www.dzagame.com\/ar\/shop\/orca-pro-ar\/orca-pro-12-months-activation-code\/","og_site_name":"DZAGAME","article_publisher":"https:\/\/www.facebook.com\/dzagameStore","article_modified_time":"2025-12-05T14:03:57+00:00","og_image":[{"width":200,"height":273,"url":"https:\/\/www.dzagame.com\/wp-content\/uploads\/2024\/04\/Orca-pro-plus-12months-active-code.webp","type":"image\/webp"}],"twitter_card":"summary_large_image","twitter_misc":{"Price":"USD&nbsp;50.00","Availability":"In stock"},"schema":{"@context":"https:\/\/schema.org","@graph":[{"@type":"WebPage","@id":"https:\/\/www.dzagame.com\/ar\/shop\/orca-pro-ar\/orca-pro-12-months-activation-code\/","url":"https:\/\/www.dzagame.com\/ar\/shop\/orca-pro-ar\/orca-pro-12-months-activation-code\/","name":"ORCA PRO 12-Months activation code - DZAGAME","isPartOf":{"@id":"https:\/\/www.dzagame.com\/ar\/#website"},"primaryImageOfPage":{"@id":"https:\/\/www.dzagame.com\/ar\/shop\/orca-pro-ar\/orca-pro-12-months-activation-code\/#primaryimage"},"image":{"@id":"https:\/\/www.dzagame.com\/ar\/shop\/orca-pro-ar\/orca-pro-12-months-activation-code\/#primaryimage"},"thumbnailUrl":"https:\/\/www.dzagame.com\/wp-content\/uploads\/2024\/04\/Orca-pro-plus-12months-active-code.webp","datePublished":"2024-04-22T12:17:13+00:00","dateModified":"2025-12-05T14:03:57+00:00","description":"ABONNEMENT ORCA PRO Et RENOUVELLEMENT IPTV pour tout les appareils android android en Haute Qualit\u00e9 (\u00a0 HD \u2013 FHD\u00a0 \u2013 H265 - 4K )","breadcrumb":{"@id":"https:\/\/www.dzagame.com\/ar\/shop\/orca-pro-ar\/orca-pro-12-months-activation-code\/#breadcrumb"},"inLanguage":"ar-AR","potentialAction":[{"@type":"ReadAction","target":["https:\/\/www.dzagame.com\/ar\/shop\/orca-pro-ar\/orca-pro-12-months-activation-code\/"]}]},{"@type":"ImageObject","inLanguage":"ar-AR","@id":"https:\/\/www.dzagame.com\/ar\/shop\/orca-pro-ar\/orca-pro-12-months-activation-code\/#primaryimage","url":"https:\/\/www.dzagame.com\/wp-content\/uploads\/2024\/04\/Orca-pro-plus-12months-active-code.webp","contentUrl":"https:\/\/www.dzagame.com\/wp-content\/uploads\/2024\/04\/Orca-pro-plus-12months-active-code.webp","width":200,"height":273,"caption":"Orca-pro-plus-12months-active-code"},{"@type":"BreadcrumbList","@id":"https:\/\/www.dzagame.com\/ar\/shop\/orca-pro-ar\/orca-pro-12-months-activation-code\/#breadcrumb","itemListElement":[{"@type":"ListItem","position":1,"name":"dzagame","item":"https:\/\/www.dzagame.com\/ar\/%d8%a7%d9%84%d8%b1%d8%a6%d9%8a%d8%b3%d9%8a%d8%a9\/"},{"@type":"ListItem","position":2,"name":"\u0627\u0644\u0645\u062a\u062c\u0631","item":"https:\/\/www.dzagame.com\/ar\/shop\/"},{"@type":"ListItem","position":3,"name":"ORCA PRO 12-Months activation code"}]},{"@type":"WebSite","@id":"https:\/\/www.dzagame.com\/ar\/#website","url":"https:\/\/www.dzagame.com\/ar\/","name":"DZAGAME","description":"DIGITAL ITEMS &amp; ONLINE SERVICES SELL","publisher":{"@id":"https:\/\/www.dzagame.com\/ar\/#organization"},"potentialAction":[{"@type":"SearchAction","target":{"@type":"EntryPoint","urlTemplate":"https:\/\/www.dzagame.com\/ar\/?s={search_term_string}"},"query-input":{"@type":"PropertyValueSpecification","valueRequired":true,"valueName":"search_term_string"}}],"inLanguage":"ar-AR"},{"@type":"Organization","@id":"https:\/\/www.dzagame.com\/ar\/#organization","name":"DZAGAME LTD","url":"https:\/\/www.dzagame.com\/ar\/","logo":{"@type":"ImageObject","inLanguage":"ar-AR","@id":"https:\/\/www.dzagame.com\/ar\/#\/schema\/logo\/image\/","url":"https:\/\/www.dzagame.com\/wp-content\/uploads\/2021\/03\/dzagame-logo.png","contentUrl":"https:\/\/www.dzagame.com\/wp-content\/uploads\/2021\/03\/dzagame-logo.png","width":100,"height":50,"caption":"DZAGAME LTD"},"image":{"@id":"https:\/\/www.dzagame.com\/ar\/#\/schema\/logo\/image\/"},"sameAs":["https:\/\/www.facebook.com\/dzagameStore"]}]},"product_price_amount":"50.00","product_price_currency":"USD","og_availability":"instock","product_availability":"instock","product_condition":"new"},"wcpa_form_fields":{"wcpaData":{"product":{"product_price":50,"price_html":"<span class=\"woocommerce-Price-amount amount\"><bdi><span class=\"woocommerce-Price-currencySymbol\">USD<\/span>&nbsp;50.00<\/bdi><\/span>","original_product_price":50,"price_including_tax":50,"price_excluding_tax":50,"product_id":{"parent":36322,"variation":false},"is_variable":false,"stock_status":"instock","stock_quantity":null,"parent_sku":"","product_attributes":[],"custom_fields":[],"is_taxable":false,"product_name":"ORCA PRO 12-Months activation code"},"fields":{"sec_66728894232713":{"extra":{"key":"sec_66728894232713","section_id":"sec_66728894232713","name":"Default","status":1,"cl_rule":"show","enableCl":false,"relations":[],"toggle":true,"title_tag":"h3","show_title":false,"showPrice":"default","form_id":35546,"form_rules":{"exclude_from_discount":false,"fee_label":"Fee","disp_hide_options_price":false,"disp_show_section_price":false,"disp_show_field_price":false,"layout_option":"standard","pric_use_as_fee":false,"process_fee_as":"custom"},"layout_option":"standard"},"fields":[[{"type":"select","required":true,"elementId":"wcpa-select-1712575680259","label":"device type: \u0646\u0648\u0639 \u0627\u0644\u062c\u0647\u0627\u0632","priceOptions":"different_for_all","pricingType":"fixed","name":"select-1712575680259","cl_rule":"show","col":"3","values":[{"label":"","value":"","price":"","pimage":"","pimage_id":"","pthumb":"","gt_translate_keys":["label"]},{"label":"d\u00e9mo","value":"d\u00e9mo","price":"","pimage":"","pimage_id":"","pthumb":"","gt_translate_keys":["label"]},{"label":"android ","value":"android","price":"","pimage":"","pimage_id":"","pthumb":"","gt_translate_keys":["label"]}],"relations":false,"active":true,"tooltip":"","error":false,"dropdown_type":"basic","enable_quantity":false,"quantity_label":"Quantity","enablePrice":false,"is_show_price":true,"gt_translate_keys":["label","tooltip","quantity_label"],"price_dependency":false,"cl_dependency":false,"value":""}]]}},"config":{"price_override":"maximum","enable_recaptcha":false,"bind_quantity":false,"quantity_bind_formula":false,"disp_summ_show_option_price":false,"disp_summ_show_product_price":false,"disp_summ_show_total_price":false,"disp_summ_show_fee":false,"disp_summ_show_discount":false,"summary_title":"","options_total_label":"Options Price","total_label":"Total","options_product_label":"Product Price","fee_label":"Fee","discount_label":"Discount","has_price":true,"has_quantity_formula":false},"mc_unit":1,"tax_rate":1,"tax_rate_real":1,"discount":{"percentage":0,"fixed":0},"design":{"conf":{"LabelPosition":"above","DescPosition":"above","UploadField":"custom_1","QuantityFieldStyle":"default"},"css":{"LeftLabelWidth":"120px"}},"formulas":[],"clones":false,"cartKey":false}},"_links":{"self":[{"href":"https:\/\/www.dzagame.com\/ar\/wp-json\/wp\/v2\/product\/36322","targetHints":{"allow":["GET"]}}],"collection":[{"href":"https:\/\/www.dzagame.com\/ar\/wp-json\/wp\/v2\/product"}],"about":[{"href":"https:\/\/www.dzagame.com\/ar\/wp-json\/wp\/v2\/types\/product"}],"wp:featuredmedia":[{"embeddable":true,"href":"https:\/\/www.dzagame.com\/ar\/wp-json\/wp\/v2\/media\/36327"}],"wp:attachment":[{"href":"https:\/\/www.dzagame.com\/ar\/wp-json\/wp\/v2\/media?parent=36322"}],"wp:term":[{"taxonomy":"product_brand","embeddable":true,"href":"https:\/\/www.dzagame.com\/ar\/wp-json\/wp\/v2\/product_brand?post=36322"},{"taxonomy":"product_cat","embeddable":true,"href":"https:\/\/www.dzagame.com\/ar\/wp-json\/wp\/v2\/product_cat?post=36322"},{"taxonomy":"product_tag","embeddable":true,"href":"https:\/\/www.dzagame.com\/ar\/wp-json\/wp\/v2\/product_tag?post=36322"}],"curies":[{"name":"wp","href":"https:\/\/api.w.org\/{rel}","templated":true}]}}