{"id":9887,"date":"2022-09-17T16:03:10","date_gmt":"2022-09-17T15:03:10","guid":{"rendered":"https:\/\/dzagame.com\/?post_type=product&#038;p=9887"},"modified":"2026-02-07T10:50:09","modified_gmt":"2026-02-07T09:50:09","slug":"gogo-iptv-activation","status":"publish","type":"product","link":"https:\/\/www.dzagame.com\/ar\/shop\/gogo-ar\/gogo-iptv-activation\/","title":{"rendered":"GOGO 12-Months activation code"},"content":{"rendered":"<h2 style=\"text-align: center;\">GOGO 12-Months activation code<\/h2>\n<p style=\"text-align: center;\"><span style=\"color: #ff0000; font-size: 22px;\"><strong>\u062d\u0627\u0644\u064a\u0627 \u062c\u0648\u062c\u0648 &#8220;GOGO&#8221; \u0645\u062a\u0648\u0642\u0641 \u0639\u0646 \u0627\u0644\u0639\u0645\u0644 \u0645\u0646\u0630 3\u0623\u0634\u0647\u0631.\u00a0 \u0644\u0627 \u064a\u0646\u0635\u062d \u0628\u0634\u0631\u0627\u0621\u0647 \u062d\u062a\u0649 \u0639\u0648\u062f\u0629 \u0627\u0644\u062a\u0637\u0628\u064a\u0642 \u0644\u0644\u0639\u0645\u0644<br \/>\n\u0627\u0644\u0628\u062f\u064a\u0644 \u0627\u0644\u0623\u0641\u0636\u0644 \u0647\u0648 Lynx \/ iron \u0639\u0644\u0649 \u062d\u0633\u0628 \u062a\u0648\u0627\u062c\u062f \u0627\u0644\u062a\u0637\u0628\u064a\u0642\u0627\u062a \u0627\u0644\u062a\u064a \u0644\u062f\u064a\u0643<br \/>\n\u0644\u0623\u0643\u062b\u0631 \u0645\u0639\u0644\u0648\u0645\u0627\u062a \u0631\u0627\u0633\u0644 \u0639\u0644\u0649 \u0627\u0644\u0648\u062a\u0633\u0627\u0628<\/strong><\/span><\/p>\n<p style=\"text-align: center;\"><span style=\"color: #ff0000;\">WhatsApp:<\/span> <a href=\"https:\/\/wa.me\/213553039009\" target=\"_blank\" rel=\"noopener\">https:\/\/wa.me\/213553039009<\/a><\/p>\n<div class=\"short-description\">\n<p>ABONNEMENT Et RENOUVELLEMENT GOGO IPTV 3 mois (GOGO 12-Months activation code ) pour tout les appareils et D\u00e9mo iCONE et Android.<\/p>\n<ul>\n<li>\n<h4><span style=\"color: #003366;\"><strong><span style=\"font-size: 18px;\">Appareils Compatabile:\u00a0<\/span><\/strong><\/span><\/h4>\n<\/li>\n<\/ul>\n<p>iCONE (IRON plus-Wegoo-Z-Zero-Z-One-Z-nano-Z-Formuler-Z-7+8-VOGUE Pro-RockPro-i-3030IP+ \u2013 i-3030 Pro \u2013 VOGUE One \u2013 i-3030 IP, GoGo V20,V23, Max, android..etc<\/p>\n<p>Profitez De Plus 5000 Chaines LIVE TV &amp; VOD &amp; S\u00e9rie<\/p>\n<p>\u2013 GOGO IPTV\u00a0 vous donne l\u2019acc\u00e8s \u00e0 plusieurs CHAINES EN DIRECT &amp; FILMS &amp; S\u00c9RIES T\u00c9L\u00c9VIS\u00c9ES De Tout Le Monde Plus De 5000 Cha\u00eene Haute Qualit\u00e9 (\u00a0 HD \u2013 FHD\u00a0 \u2013 H265 &#8211; 4K )<\/p>\n<div class=\"short-description\">\n<p>LES CHAINES BIEN ORGANISE PAR CAT\u00c9GORIES ET PAR PAYS<\/p>\n<\/div>\n<ul>\n<li>\n<h4><span style=\"color: #003366; font-size: 18px;\"><strong>How to download Gogo Prime apk for android:<\/strong><\/span><\/h4>\n<\/li>\n<\/ul>\n<p>Gogo Prime (Last version) :<\/p>\n<p>link1 : <a href=\"http:\/\/aftv.news\/3617728\" target=\"_blank\" rel=\"noopener\">http:\/\/aftv.news\/3617728<\/a><\/p>\n<p>ou<\/p>\n<p>link2 : <a href=\"https:\/\/www.mediafire.com\/file\/e79d2qclrg3e3p0\/GOGO_MASTER_CODE%25E2%259C%2585_.apk\/FILE\" target=\"_blank\" rel=\"noopener\">https:\/\/www.mediafire.com\/file\/e79d2qclrg3e3p0\/GOGO_MASTER_CODE%25E2%259C%2585_.apk\/FILE<\/a><\/p>\n<p>Downloader code: 3617728<\/p>\n<\/div>\n<ul>\n<li>\n<h4><span style=\"color: #003366; font-size: 18px;\"><strong>How to download Gogo V20 apk for android:<\/strong><\/span><\/h4>\n<\/li>\n<\/ul>\n<p>Gogo V20 version 1.4 : <a href=\"https:\/\/iptv-pro2.com\/Apk\/GOGOV20_1.4.apk\">https:\/\/iptv-pro2.com\/Apk\/GOGOV20_1.4.apk<\/a><\/p>\n<p>Downloader code: 576123<\/p>\n<p>Gogo V20 version 1.7 : <a href=\"https:\/\/aftv.news\/454870\">https:\/\/aftv.news\/454870<\/a><\/p>\n<p>Downloader code: 454870<\/p>\n<ul>\n<li>\n<h4><span style=\"color: #003366; font-size: 18px;\"><strong>How to download Gogo V23 apk for Android:<\/strong><\/span><\/h4>\n<\/li>\n<\/ul>\n<p>Gogo V20 version 1.7 : <a href=\"https:\/\/aftv.news\/603938\">https:\/\/aftv.news\/603938<\/a><\/p>\n<p>Downloader code: 603938<\/p>\n<ul>\n<li>\n<h4><span style=\"color: #003366; font-size: 18px;\"><strong>How to download Gogo Max apk for Android:<\/strong><\/span><\/h4>\n<\/li>\n<\/ul>\n<p>GoGo max apk: <a href=\"https:\/\/go.aftvnews.com\/820565\">https:\/\/go.aftvnews.com\/820565<\/a><\/p>\n<p>Downloader code: 820565 or 603938<\/p>\n<ul>\n<li>\n<h4><span style=\"color: #003366; font-size: 18px;\"><strong>How to download IPTV Smarter Pro apk for Android:<\/strong><\/span><\/h4>\n<\/li>\n<\/ul>\n<p>IPTV smarter Pro: https:\/\/aftv.news\/940014<\/p>\n<p>Downloader code: 940014<\/p>\n<p>&nbsp;<\/p>\n<ul>\n<li><span style=\"color: #003366;\"><strong>HOW TO CONVERT GOGO IPTV CODE TO XTREAM OR STALKER:<\/strong><\/span><\/li>\n<\/ul>\n<p>GOGO STALKER Host : http:\/\/38gb.pro\/c\/<\/p>\n<p>GOGO XTREAM Host : http:\/\/38gb.pro<\/p>\n<p>GET YOUR GOGO user and password\u00a0 = if your code <span style=\"color: #ff0000;\">773466346<span style=\"color: #339966;\">436346<\/span><\/span> so the user is = 773466346 and password is = <span style=\"color: #339966;\">436346<\/span><\/p>\n<p>&nbsp;<\/p>\n<ul>\n<li>\n<h4><span style=\"color: #003366; font-size: 18px;\"><strong>HOW TO CONVERT GOGO XTREAM TO M3U LINK:<\/strong><\/span><\/h4>\n<\/li>\n<\/ul>\n<p>http:\/\/38gb.pro:8080\/get.php?username=<span style=\"color: #ff0000;\">USER<\/span>&amp;password=<span style=\"color: #339966;\">PASS<\/span>&amp;type=m3u_plus&amp;output=mpegts<\/p>\n<p>OR<\/p>\n<p>http:\/\/api.oneiptv.tv\/iptv\/m3u.php?username=<span style=\"color: #ff0000;\">USER<\/span>&amp;password=<span style=\"color: #339966;\">PASS<\/span><\/p>\n<p>OR<\/p>\n<p>http:\/\/iptv.oneiptv.tv:8080\/get.php?username=<span style=\"color: #ff0000;\">USER<\/span>&amp;password=<span style=\"color: #339966;\">PASS<\/span>&amp;type=iptvlst&amp;output=ts<\/p>\n<p>&nbsp;<\/p>\n<ul>\n<li>\n<h4><span style=\"color: #003366; font-size: 18px;\"><strong>How to change the Mac address for GOGO:<\/strong><\/span><\/h4>\n<\/li>\n<\/ul>\n<p>login to your client area here: https:\/\/mac.gogo-iptv.com\/login.php<\/p>\n<p>&nbsp;<\/p>\n<p>Pour plus d\u2019information &amp;\u00a0 instructions Toute demande contacter nous<\/p>\n<p>&nbsp;<\/p>\n<p>our GOGO Telegram channels: <a href=\"https:\/\/t.me\/gogo_news\">https:\/\/t.me\/gogo_news<\/a><\/p>\n<div class=\"short-description\">\n<ul>\n<li>\n<h4><span style=\"color: #003366; font-size: 18px;\"><strong>DZAGAME SUPPORT<\/strong><\/span><\/h4>\n<\/li>\n<\/ul>\n<p>if you need any help don\u2019t hesitate to get in touch with us on WhatsApp:\u00a0<a href=\"https:\/\/aftv.news\/458960\">+213553039009<\/a><\/p>\n<\/div>\n<p><a class=\"LinkSuggestion__Link-sc-1gewdgc-4 cLBplk\" href=\"https:\/\/www.dzagame.com\/en\/shop\/iptv\/gogo\/gogo-3-months-activation-code\/\" target=\"_blank\" rel=\"noopener\">GOGO 3-Months activation code<span class=\"sc-gswNZR eASTkv\">(Opens in a new browser tab)<\/span><\/a><\/p>\n<div class=\"short-description\"><\/div>\n","protected":false},"excerpt":{"rendered":"<p style=\"text-align: center;\"><span style=\"color: #ff0000; font-size: 22px;\"><strong>\u062d\u0627\u0644\u064a\u0627 \u062c\u0648\u062c\u0648 &#8220;GOGO&#8221; \u0645\u062a\u0648\u0642\u0641 \u0639\u0646 \u0627\u0644\u0639\u0645\u0644 \u0645\u0646\u0630 3\u0623\u0634\u0647\u0631.\u00a0 \u0644\u0627 \u064a\u0646\u0635\u062d \u0628\u0634\u0631\u0627\u0621\u0647 \u062d\u062a\u0649 \u0639\u0648\u062f\u0629 \u0627\u0644\u062a\u0637\u0628\u064a\u0642 \u0644\u0644\u0639\u0645\u0644<br \/>\n\u0627\u0644\u0628\u062f\u064a\u0644 \u0627\u0644\u0623\u0641\u0636\u0644 \u0647\u0648 Lynx \/ iron \u0639\u0644\u0649 \u062d\u0633\u0628 \u062a\u0648\u0627\u062c\u062f \u0627\u0644\u062a\u0637\u0628\u064a\u0642\u0627\u062a \u0627\u0644\u062a\u064a \u0644\u062f\u064a\u0643<br \/>\n\u0644\u0623\u0643\u062b\u0631 \u0645\u0639\u0644\u0648\u0645\u0627\u062a \u0631\u0627\u0633\u0644 \u0639\u0644\u0649 \u0627\u0644\u0648\u062a\u0633\u0627\u0628<\/strong><\/span><\/p>\n<p style=\"text-align: center;\"><span style=\"color: #ff0000;\">WhatsApp:<\/span> <a href=\"https:\/\/wa.me\/213553039009\" target=\"_blank\" rel=\"noopener\">https:\/\/wa.me\/213553039009<\/a><\/p>\n","protected":false},"featured_media":9950,"template":"","meta":[],"product_brand":[],"product_cat":[792,464],"product_tag":[785,460],"class_list":{"0":"post-9887","1":"product","2":"type-product","3":"status-publish","4":"has-post-thumbnail","6":"product_cat-gogo","7":"product_cat-iptv","8":"product_tag-gogo","9":"product_tag-iptv","11":"first","12":"outofstock","13":"virtual","14":"sold-individually","15":"purchasable","16":"product-type-simple"},"yoast_head":"<!-- This site is optimized with the Yoast SEO Premium plugin v23.3 (Yoast SEO v27.0) - https:\/\/yoast.com\/product\/yoast-seo-premium-wordpress\/ -->\n<title>GOGO 12-Months activation code - DZAGAME<\/title>\n<meta name=\"description\" content=\"ABONNEMENT GOGO Et RENOUVELLEMENT GOGO IPTV pour tout les appareils et D\u00e9mo iCONE, GoGo V20,V23, Max, android..etc, Haute Qualit\u00e9 (\u00a0 HD \u2013 FHD\u00a0 \u2013 H265 - 4K )\" \/>\n<meta name=\"robots\" content=\"index, follow, max-snippet:-1, max-image-preview:large, max-video-preview:-1\" \/>\n<link rel=\"canonical\" href=\"https:\/\/www.dzagame.com\/ar\/shop\/gogo-ar\/gogo-iptv-activation\/\" \/>\n<meta property=\"og:locale\" content=\"ar_AR\" \/>\n<meta property=\"og:type\" content=\"article\" \/>\n<meta property=\"og:title\" content=\"GOGO 12-Months activation code\" \/>\n<meta property=\"og:description\" content=\"ABONNEMENT GOGO Et RENOUVELLEMENT GOGO IPTV pour tout les appareils et D\u00e9mo iCONE, GoGo V20,V23, Max, android..etc, Haute Qualit\u00e9 (\u00a0 HD \u2013 FHD\u00a0 \u2013 H265 - 4K )\" \/>\n<meta property=\"og:url\" content=\"https:\/\/www.dzagame.com\/ar\/shop\/gogo-ar\/gogo-iptv-activation\/\" \/>\n<meta property=\"og:site_name\" content=\"DZAGAME\" \/>\n<meta property=\"article:publisher\" content=\"https:\/\/www.facebook.com\/dzagameStore\" \/>\n<meta property=\"article:modified_time\" content=\"2026-02-07T09:50:09+00:00\" \/>\n<meta property=\"og:image\" content=\"https:\/\/www.dzagame.com\/wp-content\/uploads\/2022\/09\/gogo-iptv-activation.webp\" \/>\n\t<meta property=\"og:image:width\" content=\"200\" \/>\n\t<meta property=\"og:image:height\" content=\"273\" \/>\n\t<meta property=\"og:image:type\" content=\"image\/webp\" \/>\n<meta name=\"twitter:card\" content=\"summary_large_image\" \/>\n<meta name=\"twitter:label1\" content=\"Price\" \/>\n\t<meta name=\"twitter:data1\" content=\"USD&nbsp;30.00\" \/>\n\t<meta name=\"twitter:label2\" content=\"Availability\" \/>\n\t<meta name=\"twitter:data2\" content=\"\u063a\u064a\u0631 \u0645\u062a\u0648\u0641\u0631 \u0641\u064a \u0627\u0644\u0645\u062e\u0632\u0648\u0646\" \/>\n<script type=\"application\/ld+json\" class=\"yoast-schema-graph\">{\"@context\":\"https:\/\/schema.org\",\"@graph\":[{\"@type\":\"WebPage\",\"@id\":\"https:\/\/www.dzagame.com\/ar\/shop\/gogo-ar\/gogo-iptv-activation\/\",\"url\":\"https:\/\/www.dzagame.com\/ar\/shop\/gogo-ar\/gogo-iptv-activation\/\",\"name\":\"GOGO 12-Months activation code - DZAGAME\",\"isPartOf\":{\"@id\":\"https:\/\/www.dzagame.com\/ar\/#website\"},\"primaryImageOfPage\":{\"@id\":\"https:\/\/www.dzagame.com\/ar\/shop\/gogo-ar\/gogo-iptv-activation\/#primaryimage\"},\"image\":{\"@id\":\"https:\/\/www.dzagame.com\/ar\/shop\/gogo-ar\/gogo-iptv-activation\/#primaryimage\"},\"thumbnailUrl\":\"https:\/\/www.dzagame.com\/wp-content\/uploads\/2022\/09\/gogo-iptv-activation.webp\",\"datePublished\":\"2022-09-17T15:03:10+00:00\",\"dateModified\":\"2026-02-07T09:50:09+00:00\",\"description\":\"ABONNEMENT GOGO Et RENOUVELLEMENT GOGO IPTV pour tout les appareils et D\u00e9mo iCONE, GoGo V20,V23, Max, android..etc, Haute Qualit\u00e9 (\u00a0 HD \u2013 FHD\u00a0 \u2013 H265 - 4K )\",\"breadcrumb\":{\"@id\":\"https:\/\/www.dzagame.com\/ar\/shop\/gogo-ar\/gogo-iptv-activation\/#breadcrumb\"},\"inLanguage\":\"ar-AR\",\"potentialAction\":[{\"@type\":\"ReadAction\",\"target\":[\"https:\/\/www.dzagame.com\/ar\/shop\/gogo-ar\/gogo-iptv-activation\/\"]}]},{\"@type\":\"ImageObject\",\"inLanguage\":\"ar-AR\",\"@id\":\"https:\/\/www.dzagame.com\/ar\/shop\/gogo-ar\/gogo-iptv-activation\/#primaryimage\",\"url\":\"https:\/\/www.dzagame.com\/wp-content\/uploads\/2022\/09\/gogo-iptv-activation.webp\",\"contentUrl\":\"https:\/\/www.dzagame.com\/wp-content\/uploads\/2022\/09\/gogo-iptv-activation.webp\",\"width\":200,\"height\":273,\"caption\":\"gogo-iptv-activation\"},{\"@type\":\"BreadcrumbList\",\"@id\":\"https:\/\/www.dzagame.com\/ar\/shop\/gogo-ar\/gogo-iptv-activation\/#breadcrumb\",\"itemListElement\":[{\"@type\":\"ListItem\",\"position\":1,\"name\":\"dzagame\",\"item\":\"https:\/\/www.dzagame.com\/ar\/%d8%a7%d9%84%d8%b1%d8%a6%d9%8a%d8%b3%d9%8a%d8%a9\/\"},{\"@type\":\"ListItem\",\"position\":2,\"name\":\"\u0627\u0644\u0645\u062a\u062c\u0631\",\"item\":\"https:\/\/www.dzagame.com\/ar\/shop\/\"},{\"@type\":\"ListItem\",\"position\":3,\"name\":\"GOGO 12-Months activation code\"}]},{\"@type\":\"WebSite\",\"@id\":\"https:\/\/www.dzagame.com\/ar\/#website\",\"url\":\"https:\/\/www.dzagame.com\/ar\/\",\"name\":\"DZAGAME\",\"description\":\"DIGITAL ITEMS &amp; ONLINE SERVICES SELL\",\"publisher\":{\"@id\":\"https:\/\/www.dzagame.com\/ar\/#organization\"},\"potentialAction\":[{\"@type\":\"SearchAction\",\"target\":{\"@type\":\"EntryPoint\",\"urlTemplate\":\"https:\/\/www.dzagame.com\/ar\/?s={search_term_string}\"},\"query-input\":{\"@type\":\"PropertyValueSpecification\",\"valueRequired\":true,\"valueName\":\"search_term_string\"}}],\"inLanguage\":\"ar-AR\"},{\"@type\":\"Organization\",\"@id\":\"https:\/\/www.dzagame.com\/ar\/#organization\",\"name\":\"DZAGAME LTD\",\"url\":\"https:\/\/www.dzagame.com\/ar\/\",\"logo\":{\"@type\":\"ImageObject\",\"inLanguage\":\"ar-AR\",\"@id\":\"https:\/\/www.dzagame.com\/ar\/#\/schema\/logo\/image\/\",\"url\":\"https:\/\/www.dzagame.com\/wp-content\/uploads\/2021\/03\/dzagame-logo.png\",\"contentUrl\":\"https:\/\/www.dzagame.com\/wp-content\/uploads\/2021\/03\/dzagame-logo.png\",\"width\":100,\"height\":50,\"caption\":\"DZAGAME LTD\"},\"image\":{\"@id\":\"https:\/\/www.dzagame.com\/ar\/#\/schema\/logo\/image\/\"},\"sameAs\":[\"https:\/\/www.facebook.com\/dzagameStore\"]}]}<\/script>\n<meta property=\"product:price:amount\" content=\"30.00\" \/>\n<meta property=\"product:price:currency\" content=\"USD\" \/>\n<meta property=\"og:availability\" content=\"out of stock\" \/>\n<meta property=\"product:availability\" content=\"out of stock\" \/>\n<meta property=\"product:condition\" content=\"new\" \/>\n<!-- \/ Yoast SEO Premium plugin. -->","yoast_head_json":{"title":"GOGO 12-Months activation code - DZAGAME","description":"ABONNEMENT GOGO Et RENOUVELLEMENT GOGO IPTV pour tout les appareils et D\u00e9mo iCONE, GoGo V20,V23, Max, android..etc, Haute Qualit\u00e9 (\u00a0 HD \u2013 FHD\u00a0 \u2013 H265 - 4K )","robots":{"index":"index","follow":"follow","max-snippet":"max-snippet:-1","max-image-preview":"max-image-preview:large","max-video-preview":"max-video-preview:-1"},"canonical":"https:\/\/www.dzagame.com\/ar\/shop\/gogo-ar\/gogo-iptv-activation\/","og_locale":"ar_AR","og_type":"article","og_title":"GOGO 12-Months activation code","og_description":"ABONNEMENT GOGO Et RENOUVELLEMENT GOGO IPTV pour tout les appareils et D\u00e9mo iCONE, GoGo V20,V23, Max, android..etc, Haute Qualit\u00e9 (\u00a0 HD \u2013 FHD\u00a0 \u2013 H265 - 4K )","og_url":"https:\/\/www.dzagame.com\/ar\/shop\/gogo-ar\/gogo-iptv-activation\/","og_site_name":"DZAGAME","article_publisher":"https:\/\/www.facebook.com\/dzagameStore","article_modified_time":"2026-02-07T09:50:09+00:00","og_image":[{"width":200,"height":273,"url":"https:\/\/www.dzagame.com\/wp-content\/uploads\/2022\/09\/gogo-iptv-activation.webp","type":"image\/webp"}],"twitter_card":"summary_large_image","twitter_misc":{"Price":"USD&nbsp;30.00","Availability":"\u063a\u064a\u0631 \u0645\u062a\u0648\u0641\u0631 \u0641\u064a \u0627\u0644\u0645\u062e\u0632\u0648\u0646"},"schema":{"@context":"https:\/\/schema.org","@graph":[{"@type":"WebPage","@id":"https:\/\/www.dzagame.com\/ar\/shop\/gogo-ar\/gogo-iptv-activation\/","url":"https:\/\/www.dzagame.com\/ar\/shop\/gogo-ar\/gogo-iptv-activation\/","name":"GOGO 12-Months activation code - DZAGAME","isPartOf":{"@id":"https:\/\/www.dzagame.com\/ar\/#website"},"primaryImageOfPage":{"@id":"https:\/\/www.dzagame.com\/ar\/shop\/gogo-ar\/gogo-iptv-activation\/#primaryimage"},"image":{"@id":"https:\/\/www.dzagame.com\/ar\/shop\/gogo-ar\/gogo-iptv-activation\/#primaryimage"},"thumbnailUrl":"https:\/\/www.dzagame.com\/wp-content\/uploads\/2022\/09\/gogo-iptv-activation.webp","datePublished":"2022-09-17T15:03:10+00:00","dateModified":"2026-02-07T09:50:09+00:00","description":"ABONNEMENT GOGO Et RENOUVELLEMENT GOGO IPTV pour tout les appareils et D\u00e9mo iCONE, GoGo V20,V23, Max, android..etc, Haute Qualit\u00e9 (\u00a0 HD \u2013 FHD\u00a0 \u2013 H265 - 4K )","breadcrumb":{"@id":"https:\/\/www.dzagame.com\/ar\/shop\/gogo-ar\/gogo-iptv-activation\/#breadcrumb"},"inLanguage":"ar-AR","potentialAction":[{"@type":"ReadAction","target":["https:\/\/www.dzagame.com\/ar\/shop\/gogo-ar\/gogo-iptv-activation\/"]}]},{"@type":"ImageObject","inLanguage":"ar-AR","@id":"https:\/\/www.dzagame.com\/ar\/shop\/gogo-ar\/gogo-iptv-activation\/#primaryimage","url":"https:\/\/www.dzagame.com\/wp-content\/uploads\/2022\/09\/gogo-iptv-activation.webp","contentUrl":"https:\/\/www.dzagame.com\/wp-content\/uploads\/2022\/09\/gogo-iptv-activation.webp","width":200,"height":273,"caption":"gogo-iptv-activation"},{"@type":"BreadcrumbList","@id":"https:\/\/www.dzagame.com\/ar\/shop\/gogo-ar\/gogo-iptv-activation\/#breadcrumb","itemListElement":[{"@type":"ListItem","position":1,"name":"dzagame","item":"https:\/\/www.dzagame.com\/ar\/%d8%a7%d9%84%d8%b1%d8%a6%d9%8a%d8%b3%d9%8a%d8%a9\/"},{"@type":"ListItem","position":2,"name":"\u0627\u0644\u0645\u062a\u062c\u0631","item":"https:\/\/www.dzagame.com\/ar\/shop\/"},{"@type":"ListItem","position":3,"name":"GOGO 12-Months activation code"}]},{"@type":"WebSite","@id":"https:\/\/www.dzagame.com\/ar\/#website","url":"https:\/\/www.dzagame.com\/ar\/","name":"DZAGAME","description":"DIGITAL ITEMS &amp; ONLINE SERVICES SELL","publisher":{"@id":"https:\/\/www.dzagame.com\/ar\/#organization"},"potentialAction":[{"@type":"SearchAction","target":{"@type":"EntryPoint","urlTemplate":"https:\/\/www.dzagame.com\/ar\/?s={search_term_string}"},"query-input":{"@type":"PropertyValueSpecification","valueRequired":true,"valueName":"search_term_string"}}],"inLanguage":"ar-AR"},{"@type":"Organization","@id":"https:\/\/www.dzagame.com\/ar\/#organization","name":"DZAGAME LTD","url":"https:\/\/www.dzagame.com\/ar\/","logo":{"@type":"ImageObject","inLanguage":"ar-AR","@id":"https:\/\/www.dzagame.com\/ar\/#\/schema\/logo\/image\/","url":"https:\/\/www.dzagame.com\/wp-content\/uploads\/2021\/03\/dzagame-logo.png","contentUrl":"https:\/\/www.dzagame.com\/wp-content\/uploads\/2021\/03\/dzagame-logo.png","width":100,"height":50,"caption":"DZAGAME LTD"},"image":{"@id":"https:\/\/www.dzagame.com\/ar\/#\/schema\/logo\/image\/"},"sameAs":["https:\/\/www.facebook.com\/dzagameStore"]}]},"product_price_amount":"30.00","product_price_currency":"USD","og_availability":"out of stock","product_availability":"out of stock","product_condition":"new"},"wcpa_form_fields":null,"_links":{"self":[{"href":"https:\/\/www.dzagame.com\/ar\/wp-json\/wp\/v2\/product\/9887","targetHints":{"allow":["GET"]}}],"collection":[{"href":"https:\/\/www.dzagame.com\/ar\/wp-json\/wp\/v2\/product"}],"about":[{"href":"https:\/\/www.dzagame.com\/ar\/wp-json\/wp\/v2\/types\/product"}],"wp:featuredmedia":[{"embeddable":true,"href":"https:\/\/www.dzagame.com\/ar\/wp-json\/wp\/v2\/media\/9950"}],"wp:attachment":[{"href":"https:\/\/www.dzagame.com\/ar\/wp-json\/wp\/v2\/media?parent=9887"}],"wp:term":[{"taxonomy":"product_brand","embeddable":true,"href":"https:\/\/www.dzagame.com\/ar\/wp-json\/wp\/v2\/product_brand?post=9887"},{"taxonomy":"product_cat","embeddable":true,"href":"https:\/\/www.dzagame.com\/ar\/wp-json\/wp\/v2\/product_cat?post=9887"},{"taxonomy":"product_tag","embeddable":true,"href":"https:\/\/www.dzagame.com\/ar\/wp-json\/wp\/v2\/product_tag?post=9887"}],"curies":[{"name":"wp","href":"https:\/\/api.w.org\/{rel}","templated":true}]}}