{"id":10105,"date":"2022-09-20T09:25:35","date_gmt":"2022-09-20T08:25:35","guid":{"rendered":"https:\/\/dzagame.com\/?post_type=product&#038;p=10105"},"modified":"2024-01-31T23:40:52","modified_gmt":"2024-01-31T22:40:52","slug":"slytv-reseller-panel","status":"publish","type":"product","link":"https:\/\/www.dzagame.com\/en\/shop\/uncategorized\/resellers\/slytv-reseller-panel\/","title":{"rendered":"SLYTV Reseller Panel"},"content":{"rendered":"<h1 style=\"text-align: center;\">SlyTv Panel for Resellers<\/h1>\n<h2 style=\"text-align: center;\">Panel Revendeur SlyTV<\/h2>\n<p><a href=\"https:\/\/dzagame.com\/wp-content\/uploads\/2022\/09\/slytv-panel.webp\" target=\"_blank\" rel=\"noopener\"><img fetchpriority=\"high\" decoding=\"async\" class=\"aligncenter wp-image-10106\" title=\"slytv panel reseller\" src=\"https:\/\/dzagame.com\/wp-content\/uploads\/2022\/09\/slytv-panel-1024x696.webp\" alt=\"slytv panel reseller\" width=\"675\" height=\"459\" srcset=\"https:\/\/www.dzagame.com\/wp-content\/uploads\/2022\/09\/slytv-panel-640x435.webp 640w, https:\/\/www.dzagame.com\/wp-content\/uploads\/2022\/09\/slytv-panel-400x272.webp 400w\" sizes=\"(max-width: 675px) 100vw, 675px\" \/><\/a><\/p>\n<p>&nbsp;<\/p>\n<p><strong>What I will get with SlyTv Reseller panel<\/strong><\/p>\n<p>You will get 10 points<\/p>\n<ul>\n<li>Creating a code for 1 month = Cost 0.15 point<\/li>\n<li>Creating a code for 3 months = Cost 0.30 point<\/li>\n<li>Creating a code for 6 months = Cost 0.60 point<\/li>\n<li>Creating a code for 12 months = Cost 1 point<\/li>\n<\/ul>\n<h3>Reseller <a href=\"https:\/\/dzagame.com\/en\/shop\/iptv\/slytv-reseller-panel\/\">panel <\/a>advantage:<\/h3>\n<p>admin dashboard gives you full control of your codes or users:<\/p>\n<ul>\n<li>add codes\/user\/mag<\/li>\n<li>get m3u or <i>xtream <\/i>info for any code or user<\/li>\n<li>renew the same code<\/li>\n<li>deactivate Codes<\/li>\n<li>get <strong>50 tests<\/strong> every day<\/li>\n<li>you can see online users and control what they watching<\/li>\n<li>period control (1 month, 3 months, 6 months, 12 months)<\/li>\n<li>Bouquets control (add or remove Bouquets)<\/li>\n<li>Override General Country Restriction<\/li>\n<li>bulk generate<\/li>\n<li>you can recharge your points balance anytime you want via <a href=\"http:\/\/www.dzgame.com\">DZAGAME<\/a>.<\/li>\n<\/ul>\n<p>if you have a question or you need support please contact us via Whatsapp line: <a href=\"https:\/\/aftv.news\/458960\">+213553039009<\/a>\u00a0or via email at <a href=\"mailto:contact@dzgame.com\">contact@dzgame.com<\/a><\/p>\n<p>slytv telegram channel: <a href=\"https:\/\/t.me\/slytv_news\">https:\/\/t.me\/slytv_news<\/a><\/p>\n<p>Rejoignez nos cha\u00eenes pour voir toutes nos actualit\u00e9s et d\u00e9couvrir les nouveaut\u00e9s\u00a0:<\/p>\n<p>WhatsApp<img decoding=\"async\" class=\"emoji\" role=\"img\" draggable=\"false\" src=\"https:\/\/s.w.org\/images\/core\/emoji\/14.0.0\/svg\/1f449.svg\" alt=\"\ud83d\udc49\" \/>:\u00a0<a href=\"https:\/\/chat.whatsapp.com\/H0IJWubjaRcBLig4JDfq6W\">https:\/\/chat.whatsapp.com\/H0IJWubjaRcBLig4JDfq6W<\/a><\/p>\n<p>Telegram<img decoding=\"async\" class=\"emoji\" role=\"img\" draggable=\"false\" src=\"https:\/\/s.w.org\/images\/core\/emoji\/14.0.0\/svg\/1f449.svg\" alt=\"\ud83d\udc49\" \/>:\u00a0<a href=\"https:\/\/t.me\/dzagame_store\">https:\/\/t.me\/dzagame_store<\/a><\/p>\n<h3><span style=\"color: #000000;\">Here are some other panels we have:<\/span><\/h3>\n<p><a class=\"LinkSuggestion__Link-sc-1gewdgc-4 cLBplk\" href=\"https:\/\/www.dzagame.com\/en\/shop\/uncategorized\/resellers\/king365-reseller-panel\/\" target=\"_blank\" rel=\"noopener\">KING365 Reseller panel<span class=\"sc-gswNZR eASTkv\">(Opens in a new browser tab)<\/span><\/a><\/p>\n<p><a class=\"LinkSuggestion__Link-sc-1gewdgc-4 cLBplk\" href=\"https:\/\/www.dzagame.com\/en\/shop\/uncategorized\/resellers\/king4k-reseller-panel\/\" target=\"_blank\" rel=\"noopener\">KING4K Reseller panel<span class=\"sc-gswNZR eASTkv\">(Opens in a new browser tab)<\/span><\/a><\/p>\n<p><a class=\"LinkSuggestion__Link-sc-1gewdgc-4 cLBplk\" href=\"https:\/\/www.dzagame.com\/en\/shop\/uncategorized\/resellers\/strong4k-reseller-panel\/\" target=\"_blank\" rel=\"noopener\">STRONG4K Reseller panel(Opens in a new browser tab)<\/a><\/p>\n<p><a class=\"LinkSuggestion__Link-sc-1gewdgc-4 cLBplk\" href=\"https:\/\/www.dzagame.com\/en\/shop\/uncategorized\/resellers\/iron-reseller-panel\/\" target=\"_blank\" rel=\"noopener\">IRON PRO Reseller panel<span class=\"sc-gswNZR eASTkv\">(Opens in a new browser tab)<\/span><\/a><\/p>\n<p><a class=\"LinkSuggestion__Link-sc-1gewdgc-4 cLBplk\" href=\"https:\/\/www.dzagame.com\/en\/shop\/uncategorized\/resellers\/lynx-reseller-panel\/\" target=\"_blank\" rel=\"noopener\">Lynx Reseller panel<span class=\"sc-gswNZR eASTkv\">(Opens in a new browser tab)<\/span><\/a><\/p>\n<p><a class=\"LinkSuggestion__Link-sc-1gewdgc-4 cLBplk\" href=\"https:\/\/www.dzagame.com\/en\/shop\/uncategorized\/resellers\/mega-star-reseller-panel\/\" target=\"_blank\" rel=\"noopener\">Mega Star Reseller panel<span class=\"sc-gswNZR eASTkv\">(Opens in a new browser tab)<\/span><\/a><\/p>\n<p>&nbsp;<\/p>\n","protected":false},"excerpt":{"rendered":"<p>SLYTV Reseller Panel (Panel Revendeur SLYTV) admin dashboard gives you full control of your codes or users: add codes\/ user, get m3u or xtream info for any code or user, and renew..<\/p>\n","protected":false},"featured_media":10110,"template":"","meta":[],"product_brand":[],"product_cat":[647],"product_tag":[648,545],"class_list":{"0":"post-10105","1":"product","2":"type-product","3":"status-publish","4":"has-post-thumbnail","6":"product_cat-resellers","7":"product_tag-reseller-panel","8":"product_tag-slytv","10":"first","11":"instock","12":"virtual","13":"purchasable","14":"product-type-simple"},"yoast_head":"<!-- This site is optimized with the Yoast SEO Premium plugin v23.3 (Yoast SEO v27.0) - https:\/\/yoast.com\/product\/yoast-seo-premium-wordpress\/ -->\n<title>SLYTV Reseller Panel - DZAGAME<\/title>\n<meta name=\"description\" content=\"slytv admin dashboard gives you full control of your codes or users: add codes, get m3u or xtream info for any code or user, and renew...\" \/>\n<meta name=\"robots\" content=\"index, follow, max-snippet:-1, max-image-preview:large, max-video-preview:-1\" \/>\n<link rel=\"canonical\" href=\"https:\/\/www.dzagame.com\/en\/shop\/uncategorized\/resellers\/slytv-reseller-panel\/\" \/>\n<meta property=\"og:locale\" content=\"en_US\" \/>\n<meta property=\"og:type\" content=\"article\" \/>\n<meta property=\"og:title\" content=\"SLYTV Reseller Panel\" \/>\n<meta property=\"og:description\" content=\"slytv admin dashboard gives you full control of your codes or users: add codes, get m3u or xtream info for any code or user, and renew...\" \/>\n<meta property=\"og:url\" content=\"https:\/\/www.dzagame.com\/en\/shop\/uncategorized\/resellers\/slytv-reseller-panel\/\" \/>\n<meta property=\"og:site_name\" content=\"DZAGAME\" \/>\n<meta property=\"article:publisher\" content=\"https:\/\/www.facebook.com\/dzagameStore\" \/>\n<meta property=\"article:modified_time\" content=\"2024-01-31T22:40:52+00:00\" \/>\n<meta property=\"og:image\" content=\"https:\/\/www.dzagame.com\/wp-content\/uploads\/2022\/09\/slytv-reseller-panel.webp\" \/>\n\t<meta property=\"og:image:width\" content=\"200\" \/>\n\t<meta property=\"og:image:height\" content=\"273\" \/>\n\t<meta property=\"og:image:type\" content=\"image\/webp\" \/>\n<meta name=\"twitter:card\" content=\"summary_large_image\" \/>\n<meta name=\"twitter:label1\" content=\"Price\" \/>\n\t<meta name=\"twitter:data1\" content=\"USD&nbsp;153.00\" \/>\n\t<meta name=\"twitter:label2\" content=\"Availability\" \/>\n\t<meta name=\"twitter:data2\" content=\"In stock\" \/>\n<script type=\"application\/ld+json\" class=\"yoast-schema-graph\">{\"@context\":\"https:\/\/schema.org\",\"@graph\":[{\"@type\":\"WebPage\",\"@id\":\"https:\/\/www.dzagame.com\/en\/shop\/uncategorized\/resellers\/slytv-reseller-panel\/\",\"url\":\"https:\/\/www.dzagame.com\/en\/shop\/uncategorized\/resellers\/slytv-reseller-panel\/\",\"name\":\"SLYTV Reseller Panel - DZAGAME\",\"isPartOf\":{\"@id\":\"https:\/\/www.dzagame.com\/en\/#website\"},\"primaryImageOfPage\":{\"@id\":\"https:\/\/www.dzagame.com\/en\/shop\/uncategorized\/resellers\/slytv-reseller-panel\/#primaryimage\"},\"image\":{\"@id\":\"https:\/\/www.dzagame.com\/en\/shop\/uncategorized\/resellers\/slytv-reseller-panel\/#primaryimage\"},\"thumbnailUrl\":\"https:\/\/www.dzagame.com\/wp-content\/uploads\/2022\/09\/slytv-reseller-panel.webp\",\"datePublished\":\"2022-09-20T08:25:35+00:00\",\"dateModified\":\"2024-01-31T22:40:52+00:00\",\"description\":\"slytv admin dashboard gives you full control of your codes or users: add codes, get m3u or xtream info for any code or user, and renew...\",\"breadcrumb\":{\"@id\":\"https:\/\/www.dzagame.com\/en\/shop\/uncategorized\/resellers\/slytv-reseller-panel\/#breadcrumb\"},\"inLanguage\":\"en-US\",\"potentialAction\":[{\"@type\":\"ReadAction\",\"target\":[\"https:\/\/www.dzagame.com\/en\/shop\/uncategorized\/resellers\/slytv-reseller-panel\/\"]}]},{\"@type\":\"ImageObject\",\"inLanguage\":\"en-US\",\"@id\":\"https:\/\/www.dzagame.com\/en\/shop\/uncategorized\/resellers\/slytv-reseller-panel\/#primaryimage\",\"url\":\"https:\/\/www.dzagame.com\/wp-content\/uploads\/2022\/09\/slytv-reseller-panel.webp\",\"contentUrl\":\"https:\/\/www.dzagame.com\/wp-content\/uploads\/2022\/09\/slytv-reseller-panel.webp\",\"width\":200,\"height\":273,\"caption\":\"slytv reseller panel\"},{\"@type\":\"BreadcrumbList\",\"@id\":\"https:\/\/www.dzagame.com\/en\/shop\/uncategorized\/resellers\/slytv-reseller-panel\/#breadcrumb\",\"itemListElement\":[{\"@type\":\"ListItem\",\"position\":1,\"name\":\"dzagame\",\"item\":\"https:\/\/www.dzagame.com\/en\/\"},{\"@type\":\"ListItem\",\"position\":2,\"name\":\"Shop\",\"item\":\"https:\/\/www.dzagame.com\/en\/shop\/\"},{\"@type\":\"ListItem\",\"position\":3,\"name\":\"SLYTV Reseller Panel\"}]},{\"@type\":\"WebSite\",\"@id\":\"https:\/\/www.dzagame.com\/en\/#website\",\"url\":\"https:\/\/www.dzagame.com\/en\/\",\"name\":\"DZAGAME\",\"description\":\"DIGITAL ITEMS &amp; ONLINE SERVICES SELL\",\"publisher\":{\"@id\":\"https:\/\/www.dzagame.com\/en\/#organization\"},\"potentialAction\":[{\"@type\":\"SearchAction\",\"target\":{\"@type\":\"EntryPoint\",\"urlTemplate\":\"https:\/\/www.dzagame.com\/en\/?s={search_term_string}\"},\"query-input\":{\"@type\":\"PropertyValueSpecification\",\"valueRequired\":true,\"valueName\":\"search_term_string\"}}],\"inLanguage\":\"en-US\"},{\"@type\":\"Organization\",\"@id\":\"https:\/\/www.dzagame.com\/en\/#organization\",\"name\":\"DZAGAME LTD\",\"url\":\"https:\/\/www.dzagame.com\/en\/\",\"logo\":{\"@type\":\"ImageObject\",\"inLanguage\":\"en-US\",\"@id\":\"https:\/\/www.dzagame.com\/en\/#\/schema\/logo\/image\/\",\"url\":\"https:\/\/www.dzagame.com\/wp-content\/uploads\/2021\/03\/dzagame-logo.png\",\"contentUrl\":\"https:\/\/www.dzagame.com\/wp-content\/uploads\/2021\/03\/dzagame-logo.png\",\"width\":100,\"height\":50,\"caption\":\"DZAGAME LTD\"},\"image\":{\"@id\":\"https:\/\/www.dzagame.com\/en\/#\/schema\/logo\/image\/\"},\"sameAs\":[\"https:\/\/www.facebook.com\/dzagameStore\"]}]}<\/script>\n<meta property=\"product:price:amount\" content=\"153.00\" \/>\n<meta property=\"product:price:currency\" content=\"USD\" \/>\n<meta property=\"og:availability\" content=\"instock\" \/>\n<meta property=\"product:availability\" content=\"instock\" \/>\n<meta property=\"product:condition\" content=\"new\" \/>\n<!-- \/ Yoast SEO Premium plugin. -->","yoast_head_json":{"title":"SLYTV Reseller Panel - DZAGAME","description":"slytv admin dashboard gives you full control of your codes or users: add codes, get m3u or xtream info for any code or user, and renew...","robots":{"index":"index","follow":"follow","max-snippet":"max-snippet:-1","max-image-preview":"max-image-preview:large","max-video-preview":"max-video-preview:-1"},"canonical":"https:\/\/www.dzagame.com\/en\/shop\/uncategorized\/resellers\/slytv-reseller-panel\/","og_locale":"en_US","og_type":"article","og_title":"SLYTV Reseller Panel","og_description":"slytv admin dashboard gives you full control of your codes or users: add codes, get m3u or xtream info for any code or user, and renew...","og_url":"https:\/\/www.dzagame.com\/en\/shop\/uncategorized\/resellers\/slytv-reseller-panel\/","og_site_name":"DZAGAME","article_publisher":"https:\/\/www.facebook.com\/dzagameStore","article_modified_time":"2024-01-31T22:40:52+00:00","og_image":[{"width":200,"height":273,"url":"https:\/\/www.dzagame.com\/wp-content\/uploads\/2022\/09\/slytv-reseller-panel.webp","type":"image\/webp"}],"twitter_card":"summary_large_image","twitter_misc":{"Price":"USD&nbsp;153.00","Availability":"In stock"},"schema":{"@context":"https:\/\/schema.org","@graph":[{"@type":"WebPage","@id":"https:\/\/www.dzagame.com\/en\/shop\/uncategorized\/resellers\/slytv-reseller-panel\/","url":"https:\/\/www.dzagame.com\/en\/shop\/uncategorized\/resellers\/slytv-reseller-panel\/","name":"SLYTV Reseller Panel - DZAGAME","isPartOf":{"@id":"https:\/\/www.dzagame.com\/en\/#website"},"primaryImageOfPage":{"@id":"https:\/\/www.dzagame.com\/en\/shop\/uncategorized\/resellers\/slytv-reseller-panel\/#primaryimage"},"image":{"@id":"https:\/\/www.dzagame.com\/en\/shop\/uncategorized\/resellers\/slytv-reseller-panel\/#primaryimage"},"thumbnailUrl":"https:\/\/www.dzagame.com\/wp-content\/uploads\/2022\/09\/slytv-reseller-panel.webp","datePublished":"2022-09-20T08:25:35+00:00","dateModified":"2024-01-31T22:40:52+00:00","description":"slytv admin dashboard gives you full control of your codes or users: add codes, get m3u or xtream info for any code or user, and renew...","breadcrumb":{"@id":"https:\/\/www.dzagame.com\/en\/shop\/uncategorized\/resellers\/slytv-reseller-panel\/#breadcrumb"},"inLanguage":"en-US","potentialAction":[{"@type":"ReadAction","target":["https:\/\/www.dzagame.com\/en\/shop\/uncategorized\/resellers\/slytv-reseller-panel\/"]}]},{"@type":"ImageObject","inLanguage":"en-US","@id":"https:\/\/www.dzagame.com\/en\/shop\/uncategorized\/resellers\/slytv-reseller-panel\/#primaryimage","url":"https:\/\/www.dzagame.com\/wp-content\/uploads\/2022\/09\/slytv-reseller-panel.webp","contentUrl":"https:\/\/www.dzagame.com\/wp-content\/uploads\/2022\/09\/slytv-reseller-panel.webp","width":200,"height":273,"caption":"slytv reseller panel"},{"@type":"BreadcrumbList","@id":"https:\/\/www.dzagame.com\/en\/shop\/uncategorized\/resellers\/slytv-reseller-panel\/#breadcrumb","itemListElement":[{"@type":"ListItem","position":1,"name":"dzagame","item":"https:\/\/www.dzagame.com\/en\/"},{"@type":"ListItem","position":2,"name":"Shop","item":"https:\/\/www.dzagame.com\/en\/shop\/"},{"@type":"ListItem","position":3,"name":"SLYTV Reseller Panel"}]},{"@type":"WebSite","@id":"https:\/\/www.dzagame.com\/en\/#website","url":"https:\/\/www.dzagame.com\/en\/","name":"DZAGAME","description":"DIGITAL ITEMS &amp; ONLINE SERVICES SELL","publisher":{"@id":"https:\/\/www.dzagame.com\/en\/#organization"},"potentialAction":[{"@type":"SearchAction","target":{"@type":"EntryPoint","urlTemplate":"https:\/\/www.dzagame.com\/en\/?s={search_term_string}"},"query-input":{"@type":"PropertyValueSpecification","valueRequired":true,"valueName":"search_term_string"}}],"inLanguage":"en-US"},{"@type":"Organization","@id":"https:\/\/www.dzagame.com\/en\/#organization","name":"DZAGAME LTD","url":"https:\/\/www.dzagame.com\/en\/","logo":{"@type":"ImageObject","inLanguage":"en-US","@id":"https:\/\/www.dzagame.com\/en\/#\/schema\/logo\/image\/","url":"https:\/\/www.dzagame.com\/wp-content\/uploads\/2021\/03\/dzagame-logo.png","contentUrl":"https:\/\/www.dzagame.com\/wp-content\/uploads\/2021\/03\/dzagame-logo.png","width":100,"height":50,"caption":"DZAGAME LTD"},"image":{"@id":"https:\/\/www.dzagame.com\/en\/#\/schema\/logo\/image\/"},"sameAs":["https:\/\/www.facebook.com\/dzagameStore"]}]},"product_price_amount":"153.00","product_price_currency":"USD","og_availability":"instock","product_availability":"instock","product_condition":"new"},"wcpa_form_fields":null,"_links":{"self":[{"href":"https:\/\/www.dzagame.com\/en\/wp-json\/wp\/v2\/product\/10105","targetHints":{"allow":["GET"]}}],"collection":[{"href":"https:\/\/www.dzagame.com\/en\/wp-json\/wp\/v2\/product"}],"about":[{"href":"https:\/\/www.dzagame.com\/en\/wp-json\/wp\/v2\/types\/product"}],"wp:featuredmedia":[{"embeddable":true,"href":"https:\/\/www.dzagame.com\/en\/wp-json\/wp\/v2\/media\/10110"}],"wp:attachment":[{"href":"https:\/\/www.dzagame.com\/en\/wp-json\/wp\/v2\/media?parent=10105"}],"wp:term":[{"taxonomy":"product_brand","embeddable":true,"href":"https:\/\/www.dzagame.com\/en\/wp-json\/wp\/v2\/product_brand?post=10105"},{"taxonomy":"product_cat","embeddable":true,"href":"https:\/\/www.dzagame.com\/en\/wp-json\/wp\/v2\/product_cat?post=10105"},{"taxonomy":"product_tag","embeddable":true,"href":"https:\/\/www.dzagame.com\/en\/wp-json\/wp\/v2\/product_tag?post=10105"}],"curies":[{"name":"wp","href":"https:\/\/api.w.org\/{rel}","templated":true}]}}