{"id":16219,"date":"2023-01-27T12:10:56","date_gmt":"2023-01-27T11:10:56","guid":{"rendered":"https:\/\/dzagame.com\/?post_type=product&#038;p=16219"},"modified":"2026-04-14T01:11:01","modified_gmt":"2026-04-14T00:11:01","slug":"atlas-pro-6-month-activation-code","status":"publish","type":"product","link":"https:\/\/www.dzagame.com\/en\/shop\/iptv\/atlas-pro\/atlas-pro-6-month-activation-code\/","title":{"rendered":"Atlas Pro 6 Month activation code"},"content":{"rendered":"<h4><strong>ABONNEMENT IPTV ATLAS PRO ONTV\u00a0<\/strong><\/h4>\n<ul>\n<li class=\"font_3\"><span class=\"color_15\"><strong>ATLAS PRO ONTV\u00a0<\/strong>\u00a0\u00e0 travers son application officielle vous offre l\u2019acc\u00e8s \u00e0 la TV et \u00e0 la VOD (s\u00e9ries et films) ainsi qu\u2019au replay (rediffusion)<\/span><\/li>\n<\/ul>\n<h4><strong>ABONNEMENT IPTV , STABLE ET RAPIDE<\/strong><\/h4>\n<p><span class=\"color_15\">L\u2019abonnement IPTV Atlas iptv pro ontv vous offre :\u00a0<\/span><\/p>\n<ul>\n<li><strong>Cha\u00eenes disponibles<\/strong>\u00a0: France, Belgique, Suisse, Alg\u00e9rie, Maroc, Tunisie.<\/li>\n<li><strong>Autres pays\u00a0<\/strong>: Espagne, Portugal, Italie, Allemagne, Pays-Bas, Arabe, UK, Latino, Turquie, USA, Canada, Afrique, etc.<\/li>\n<li><span class=\"color_15\">Notre contenu est\u00a0<strong>diversifi\u00e9, riche et stable<\/strong>.<\/span><\/li>\n<li><span class=\"color_15\">Nous avons mis \u00e0 votre disposition environ 7000 chaines TV, 30000 films et 563 s\u00e9ries.<\/span><\/li>\n<li><span class=\"color_15\"><strong>107 Chaines en replay<\/strong>\u00a0disponible pour\u00a0<strong>15 jours pass\u00e9s<\/strong>.<\/span><\/li>\n<li><span class=\"color_15\">Il y a environ\u00a0<strong>188 canaux fran\u00e7ais<\/strong>\u00a0disponibles en plusieurs qualit\u00e9s FHD \/ UHD, HD\u00a0 ou SD.<\/span><\/li>\n<li><span class=\"color_15\">Notre\u00a0<strong>Video-on-demand<\/strong>\u00a0est en Full HD pour la plupart et en\u00a0<strong>multilingue<\/strong>.<\/span><\/li>\n<li><span class=\"color_15\"><strong>VOD<\/strong>\u00a0: L\u2019application vous permet de poursuivre le film ou l\u2019\u00e9pisode d\u2019une s\u00e9rie la ou vous l\u2019avez arr\u00eat\u00e9 pr\u00e9c\u00e9demment m\u00eame si vous \u00e9teignez la TV.<\/span><\/li>\n<\/ul>\n<h4><\/h4>\n<h4><strong>COMPATIBILIT\u00c9 DE L\u2019ABONNEMENT<\/strong><\/h4>\n<p>&nbsp;<\/p>\n<ol>\n<li>Notre abonnement iptv est compatible avec tous les appareils existants dans le march\u00e9.<\/li>\n<li><strong>Smart TV<\/strong>\u00a0:\u00a0 \u00e0 travers les applications SMART IPTV, NET IPTV, SET IPTV, Nanomid, IPTV Smarters player, Smart STB<\/li>\n<li><strong>Boitiers<\/strong>\u00a0: Android, boxtv. MAG,\u00a0 Amazon fire stick et plus encore.<\/li>\n<li><strong>Applications<\/strong>\u00a0: boxtv. smartphone, iPhone. tablette, PC, IPTV Smarters Pro, VLC, Kodi, SS IPTV, GSE IPTV,\u00a0 Xtream iptv, Xtream api.<\/li>\n<li><strong>Syst\u00e8mes d\u2019exploitation :<\/strong>\u00a0Windows, MAC, iOS, Android.<\/li>\n<\/ol>\n<h4><\/h4>\n<h4><strong>TOUT CA SUR L\u2019APPLICATION OFFICIELLE ATLAS PRO ONTV \u2013 DISPONIBLE SUR GOOGLE PLAY STORE<\/strong><\/h4>\n<p><span class=\"color_15\">l\u2019application atlas pro ontv est tr\u00e8s<\/span>\u00a0stable. Vous allez d\u00e9couvrir le meilleur abonnement IPTV en France.<\/p>\n<ul class=\"font_8 font_2\">\n<li>\n<p class=\"font_8\"><strong>PROGRAMME TV<\/strong>\u00a0: L\u2019EPG, \u00ab Electronic programme guide \u00bb, ou \u00ab Guide \u00c9lectronique des Programmes \u00bb en fran\u00e7ais, est consultable directement sur votre t\u00e9l\u00e9.<\/p>\n<\/li>\n<li>\n<p class=\"font_8\"><strong>Programme TV<\/strong>\u00a0vous permet de tout d\u00e9couvrir en permanence sur le programme que vous regardez (dans le cas d\u2019un film par exemple : nom des acteurs, r\u00e9alisateurs, r\u00e9sum\u00e9 du film, etc.)<\/p>\n<\/li>\n<li>\n<p class=\"font_8\">Vous pouvez v\u00e9rifier ce qui passe sur les autres cha\u00eenes sans devoir zapper. C\u2019est un magazine t\u00e9l\u00e9 interactive sur votre \u00e9cran.<\/p>\n<\/li>\n<li>\n<p class=\"font_8\"><strong>VPN\u00a0<\/strong>: Notre abonnement iptv est compatible avec les services VPN.\u00a0<span class=\"color_15\">Du coup, vous pouvez l\u2019utiliser partout dans le monde.\u00a0<\/span><\/p>\n<\/li>\n<li>\n<p class=\"font_8\"><strong>CATCH-UP\u00a0<\/strong>: Catch-up TV ou t\u00e9l\u00e9vision de rattrapage est le principe par lequel un direct du football, d\u2019une \u00e9mission, film ou s\u00e9rie TV<\/p>\n<\/li>\n<li>\n<p class=\"font_8\"><strong>Le CATCH-UP<\/strong>\u00a0est propos\u00e9e sur notre application pour 15 jours \u00e9coul\u00e9s en streaming vid\u00e9o apr\u00e8s avoir \u00e9t\u00e9 diffus\u00e9e sur une chaine de t\u00e9l\u00e9vision en direct.<\/p>\n<\/li>\n<li>\n<p class=\"font_8\"><strong>Contr\u00f4le du programme\u00a0<\/strong>: il vous est possible de mettre la chaine sur pause, puis de reprendre le flux, reculer ou avancer le programme.<\/p>\n<\/li>\n<li>\n<p class=\"font_8\"><strong>TIMESHIFT<\/strong>\u00a0:\u00a0 Le contr\u00f4le du direct, ou timeshifting, est un proc\u00e9d\u00e9 de gestion d\u2019enregistrement d\u2019un contenu de TV permettant de visionner ou de retrouver un \u00e9l\u00e9ment temporel venant d\u2019\u00eatre enregistr\u00e9 ou plus sp\u00e9cifiquement un programme t\u00e9l\u00e9vis\u00e9 avec un l\u00e9ger diff\u00e9r\u00e9.<\/p>\n<\/li>\n<li>\u00a0<strong>Zapping<\/strong>\u00a0: Ultra rapide avec un \u00e9cran d\u2019aper\u00e7u.<\/li>\n<li>\n<p class=\"font_2\"><strong>Fonctions disponibles<\/strong>\u00a0: Favoris, langues, recherche, Installer EPG, date d\u2019expiration affich\u00e9e, date et heure.<\/p>\n<\/li>\n<\/ul>\n<h4><strong>CONDITIONS<\/strong><\/h4>\n<ul>\n<li>Abonnement est pour 1 seul appareil en simultan\u00e9 ou pas.<\/li>\n<li>Le d\u00e9blocage gratuit en cas d\u2019utilisation simultan\u00e9 ou pas envoy\u00e9 la demand a le Support<\/li>\n<\/ul>\n<p>&nbsp;<\/p>\n<h4>T\u00e9l\u00e9chargez l&#8217;application\u00a0 Atlas pro:<\/h4>\n<ul>\n<li><span style=\"font-size: 16px; color: #0b8f0b;\"><strong><span style=\"text-decoration: underline;\">Atlas Pro 2025 (versionIBO):<\/span> <\/strong><\/span><\/li>\n<\/ul>\n<p style=\"padding-left: 40px;\">\ud83d\udd17 lien direct:<\/p>\n<p style=\"padding-left: 40px;\"><a href=\"https:\/\/atlaspro.tv\/download\/64\/android-smartphones-tablettes-box-andoid-firestick-android-tv\/2294\/atlaspro_ibo.apk\" target=\"_blank\" rel=\"noopener\">https:\/\/atlaspro.tv\/download\/64\/android-smartphones-tablettes-box-andoid-firestick-android-tv\/2294\/atlaspro_ibo.apk<\/a><\/p>\n<p style=\"padding-left: 40px;\"><span class=\"x19la9d6 x1fc57z9 x6ikm8r x10wlt62 x19co3pv x11tp94h xfibh0p xiy17q3 x1xsqp64 x1lkfr7t xexx8yu xyri2b x18d9i69 x1c1uobl\"><span class=\"xrtxmta x1bhl96m\">\ud83d\udfe0<\/span><\/span>Downloader:\u00a0 5637724<\/p>\n<p>&nbsp;<\/p>\n<ul>\n<li><span style=\"font-size: 16px; color: #008000;\"><strong><span style=\"color: #0b8f0b;\">Atlas Pro X9 New:<\/span>\u00a0<\/strong><\/span><\/li>\n<\/ul>\n<p style=\"padding-left: 40px;\">\ud83d\udd17 lien direct:<br \/>\n<a href=\"https:\/\/atlaspro.tv\/download\/64\/android-smartphones-tablettes-box-andoid-firestick-android-tv\/2319\/atlaspro-9x-new.apk\" target=\"_blank\" rel=\"noopener\">https:\/\/atlaspro.tv\/download\/64\/android-smartphones-tablettes-box-andoid-firestick-android-tv\/2319\/atlaspro-9x-new.apk<\/a><\/p>\n<p style=\"padding-left: 40px;\"><span class=\"x19la9d6 x1fc57z9 x6ikm8r x10wlt62 x19co3pv x11tp94h xfibh0p xiy17q3 x1xsqp64 x1lkfr7t xexx8yu xyri2b x18d9i69 x1c1uobl\"><span class=\"xrtxmta x1bhl96m\">\ud83d\udfe0<\/span><\/span>Downloader : 1003269<\/p>\n<p>&nbsp;<\/p>\n<ul>\n<li><span style=\"font-size: 16px; color: #008000;\"><strong><span style=\"color: #0b8f0b;\">Atlas Pro ONTV 4.0.2::<\/span>\u00a0<\/strong><\/span><\/li>\n<\/ul>\n<p style=\"padding-left: 40px;\">\ud83d\udd17 lien direct:<br \/>\n<a href=\"https:\/\/atlaspro.io\/soft\/ATLASPRO%20ONTV(4.0.2).apk\" target=\"_blank\" rel=\"noopener\">https:\/\/atlaspro.io\/soft\/ATLASPRO%20ONTV(4.0.2).apk<\/a><\/p>\n<p style=\"padding-left: 40px;\"><span class=\"x19la9d6 x1fc57z9 x6ikm8r x10wlt62 x19co3pv x11tp94h xfibh0p xiy17q3 x1xsqp64 x1lkfr7t xexx8yu xyri2b x18d9i69 x1c1uobl\"><span class=\"xrtxmta x1bhl96m\">\ud83d\udfe0<\/span><\/span>Downloader : 822648<\/p>\n<p>&nbsp;<\/p>\n<p><strong><span style=\"color: #ff0000;\">\u0627\u0644\u0646\u0633\u062e \u0627\u0644\u062a\u0627\u0644\u064a\u0629 \u0623\u0635\u0628\u062d\u062a \u0642\u062f\u064a\u0645\u0629 \u0648\u0644\u0627 \u062a\u0639\u0645\u0644:\u00a0<\/span><\/strong><\/p>\n<blockquote><p><span style=\"text-decoration: underline; color: #ff0000;\">Atlas Pro on TV V4.0.1:<\/span> <a href=\"https:\/\/aftv.news\/3346282\" target=\"_blank\" rel=\"noopener\">https:\/\/aftv.news\/3346282<\/a><\/p>\n<p>code Downloader : 219533 ou 223412<\/p>\n<p>&nbsp;<\/p>\n<p><span style=\"text-decoration: underline; color: #ff0000;\">Atlas Pro Max:<\/span> <a href=\"https:\/\/atlaspro.tv\/soft\/ATLASPROMAX-7.0-v911.apk\" target=\"_blank\" rel=\"noopener\">https:\/\/atlaspro.tv\/soft\/ATLASPROMAX-7.0-v911.apk<\/a><\/p>\n<p>code Downloader: 469458<\/p>\n<p>Vous aurez besoin des informations suivantes pour vous connecter ATLAS PRO MAX :<\/p>\n<p>Nom d&#8217;utilisateur : Votre code Atlas Pro<br \/>\nMot de passe : 1593574628<\/p>\n<p>(le mot de passe est toujours fixe pour tous les codes.)<\/p><\/blockquote>\n<blockquote><p>&nbsp;<\/p>\n<p>si Vous aurez besoin des informations suivantes pour vous connecter ATLAS PRO MAX :<\/p>\n<p>Nom d&#8217;utilisateur : Votre code Atlas Pro<br \/>\nMot de passe : 1593574628<\/p>\n<p>(le mot de passe est toujours fixe pour tous les codes.)<\/p><\/blockquote>\n<blockquote><p>&nbsp;<\/p>\n<h4><strong>DZAGAME SUPPORT<\/strong><\/h4>\n<p>if you need any help don&#8217;t hesitate to get in touch with us on WhatsApp: <a href=\"https:\/\/wa.me\/213553039009\" target=\"_blank\" rel=\"noopener\">+213553039009<\/a><\/p><\/blockquote>\n","protected":false},"excerpt":{"rendered":"<div class=\"description woocommerce-product-details__short-description\">\n<p><span style=\"font-size: 12px; color: #339966;\"><strong>delivery Time: 1-60 Minutes (working hours)<\/strong><\/span><\/p>\n<\/div>\n<div class=\"product_meta\"><\/div>\n","protected":false},"featured_media":9184,"template":"","meta":[],"product_brand":[],"product_cat":[546,464],"product_tag":[547,460],"class_list":{"0":"post-16219","1":"product","2":"type-product","3":"status-publish","4":"has-post-thumbnail","6":"product_cat-atlas-pro","7":"product_cat-iptv","8":"product_tag-atlas-pro","9":"product_tag-iptv","11":"first","12":"instock","13":"virtual","14":"purchasable","15":"product-type-simple"},"yoast_head":"<!-- This site is optimized with the Yoast SEO Premium plugin v23.3 (Yoast SEO v27.0) - https:\/\/yoast.com\/product\/yoast-seo-premium-wordpress\/ -->\n<title>Atlas Pro 6 Month activation code - DZAGAME<\/title>\n<meta name=\"description\" content=\"ATLAS PRO IPTV \u00e0 travers son application officielle vous offre l\u2019acc\u00e8s \u00e0 la TV et \u00e0 la VOD (s\u00e9ries et films) ainsi qu\u2019au replay (rediffusion)\" \/>\n<meta name=\"robots\" content=\"index, follow, max-snippet:-1, max-image-preview:large, max-video-preview:-1\" \/>\n<link rel=\"canonical\" href=\"https:\/\/www.dzagame.com\/en\/shop\/iptv\/atlas-pro\/atlas-pro-6-month-activation-code\/\" \/>\n<meta property=\"og:locale\" content=\"en_US\" \/>\n<meta property=\"og:type\" content=\"article\" \/>\n<meta property=\"og:title\" content=\"Atlas Pro 6 Month activation code\" \/>\n<meta property=\"og:description\" content=\"ATLAS PRO IPTV \u00e0 travers son application officielle vous offre l\u2019acc\u00e8s \u00e0 la TV et \u00e0 la VOD (s\u00e9ries et films) ainsi qu\u2019au replay (rediffusion)\" \/>\n<meta property=\"og:url\" content=\"https:\/\/www.dzagame.com\/en\/shop\/iptv\/atlas-pro\/atlas-pro-6-month-activation-code\/\" \/>\n<meta property=\"og:site_name\" content=\"DZAGAME\" \/>\n<meta property=\"article:publisher\" content=\"https:\/\/www.facebook.com\/dzagameStore\" \/>\n<meta property=\"article:modified_time\" content=\"2026-04-14T00:11:01+00:00\" \/>\n<meta property=\"og:image\" content=\"https:\/\/www.dzagame.com\/wp-content\/uploads\/2022\/09\/atlasproiptv.jpg\" \/>\n\t<meta property=\"og:image:width\" content=\"200\" \/>\n\t<meta property=\"og:image:height\" content=\"273\" \/>\n\t<meta property=\"og:image:type\" content=\"image\/jpeg\" \/>\n<meta name=\"twitter:card\" content=\"summary_large_image\" \/>\n<meta name=\"twitter:label1\" content=\"Price\" \/>\n\t<meta name=\"twitter:data1\" content=\"USD&nbsp;25.00\" \/>\n\t<meta name=\"twitter:label2\" content=\"Availability\" \/>\n\t<meta name=\"twitter:data2\" content=\"In stock\" \/>\n<script type=\"application\/ld+json\" class=\"yoast-schema-graph\">{\"@context\":\"https:\/\/schema.org\",\"@graph\":[{\"@type\":\"WebPage\",\"@id\":\"https:\/\/www.dzagame.com\/en\/shop\/iptv\/atlas-pro\/atlas-pro-6-month-activation-code\/\",\"url\":\"https:\/\/www.dzagame.com\/en\/shop\/iptv\/atlas-pro\/atlas-pro-6-month-activation-code\/\",\"name\":\"Atlas Pro 6 Month activation code - DZAGAME\",\"isPartOf\":{\"@id\":\"https:\/\/www.dzagame.com\/en\/#website\"},\"primaryImageOfPage\":{\"@id\":\"https:\/\/www.dzagame.com\/en\/shop\/iptv\/atlas-pro\/atlas-pro-6-month-activation-code\/#primaryimage\"},\"image\":{\"@id\":\"https:\/\/www.dzagame.com\/en\/shop\/iptv\/atlas-pro\/atlas-pro-6-month-activation-code\/#primaryimage\"},\"thumbnailUrl\":\"https:\/\/www.dzagame.com\/wp-content\/uploads\/2022\/09\/atlasproiptv.jpg\",\"datePublished\":\"2023-01-27T11:10:56+00:00\",\"dateModified\":\"2026-04-14T00:11:01+00:00\",\"description\":\"ATLAS PRO IPTV \u00e0 travers son application officielle vous offre l\u2019acc\u00e8s \u00e0 la TV et \u00e0 la VOD (s\u00e9ries et films) ainsi qu\u2019au replay (rediffusion)\",\"breadcrumb\":{\"@id\":\"https:\/\/www.dzagame.com\/en\/shop\/iptv\/atlas-pro\/atlas-pro-6-month-activation-code\/#breadcrumb\"},\"inLanguage\":\"en-US\",\"potentialAction\":[{\"@type\":\"ReadAction\",\"target\":[\"https:\/\/www.dzagame.com\/en\/shop\/iptv\/atlas-pro\/atlas-pro-6-month-activation-code\/\"]}]},{\"@type\":\"ImageObject\",\"inLanguage\":\"en-US\",\"@id\":\"https:\/\/www.dzagame.com\/en\/shop\/iptv\/atlas-pro\/atlas-pro-6-month-activation-code\/#primaryimage\",\"url\":\"https:\/\/www.dzagame.com\/wp-content\/uploads\/2022\/09\/atlasproiptv.jpg\",\"contentUrl\":\"https:\/\/www.dzagame.com\/wp-content\/uploads\/2022\/09\/atlasproiptv.jpg\",\"width\":200,\"height\":273,\"caption\":\"atlas pro activation code\"},{\"@type\":\"BreadcrumbList\",\"@id\":\"https:\/\/www.dzagame.com\/en\/shop\/iptv\/atlas-pro\/atlas-pro-6-month-activation-code\/#breadcrumb\",\"itemListElement\":[{\"@type\":\"ListItem\",\"position\":1,\"name\":\"dzagame\",\"item\":\"https:\/\/www.dzagame.com\/en\/\"},{\"@type\":\"ListItem\",\"position\":2,\"name\":\"Shop\",\"item\":\"https:\/\/www.dzagame.com\/en\/shop\/\"},{\"@type\":\"ListItem\",\"position\":3,\"name\":\"Atlas Pro 6 Month activation code\"}]},{\"@type\":\"WebSite\",\"@id\":\"https:\/\/www.dzagame.com\/en\/#website\",\"url\":\"https:\/\/www.dzagame.com\/en\/\",\"name\":\"DZAGAME\",\"description\":\"DIGITAL ITEMS &amp; ONLINE SERVICES SELL\",\"publisher\":{\"@id\":\"https:\/\/www.dzagame.com\/en\/#organization\"},\"potentialAction\":[{\"@type\":\"SearchAction\",\"target\":{\"@type\":\"EntryPoint\",\"urlTemplate\":\"https:\/\/www.dzagame.com\/en\/?s={search_term_string}\"},\"query-input\":{\"@type\":\"PropertyValueSpecification\",\"valueRequired\":true,\"valueName\":\"search_term_string\"}}],\"inLanguage\":\"en-US\"},{\"@type\":\"Organization\",\"@id\":\"https:\/\/www.dzagame.com\/en\/#organization\",\"name\":\"DZAGAME LTD\",\"url\":\"https:\/\/www.dzagame.com\/en\/\",\"logo\":{\"@type\":\"ImageObject\",\"inLanguage\":\"en-US\",\"@id\":\"https:\/\/www.dzagame.com\/en\/#\/schema\/logo\/image\/\",\"url\":\"https:\/\/www.dzagame.com\/wp-content\/uploads\/2021\/03\/dzagame-logo.png\",\"contentUrl\":\"https:\/\/www.dzagame.com\/wp-content\/uploads\/2021\/03\/dzagame-logo.png\",\"width\":100,\"height\":50,\"caption\":\"DZAGAME LTD\"},\"image\":{\"@id\":\"https:\/\/www.dzagame.com\/en\/#\/schema\/logo\/image\/\"},\"sameAs\":[\"https:\/\/www.facebook.com\/dzagameStore\"]}]}<\/script>\n<meta property=\"product:price:amount\" content=\"25.00\" \/>\n<meta property=\"product:price:currency\" content=\"USD\" \/>\n<meta property=\"og:availability\" content=\"instock\" \/>\n<meta property=\"product:availability\" content=\"instock\" \/>\n<meta property=\"product:condition\" content=\"new\" \/>\n<!-- \/ Yoast SEO Premium plugin. -->","yoast_head_json":{"title":"Atlas Pro 6 Month activation code - DZAGAME","description":"ATLAS PRO IPTV \u00e0 travers son application officielle vous offre l\u2019acc\u00e8s \u00e0 la TV et \u00e0 la VOD (s\u00e9ries et films) ainsi qu\u2019au replay (rediffusion)","robots":{"index":"index","follow":"follow","max-snippet":"max-snippet:-1","max-image-preview":"max-image-preview:large","max-video-preview":"max-video-preview:-1"},"canonical":"https:\/\/www.dzagame.com\/en\/shop\/iptv\/atlas-pro\/atlas-pro-6-month-activation-code\/","og_locale":"en_US","og_type":"article","og_title":"Atlas Pro 6 Month activation code","og_description":"ATLAS PRO IPTV \u00e0 travers son application officielle vous offre l\u2019acc\u00e8s \u00e0 la TV et \u00e0 la VOD (s\u00e9ries et films) ainsi qu\u2019au replay (rediffusion)","og_url":"https:\/\/www.dzagame.com\/en\/shop\/iptv\/atlas-pro\/atlas-pro-6-month-activation-code\/","og_site_name":"DZAGAME","article_publisher":"https:\/\/www.facebook.com\/dzagameStore","article_modified_time":"2026-04-14T00:11:01+00:00","og_image":[{"width":200,"height":273,"url":"https:\/\/www.dzagame.com\/wp-content\/uploads\/2022\/09\/atlasproiptv.jpg","type":"image\/jpeg"}],"twitter_card":"summary_large_image","twitter_misc":{"Price":"USD&nbsp;25.00","Availability":"In stock"},"schema":{"@context":"https:\/\/schema.org","@graph":[{"@type":"WebPage","@id":"https:\/\/www.dzagame.com\/en\/shop\/iptv\/atlas-pro\/atlas-pro-6-month-activation-code\/","url":"https:\/\/www.dzagame.com\/en\/shop\/iptv\/atlas-pro\/atlas-pro-6-month-activation-code\/","name":"Atlas Pro 6 Month activation code - DZAGAME","isPartOf":{"@id":"https:\/\/www.dzagame.com\/en\/#website"},"primaryImageOfPage":{"@id":"https:\/\/www.dzagame.com\/en\/shop\/iptv\/atlas-pro\/atlas-pro-6-month-activation-code\/#primaryimage"},"image":{"@id":"https:\/\/www.dzagame.com\/en\/shop\/iptv\/atlas-pro\/atlas-pro-6-month-activation-code\/#primaryimage"},"thumbnailUrl":"https:\/\/www.dzagame.com\/wp-content\/uploads\/2022\/09\/atlasproiptv.jpg","datePublished":"2023-01-27T11:10:56+00:00","dateModified":"2026-04-14T00:11:01+00:00","description":"ATLAS PRO IPTV \u00e0 travers son application officielle vous offre l\u2019acc\u00e8s \u00e0 la TV et \u00e0 la VOD (s\u00e9ries et films) ainsi qu\u2019au replay (rediffusion)","breadcrumb":{"@id":"https:\/\/www.dzagame.com\/en\/shop\/iptv\/atlas-pro\/atlas-pro-6-month-activation-code\/#breadcrumb"},"inLanguage":"en-US","potentialAction":[{"@type":"ReadAction","target":["https:\/\/www.dzagame.com\/en\/shop\/iptv\/atlas-pro\/atlas-pro-6-month-activation-code\/"]}]},{"@type":"ImageObject","inLanguage":"en-US","@id":"https:\/\/www.dzagame.com\/en\/shop\/iptv\/atlas-pro\/atlas-pro-6-month-activation-code\/#primaryimage","url":"https:\/\/www.dzagame.com\/wp-content\/uploads\/2022\/09\/atlasproiptv.jpg","contentUrl":"https:\/\/www.dzagame.com\/wp-content\/uploads\/2022\/09\/atlasproiptv.jpg","width":200,"height":273,"caption":"atlas pro activation code"},{"@type":"BreadcrumbList","@id":"https:\/\/www.dzagame.com\/en\/shop\/iptv\/atlas-pro\/atlas-pro-6-month-activation-code\/#breadcrumb","itemListElement":[{"@type":"ListItem","position":1,"name":"dzagame","item":"https:\/\/www.dzagame.com\/en\/"},{"@type":"ListItem","position":2,"name":"Shop","item":"https:\/\/www.dzagame.com\/en\/shop\/"},{"@type":"ListItem","position":3,"name":"Atlas Pro 6 Month activation code"}]},{"@type":"WebSite","@id":"https:\/\/www.dzagame.com\/en\/#website","url":"https:\/\/www.dzagame.com\/en\/","name":"DZAGAME","description":"DIGITAL ITEMS &amp; ONLINE SERVICES SELL","publisher":{"@id":"https:\/\/www.dzagame.com\/en\/#organization"},"potentialAction":[{"@type":"SearchAction","target":{"@type":"EntryPoint","urlTemplate":"https:\/\/www.dzagame.com\/en\/?s={search_term_string}"},"query-input":{"@type":"PropertyValueSpecification","valueRequired":true,"valueName":"search_term_string"}}],"inLanguage":"en-US"},{"@type":"Organization","@id":"https:\/\/www.dzagame.com\/en\/#organization","name":"DZAGAME LTD","url":"https:\/\/www.dzagame.com\/en\/","logo":{"@type":"ImageObject","inLanguage":"en-US","@id":"https:\/\/www.dzagame.com\/en\/#\/schema\/logo\/image\/","url":"https:\/\/www.dzagame.com\/wp-content\/uploads\/2021\/03\/dzagame-logo.png","contentUrl":"https:\/\/www.dzagame.com\/wp-content\/uploads\/2021\/03\/dzagame-logo.png","width":100,"height":50,"caption":"DZAGAME LTD"},"image":{"@id":"https:\/\/www.dzagame.com\/en\/#\/schema\/logo\/image\/"},"sameAs":["https:\/\/www.facebook.com\/dzagameStore"]}]},"product_price_amount":"25.00","product_price_currency":"USD","og_availability":"instock","product_availability":"instock","product_condition":"new"},"wcpa_form_fields":null,"_links":{"self":[{"href":"https:\/\/www.dzagame.com\/en\/wp-json\/wp\/v2\/product\/16219","targetHints":{"allow":["GET"]}}],"collection":[{"href":"https:\/\/www.dzagame.com\/en\/wp-json\/wp\/v2\/product"}],"about":[{"href":"https:\/\/www.dzagame.com\/en\/wp-json\/wp\/v2\/types\/product"}],"wp:featuredmedia":[{"embeddable":true,"href":"https:\/\/www.dzagame.com\/en\/wp-json\/wp\/v2\/media\/9184"}],"wp:attachment":[{"href":"https:\/\/www.dzagame.com\/en\/wp-json\/wp\/v2\/media?parent=16219"}],"wp:term":[{"taxonomy":"product_brand","embeddable":true,"href":"https:\/\/www.dzagame.com\/en\/wp-json\/wp\/v2\/product_brand?post=16219"},{"taxonomy":"product_cat","embeddable":true,"href":"https:\/\/www.dzagame.com\/en\/wp-json\/wp\/v2\/product_cat?post=16219"},{"taxonomy":"product_tag","embeddable":true,"href":"https:\/\/www.dzagame.com\/en\/wp-json\/wp\/v2\/product_tag?post=16219"}],"curies":[{"name":"wp","href":"https:\/\/api.w.org\/{rel}","templated":true}]}}