{"id":35993,"date":"2024-04-16T09:57:21","date_gmt":"2024-04-16T08:57:21","guid":{"rendered":"https:\/\/www.dzagame.com\/?post_type=product&#038;p=35993"},"modified":"2024-11-25T18:05:08","modified_gmt":"2024-11-25T17:05:08","slug":"premium-ott-12-months-activation-code","status":"publish","type":"product","link":"https:\/\/www.dzagame.com\/en\/shop\/iptv\/ott-premium\/premium-ott-12-months-activation-code\/","title":{"rendered":"OTT PREMIUM 12-Months activation code"},"content":{"rendered":"<h2 style=\"text-align: center;\">OTT PREMIUM 12-Months activation code<\/h2>\n<div class=\"short-description\">\n<p>ABONNEMENT Et RENOUVELLEMENT OTT PREMIUM IPTV 12 mois (OTT PREMIUM 12-Months activation code ) pour tout les appareils et D\u00e9mo Android.<\/p>\n<ul>\n<li>\n<h4><span style=\"color: #003366;\"><strong><span style=\"font-size: 18px;\">Appareils Compatabile:\u00a0<\/span><\/strong><\/span><\/h4>\n<\/li>\n<\/ul>\n<p>TVBOX &#8211; Android mobile &#8230;etc<\/p>\n<p>Profitez De Plus 10000 Chaines LIVE TV &amp; VOD &amp; S\u00e9rie<\/p>\n<p>\u2013 OTT PREMIUM IPTV\u00a0 vous donne l\u2019acc\u00e8s \u00e0 plusieurs CHAINES EN DIRECT &amp; FILMS &amp; S\u00c9RIES T\u00c9L\u00c9VIS\u00c9ES De Tout Le Monde Plus De 10000 Cha\u00eene Haute Qualit\u00e9 (\u00a0 HD \u2013 FHD\u00a0 \u2013 H265 &#8211; 4K )<\/p>\n<p>LES CHAINES BIEN ORGANISE PAR CAT\u00c9GORIES ET PAR PAYS<\/p>\n<\/div>\n<ul>\n<li>\n<h4><span style=\"color: #003366; font-size: 18px;\"><strong>How to download OTT PREMIUM apk for android:<\/strong><\/span><\/h4>\n<\/li>\n<\/ul>\n<p>ott premueum version 2.0 : <a href=\"https:\/\/aftv.news\/442100\" target=\"_blank\" rel=\"noopener\">https:\/\/aftv.news\/442100<\/a><\/p>\n<p>Downloader code: 442100<\/p>\n<p>&nbsp;<\/p>\n<div class=\"short-description\">\n<ul>\n<li>\n<h4><span style=\"color: #003366; font-size: 18px;\"><strong>DZAGAME SUPPORT<\/strong><\/span><\/h4>\n<\/li>\n<\/ul>\n<p>You can join our channel to see all our news<\/p>\n<p>Telegram channel:<a href=\"https:\/\/t.me\/dzagame_store\">\u00a0https:\/\/t.me\/dzagame_store<\/a><\/p>\n<p>&nbsp;<\/p>\n<p>if you need any help don\u2019t hesitate to get in touch with us on WhatsApp:\u00a0<a href=\"https:\/\/aftv.news\/458960\">+213553039009<\/a><\/p>\n<\/div>\n<p><a class=\"LinkSuggestion__Link-sc-1gewdgc-4 cLBplk\" href=\"https:\/\/www.dzagame.com\/en\/shop\/iptv\/gogo\/gogo-iptv-activation\/\" target=\"_blank\" rel=\"noopener\">GOGO 12-Months activation code<span class=\"sc-gswNZR eASTkv\">(Opens in a new browser tab)<\/span><\/a><\/p>\n","protected":false},"excerpt":{"rendered":"<p><strong><span style=\"color: #339966; font-size: 14px;\">-compatible:\u00a0 android.<br \/>\n<span style=\"color: #339966; font-size: 12px;\">-delivery Time: 1-60 Minutes (working hours)<\/span><br \/>\n<\/span><\/strong><\/p>\n","protected":false},"featured_media":35998,"template":"","meta":[],"product_brand":[],"product_cat":[855],"product_tag":[460,856],"class_list":{"0":"post-35993","1":"product","2":"type-product","3":"status-publish","4":"has-post-thumbnail","6":"product_cat-ott-premium","7":"product_tag-iptv","8":"product_tag-ott-premium","10":"first","11":"instock","12":"virtual","13":"sold-individually","14":"purchasable","15":"product-type-simple"},"yoast_head":"<!-- This site is optimized with the Yoast SEO Premium plugin v23.3 (Yoast SEO v27.0) - https:\/\/yoast.com\/product\/yoast-seo-premium-wordpress\/ -->\n<title>OTT PREMIUM 12-Months activation code - DZAGAME<\/title>\n<meta name=\"description\" content=\"ABONNEMENT OTT PREMIUM Et RENOUVELLEMENT IPTV pour tout les appareils android et D\u00e9mo android..etc, Haute Qualit\u00e9 (\u00a0 HD \u2013 FHD\u00a0 \u2013 H265 - 4K )\" \/>\n<meta name=\"robots\" content=\"index, follow, max-snippet:-1, max-image-preview:large, max-video-preview:-1\" \/>\n<link rel=\"canonical\" href=\"https:\/\/www.dzagame.com\/en\/shop\/iptv\/ott-premium\/premium-ott-12-months-activation-code\/\" \/>\n<meta property=\"og:locale\" content=\"en_US\" \/>\n<meta property=\"og:type\" content=\"article\" \/>\n<meta property=\"og:title\" content=\"OTT PREMIUM 12-Months activation code\" \/>\n<meta property=\"og:description\" content=\"ABONNEMENT OTT PREMIUM Et RENOUVELLEMENT IPTV pour tout les appareils android et D\u00e9mo android..etc, Haute Qualit\u00e9 (\u00a0 HD \u2013 FHD\u00a0 \u2013 H265 - 4K )\" \/>\n<meta property=\"og:url\" content=\"https:\/\/www.dzagame.com\/en\/shop\/iptv\/ott-premium\/premium-ott-12-months-activation-code\/\" \/>\n<meta property=\"og:site_name\" content=\"DZAGAME\" \/>\n<meta property=\"article:publisher\" content=\"https:\/\/www.facebook.com\/dzagameStore\" \/>\n<meta property=\"article:modified_time\" content=\"2024-11-25T17:05:08+00:00\" \/>\n<meta property=\"og:image\" content=\"https:\/\/www.dzagame.com\/wp-content\/uploads\/2024\/04\/Premium-OTT-12months-code.webp\" \/>\n\t<meta property=\"og:image:width\" content=\"200\" \/>\n\t<meta property=\"og:image:height\" content=\"273\" \/>\n\t<meta property=\"og:image:type\" content=\"image\/webp\" \/>\n<meta name=\"twitter:card\" content=\"summary_large_image\" \/>\n<meta name=\"twitter:label1\" content=\"Price\" \/>\n\t<meta name=\"twitter:data1\" content=\"USD&nbsp;120.00\" \/>\n\t<meta name=\"twitter:label2\" content=\"Availability\" \/>\n\t<meta name=\"twitter:data2\" content=\"In stock\" \/>\n<script type=\"application\/ld+json\" class=\"yoast-schema-graph\">{\"@context\":\"https:\/\/schema.org\",\"@graph\":[{\"@type\":\"WebPage\",\"@id\":\"https:\/\/www.dzagame.com\/en\/shop\/iptv\/ott-premium\/premium-ott-12-months-activation-code\/\",\"url\":\"https:\/\/www.dzagame.com\/en\/shop\/iptv\/ott-premium\/premium-ott-12-months-activation-code\/\",\"name\":\"OTT PREMIUM 12-Months activation code - DZAGAME\",\"isPartOf\":{\"@id\":\"https:\/\/www.dzagame.com\/en\/#website\"},\"primaryImageOfPage\":{\"@id\":\"https:\/\/www.dzagame.com\/en\/shop\/iptv\/ott-premium\/premium-ott-12-months-activation-code\/#primaryimage\"},\"image\":{\"@id\":\"https:\/\/www.dzagame.com\/en\/shop\/iptv\/ott-premium\/premium-ott-12-months-activation-code\/#primaryimage\"},\"thumbnailUrl\":\"https:\/\/www.dzagame.com\/wp-content\/uploads\/2024\/04\/Premium-OTT-12months-code.webp\",\"datePublished\":\"2024-04-16T08:57:21+00:00\",\"dateModified\":\"2024-11-25T17:05:08+00:00\",\"description\":\"ABONNEMENT OTT PREMIUM Et RENOUVELLEMENT IPTV pour tout les appareils android et D\u00e9mo android..etc, Haute Qualit\u00e9 (\u00a0 HD \u2013 FHD\u00a0 \u2013 H265 - 4K )\",\"breadcrumb\":{\"@id\":\"https:\/\/www.dzagame.com\/en\/shop\/iptv\/ott-premium\/premium-ott-12-months-activation-code\/#breadcrumb\"},\"inLanguage\":\"en-US\",\"potentialAction\":[{\"@type\":\"ReadAction\",\"target\":[\"https:\/\/www.dzagame.com\/en\/shop\/iptv\/ott-premium\/premium-ott-12-months-activation-code\/\"]}]},{\"@type\":\"ImageObject\",\"inLanguage\":\"en-US\",\"@id\":\"https:\/\/www.dzagame.com\/en\/shop\/iptv\/ott-premium\/premium-ott-12-months-activation-code\/#primaryimage\",\"url\":\"https:\/\/www.dzagame.com\/wp-content\/uploads\/2024\/04\/Premium-OTT-12months-code.webp\",\"contentUrl\":\"https:\/\/www.dzagame.com\/wp-content\/uploads\/2024\/04\/Premium-OTT-12months-code.webp\",\"width\":200,\"height\":273,\"caption\":\"Premium-OTT-12months-code\"},{\"@type\":\"BreadcrumbList\",\"@id\":\"https:\/\/www.dzagame.com\/en\/shop\/iptv\/ott-premium\/premium-ott-12-months-activation-code\/#breadcrumb\",\"itemListElement\":[{\"@type\":\"ListItem\",\"position\":1,\"name\":\"dzagame\",\"item\":\"https:\/\/www.dzagame.com\/en\/\"},{\"@type\":\"ListItem\",\"position\":2,\"name\":\"Shop\",\"item\":\"https:\/\/www.dzagame.com\/en\/shop\/\"},{\"@type\":\"ListItem\",\"position\":3,\"name\":\"OTT PREMIUM 12-Months activation code\"}]},{\"@type\":\"WebSite\",\"@id\":\"https:\/\/www.dzagame.com\/en\/#website\",\"url\":\"https:\/\/www.dzagame.com\/en\/\",\"name\":\"DZAGAME\",\"description\":\"DIGITAL ITEMS &amp; ONLINE SERVICES SELL\",\"publisher\":{\"@id\":\"https:\/\/www.dzagame.com\/en\/#organization\"},\"potentialAction\":[{\"@type\":\"SearchAction\",\"target\":{\"@type\":\"EntryPoint\",\"urlTemplate\":\"https:\/\/www.dzagame.com\/en\/?s={search_term_string}\"},\"query-input\":{\"@type\":\"PropertyValueSpecification\",\"valueRequired\":true,\"valueName\":\"search_term_string\"}}],\"inLanguage\":\"en-US\"},{\"@type\":\"Organization\",\"@id\":\"https:\/\/www.dzagame.com\/en\/#organization\",\"name\":\"DZAGAME LTD\",\"url\":\"https:\/\/www.dzagame.com\/en\/\",\"logo\":{\"@type\":\"ImageObject\",\"inLanguage\":\"en-US\",\"@id\":\"https:\/\/www.dzagame.com\/en\/#\/schema\/logo\/image\/\",\"url\":\"https:\/\/www.dzagame.com\/wp-content\/uploads\/2021\/03\/dzagame-logo.png\",\"contentUrl\":\"https:\/\/www.dzagame.com\/wp-content\/uploads\/2021\/03\/dzagame-logo.png\",\"width\":100,\"height\":50,\"caption\":\"DZAGAME LTD\"},\"image\":{\"@id\":\"https:\/\/www.dzagame.com\/en\/#\/schema\/logo\/image\/\"},\"sameAs\":[\"https:\/\/www.facebook.com\/dzagameStore\"]}]}<\/script>\n<meta property=\"product:price:amount\" content=\"120.00\" \/>\n<meta property=\"product:price:currency\" content=\"USD\" \/>\n<meta property=\"og:availability\" content=\"instock\" \/>\n<meta property=\"product:availability\" content=\"instock\" \/>\n<meta property=\"product:condition\" content=\"new\" \/>\n<!-- \/ Yoast SEO Premium plugin. -->","yoast_head_json":{"title":"OTT PREMIUM 12-Months activation code - DZAGAME","description":"ABONNEMENT OTT PREMIUM Et RENOUVELLEMENT IPTV pour tout les appareils android et D\u00e9mo android..etc, Haute Qualit\u00e9 (\u00a0 HD \u2013 FHD\u00a0 \u2013 H265 - 4K )","robots":{"index":"index","follow":"follow","max-snippet":"max-snippet:-1","max-image-preview":"max-image-preview:large","max-video-preview":"max-video-preview:-1"},"canonical":"https:\/\/www.dzagame.com\/en\/shop\/iptv\/ott-premium\/premium-ott-12-months-activation-code\/","og_locale":"en_US","og_type":"article","og_title":"OTT PREMIUM 12-Months activation code","og_description":"ABONNEMENT OTT PREMIUM Et RENOUVELLEMENT IPTV pour tout les appareils android et D\u00e9mo android..etc, Haute Qualit\u00e9 (\u00a0 HD \u2013 FHD\u00a0 \u2013 H265 - 4K )","og_url":"https:\/\/www.dzagame.com\/en\/shop\/iptv\/ott-premium\/premium-ott-12-months-activation-code\/","og_site_name":"DZAGAME","article_publisher":"https:\/\/www.facebook.com\/dzagameStore","article_modified_time":"2024-11-25T17:05:08+00:00","og_image":[{"width":200,"height":273,"url":"https:\/\/www.dzagame.com\/wp-content\/uploads\/2024\/04\/Premium-OTT-12months-code.webp","type":"image\/webp"}],"twitter_card":"summary_large_image","twitter_misc":{"Price":"USD&nbsp;120.00","Availability":"In stock"},"schema":{"@context":"https:\/\/schema.org","@graph":[{"@type":"WebPage","@id":"https:\/\/www.dzagame.com\/en\/shop\/iptv\/ott-premium\/premium-ott-12-months-activation-code\/","url":"https:\/\/www.dzagame.com\/en\/shop\/iptv\/ott-premium\/premium-ott-12-months-activation-code\/","name":"OTT PREMIUM 12-Months activation code - DZAGAME","isPartOf":{"@id":"https:\/\/www.dzagame.com\/en\/#website"},"primaryImageOfPage":{"@id":"https:\/\/www.dzagame.com\/en\/shop\/iptv\/ott-premium\/premium-ott-12-months-activation-code\/#primaryimage"},"image":{"@id":"https:\/\/www.dzagame.com\/en\/shop\/iptv\/ott-premium\/premium-ott-12-months-activation-code\/#primaryimage"},"thumbnailUrl":"https:\/\/www.dzagame.com\/wp-content\/uploads\/2024\/04\/Premium-OTT-12months-code.webp","datePublished":"2024-04-16T08:57:21+00:00","dateModified":"2024-11-25T17:05:08+00:00","description":"ABONNEMENT OTT PREMIUM Et RENOUVELLEMENT IPTV pour tout les appareils android et D\u00e9mo android..etc, Haute Qualit\u00e9 (\u00a0 HD \u2013 FHD\u00a0 \u2013 H265 - 4K )","breadcrumb":{"@id":"https:\/\/www.dzagame.com\/en\/shop\/iptv\/ott-premium\/premium-ott-12-months-activation-code\/#breadcrumb"},"inLanguage":"en-US","potentialAction":[{"@type":"ReadAction","target":["https:\/\/www.dzagame.com\/en\/shop\/iptv\/ott-premium\/premium-ott-12-months-activation-code\/"]}]},{"@type":"ImageObject","inLanguage":"en-US","@id":"https:\/\/www.dzagame.com\/en\/shop\/iptv\/ott-premium\/premium-ott-12-months-activation-code\/#primaryimage","url":"https:\/\/www.dzagame.com\/wp-content\/uploads\/2024\/04\/Premium-OTT-12months-code.webp","contentUrl":"https:\/\/www.dzagame.com\/wp-content\/uploads\/2024\/04\/Premium-OTT-12months-code.webp","width":200,"height":273,"caption":"Premium-OTT-12months-code"},{"@type":"BreadcrumbList","@id":"https:\/\/www.dzagame.com\/en\/shop\/iptv\/ott-premium\/premium-ott-12-months-activation-code\/#breadcrumb","itemListElement":[{"@type":"ListItem","position":1,"name":"dzagame","item":"https:\/\/www.dzagame.com\/en\/"},{"@type":"ListItem","position":2,"name":"Shop","item":"https:\/\/www.dzagame.com\/en\/shop\/"},{"@type":"ListItem","position":3,"name":"OTT PREMIUM 12-Months activation code"}]},{"@type":"WebSite","@id":"https:\/\/www.dzagame.com\/en\/#website","url":"https:\/\/www.dzagame.com\/en\/","name":"DZAGAME","description":"DIGITAL ITEMS &amp; ONLINE SERVICES SELL","publisher":{"@id":"https:\/\/www.dzagame.com\/en\/#organization"},"potentialAction":[{"@type":"SearchAction","target":{"@type":"EntryPoint","urlTemplate":"https:\/\/www.dzagame.com\/en\/?s={search_term_string}"},"query-input":{"@type":"PropertyValueSpecification","valueRequired":true,"valueName":"search_term_string"}}],"inLanguage":"en-US"},{"@type":"Organization","@id":"https:\/\/www.dzagame.com\/en\/#organization","name":"DZAGAME LTD","url":"https:\/\/www.dzagame.com\/en\/","logo":{"@type":"ImageObject","inLanguage":"en-US","@id":"https:\/\/www.dzagame.com\/en\/#\/schema\/logo\/image\/","url":"https:\/\/www.dzagame.com\/wp-content\/uploads\/2021\/03\/dzagame-logo.png","contentUrl":"https:\/\/www.dzagame.com\/wp-content\/uploads\/2021\/03\/dzagame-logo.png","width":100,"height":50,"caption":"DZAGAME LTD"},"image":{"@id":"https:\/\/www.dzagame.com\/en\/#\/schema\/logo\/image\/"},"sameAs":["https:\/\/www.facebook.com\/dzagameStore"]}]},"product_price_amount":"120.00","product_price_currency":"USD","og_availability":"instock","product_availability":"instock","product_condition":"new"},"wcpa_form_fields":null,"_links":{"self":[{"href":"https:\/\/www.dzagame.com\/en\/wp-json\/wp\/v2\/product\/35993","targetHints":{"allow":["GET"]}}],"collection":[{"href":"https:\/\/www.dzagame.com\/en\/wp-json\/wp\/v2\/product"}],"about":[{"href":"https:\/\/www.dzagame.com\/en\/wp-json\/wp\/v2\/types\/product"}],"wp:featuredmedia":[{"embeddable":true,"href":"https:\/\/www.dzagame.com\/en\/wp-json\/wp\/v2\/media\/35998"}],"wp:attachment":[{"href":"https:\/\/www.dzagame.com\/en\/wp-json\/wp\/v2\/media?parent=35993"}],"wp:term":[{"taxonomy":"product_brand","embeddable":true,"href":"https:\/\/www.dzagame.com\/en\/wp-json\/wp\/v2\/product_brand?post=35993"},{"taxonomy":"product_cat","embeddable":true,"href":"https:\/\/www.dzagame.com\/en\/wp-json\/wp\/v2\/product_cat?post=35993"},{"taxonomy":"product_tag","embeddable":true,"href":"https:\/\/www.dzagame.com\/en\/wp-json\/wp\/v2\/product_tag?post=35993"}],"curies":[{"name":"wp","href":"https:\/\/api.w.org\/{rel}","templated":true}]}}