{"id":4379,"date":"2021-11-25T23:58:53","date_gmt":"2021-11-25T22:58:53","guid":{"rendered":"https:\/\/dzagame.com\/politique-de-remboursement\/"},"modified":"2021-11-25T23:58:53","modified_gmt":"2021-11-25T22:58:53","slug":"politique-de-remboursement","status":"publish","type":"page","link":"https:\/\/www.dzagame.com\/fr\/politique-de-remboursement\/","title":{"rendered":"Politique de remboursement"},"content":{"rendered":"<h2>Politique de remboursement<\/h2>\n<p>1) Le remboursement des produits physiques achet\u00e9s aupr\u00e8s de DZAGAME est possible dans les cas suivants :<\/p>\n<p>\u2022 Si le produit que vous avez re\u00e7u ne correspond pas \u00e0 la description dans DZAGAME.COM<\/p>\n<p>\u2022 Endommag\u00e9 ou d\u00e9fectueux<\/p>\n<p>\u2022 La livraison d&#8217;un produit enti\u00e8rement fonctionnel est consid\u00e9rablement retard\u00e9e<\/p>\n<p>\u2022 Vous avez d\u00e9cid\u00e9 de retourner le produit dans les 14 jours suivant la livraison (vous n&#8217;avez pas besoin de fournir de raison)<\/p>\n<p>2) Les services rendus en environnement \u00e9lectronique ou les biens immat\u00e9riels et produits \u00e0 contenu num\u00e9rique (jeux, cl\u00e9 CD, cartes cadeaux pr\u00e9pay\u00e9es etc.) livr\u00e9s instantan\u00e9ment au consommateur ne peuvent \u00eatre annul\u00e9s et retourn\u00e9s. Tous les utilisateurs achetant sur notre site sont consid\u00e9r\u00e9s comme ayant accept\u00e9 cette exigence puisqu&#8217;ils ach\u00e8tent dans le cadre d&#8217;un contenu num\u00e9rique.<\/p>\n<p>Pour plus d&#8217;informations, veuillez lire les termes et conditions avec des informations compl\u00e8tes et contraignantes. Si vous avez d&#8217;autres questions, vous pouvez contacter notre <strong>\u00c9quipe de soutien<\/strong> en direct ou nous envoyer un e-mail \u00e0 <strong>contact@dzagame.com.<\/strong><\/p>\n","protected":false},"excerpt":{"rendered":"<p>Politique de remboursement 1) Le remboursement des produits physiques achet\u00e9s aupr\u00e8s de DZAGAME est possible dans les cas suivants : \u2022 Si le produit que vous avez re\u00e7u ne correspond pas \u00e0 la description dans DZAGAME.COM \u2022 Endommag\u00e9 ou d\u00e9fectueux \u2022 La livraison d&#8217;un produit enti\u00e8rement fonctionnel est consid\u00e9rablement retard\u00e9e \u2022 Vous avez d\u00e9cid\u00e9 de [&hellip;]<\/p>\n","protected":false},"author":1,"featured_media":0,"parent":0,"menu_order":0,"comment_status":"closed","ping_status":"closed","template":"","meta":{"footnotes":""},"class_list":["post-4379","page","type-page","status-publish","hentry"],"yoast_head":"<!-- This site is optimized with the Yoast SEO Premium plugin v23.3 (Yoast SEO v27.0) - https:\/\/yoast.com\/product\/yoast-seo-premium-wordpress\/ -->\n<title>Politique de remboursement - DZAGAME<\/title>\n<meta name=\"robots\" content=\"index, follow, max-snippet:-1, max-image-preview:large, max-video-preview:-1\" \/>\n<link rel=\"canonical\" href=\"https:\/\/www.dzagame.com\/fr\/politique-de-remboursement\/\" \/>\n<meta property=\"og:locale\" content=\"fr_FR\" \/>\n<meta property=\"og:type\" content=\"article\" \/>\n<meta property=\"og:title\" content=\"Politique de remboursement\" \/>\n<meta property=\"og:description\" content=\"Politique de remboursement 1) Le remboursement des produits physiques achet\u00e9s aupr\u00e8s de DZAGAME est possible dans les cas suivants : \u2022 Si le produit que vous avez re\u00e7u ne correspond pas \u00e0 la description dans DZAGAME.COM \u2022 Endommag\u00e9 ou d\u00e9fectueux \u2022 La livraison d&#8217;un produit enti\u00e8rement fonctionnel est consid\u00e9rablement retard\u00e9e \u2022 Vous avez d\u00e9cid\u00e9 de [&hellip;]\" \/>\n<meta property=\"og:url\" content=\"https:\/\/www.dzagame.com\/fr\/politique-de-remboursement\/\" \/>\n<meta property=\"og:site_name\" content=\"DZAGAME\" \/>\n<meta property=\"article:publisher\" content=\"https:\/\/www.facebook.com\/dzagameStore\" \/>\n<meta name=\"twitter:card\" content=\"summary_large_image\" \/>\n<meta name=\"twitter:label1\" content=\"Dur\u00e9e de lecture estim\u00e9e\" \/>\n\t<meta name=\"twitter:data1\" content=\"1 minute\" \/>\n<script type=\"application\/ld+json\" class=\"yoast-schema-graph\">{\"@context\":\"https:\/\/schema.org\",\"@graph\":[{\"@type\":\"WebPage\",\"@id\":\"https:\/\/www.dzagame.com\/fr\/politique-de-remboursement\/\",\"url\":\"https:\/\/www.dzagame.com\/fr\/politique-de-remboursement\/\",\"name\":\"Politique de remboursement - DZAGAME\",\"isPartOf\":{\"@id\":\"https:\/\/www.dzagame.com\/fr\/#website\"},\"datePublished\":\"2021-11-25T22:58:53+00:00\",\"breadcrumb\":{\"@id\":\"https:\/\/www.dzagame.com\/fr\/politique-de-remboursement\/#breadcrumb\"},\"inLanguage\":\"fr-FR\",\"potentialAction\":[{\"@type\":\"ReadAction\",\"target\":[\"https:\/\/www.dzagame.com\/fr\/politique-de-remboursement\/\"]}]},{\"@type\":\"BreadcrumbList\",\"@id\":\"https:\/\/www.dzagame.com\/fr\/politique-de-remboursement\/#breadcrumb\",\"itemListElement\":[{\"@type\":\"ListItem\",\"position\":1,\"name\":\"dzagame\",\"item\":\"https:\/\/www.dzagame.com\/fr\/accueil\/\"},{\"@type\":\"ListItem\",\"position\":2,\"name\":\"Politique de remboursement\"}]},{\"@type\":\"WebSite\",\"@id\":\"https:\/\/www.dzagame.com\/fr\/#website\",\"url\":\"https:\/\/www.dzagame.com\/fr\/\",\"name\":\"DZAGAME\",\"description\":\"DIGITAL ITEMS &amp; ONLINE SERVICES SELL\",\"publisher\":{\"@id\":\"https:\/\/www.dzagame.com\/fr\/#organization\"},\"potentialAction\":[{\"@type\":\"SearchAction\",\"target\":{\"@type\":\"EntryPoint\",\"urlTemplate\":\"https:\/\/www.dzagame.com\/fr\/?s={search_term_string}\"},\"query-input\":{\"@type\":\"PropertyValueSpecification\",\"valueRequired\":true,\"valueName\":\"search_term_string\"}}],\"inLanguage\":\"fr-FR\"},{\"@type\":\"Organization\",\"@id\":\"https:\/\/www.dzagame.com\/fr\/#organization\",\"name\":\"DZAGAME LTD\",\"url\":\"https:\/\/www.dzagame.com\/fr\/\",\"logo\":{\"@type\":\"ImageObject\",\"inLanguage\":\"fr-FR\",\"@id\":\"https:\/\/www.dzagame.com\/fr\/#\/schema\/logo\/image\/\",\"url\":\"https:\/\/www.dzagame.com\/wp-content\/uploads\/2021\/03\/dzagame-logo.png\",\"contentUrl\":\"https:\/\/www.dzagame.com\/wp-content\/uploads\/2021\/03\/dzagame-logo.png\",\"width\":100,\"height\":50,\"caption\":\"DZAGAME LTD\"},\"image\":{\"@id\":\"https:\/\/www.dzagame.com\/fr\/#\/schema\/logo\/image\/\"},\"sameAs\":[\"https:\/\/www.facebook.com\/dzagameStore\"]}]}<\/script>\n<!-- \/ Yoast SEO Premium plugin. -->","yoast_head_json":{"title":"Politique de remboursement - DZAGAME","robots":{"index":"index","follow":"follow","max-snippet":"max-snippet:-1","max-image-preview":"max-image-preview:large","max-video-preview":"max-video-preview:-1"},"canonical":"https:\/\/www.dzagame.com\/fr\/politique-de-remboursement\/","og_locale":"fr_FR","og_type":"article","og_title":"Politique de remboursement","og_description":"Politique de remboursement 1) Le remboursement des produits physiques achet\u00e9s aupr\u00e8s de DZAGAME est possible dans les cas suivants : \u2022 Si le produit que vous avez re\u00e7u ne correspond pas \u00e0 la description dans DZAGAME.COM \u2022 Endommag\u00e9 ou d\u00e9fectueux \u2022 La livraison d&#8217;un produit enti\u00e8rement fonctionnel est consid\u00e9rablement retard\u00e9e \u2022 Vous avez d\u00e9cid\u00e9 de [&hellip;]","og_url":"https:\/\/www.dzagame.com\/fr\/politique-de-remboursement\/","og_site_name":"DZAGAME","article_publisher":"https:\/\/www.facebook.com\/dzagameStore","twitter_card":"summary_large_image","twitter_misc":{"Dur\u00e9e de lecture estim\u00e9e":"1 minute"},"schema":{"@context":"https:\/\/schema.org","@graph":[{"@type":"WebPage","@id":"https:\/\/www.dzagame.com\/fr\/politique-de-remboursement\/","url":"https:\/\/www.dzagame.com\/fr\/politique-de-remboursement\/","name":"Politique de remboursement - DZAGAME","isPartOf":{"@id":"https:\/\/www.dzagame.com\/fr\/#website"},"datePublished":"2021-11-25T22:58:53+00:00","breadcrumb":{"@id":"https:\/\/www.dzagame.com\/fr\/politique-de-remboursement\/#breadcrumb"},"inLanguage":"fr-FR","potentialAction":[{"@type":"ReadAction","target":["https:\/\/www.dzagame.com\/fr\/politique-de-remboursement\/"]}]},{"@type":"BreadcrumbList","@id":"https:\/\/www.dzagame.com\/fr\/politique-de-remboursement\/#breadcrumb","itemListElement":[{"@type":"ListItem","position":1,"name":"dzagame","item":"https:\/\/www.dzagame.com\/fr\/accueil\/"},{"@type":"ListItem","position":2,"name":"Politique de remboursement"}]},{"@type":"WebSite","@id":"https:\/\/www.dzagame.com\/fr\/#website","url":"https:\/\/www.dzagame.com\/fr\/","name":"DZAGAME","description":"DIGITAL ITEMS &amp; ONLINE SERVICES SELL","publisher":{"@id":"https:\/\/www.dzagame.com\/fr\/#organization"},"potentialAction":[{"@type":"SearchAction","target":{"@type":"EntryPoint","urlTemplate":"https:\/\/www.dzagame.com\/fr\/?s={search_term_string}"},"query-input":{"@type":"PropertyValueSpecification","valueRequired":true,"valueName":"search_term_string"}}],"inLanguage":"fr-FR"},{"@type":"Organization","@id":"https:\/\/www.dzagame.com\/fr\/#organization","name":"DZAGAME LTD","url":"https:\/\/www.dzagame.com\/fr\/","logo":{"@type":"ImageObject","inLanguage":"fr-FR","@id":"https:\/\/www.dzagame.com\/fr\/#\/schema\/logo\/image\/","url":"https:\/\/www.dzagame.com\/wp-content\/uploads\/2021\/03\/dzagame-logo.png","contentUrl":"https:\/\/www.dzagame.com\/wp-content\/uploads\/2021\/03\/dzagame-logo.png","width":100,"height":50,"caption":"DZAGAME LTD"},"image":{"@id":"https:\/\/www.dzagame.com\/fr\/#\/schema\/logo\/image\/"},"sameAs":["https:\/\/www.facebook.com\/dzagameStore"]}]}},"_links":{"self":[{"href":"https:\/\/www.dzagame.com\/fr\/wp-json\/wp\/v2\/pages\/4379","targetHints":{"allow":["GET"]}}],"collection":[{"href":"https:\/\/www.dzagame.com\/fr\/wp-json\/wp\/v2\/pages"}],"about":[{"href":"https:\/\/www.dzagame.com\/fr\/wp-json\/wp\/v2\/types\/page"}],"author":[{"embeddable":true,"href":"https:\/\/www.dzagame.com\/fr\/wp-json\/wp\/v2\/users\/1"}],"replies":[{"embeddable":true,"href":"https:\/\/www.dzagame.com\/fr\/wp-json\/wp\/v2\/comments?post=4379"}],"version-history":[{"count":0,"href":"https:\/\/www.dzagame.com\/fr\/wp-json\/wp\/v2\/pages\/4379\/revisions"}],"wp:attachment":[{"href":"https:\/\/www.dzagame.com\/fr\/wp-json\/wp\/v2\/media?parent=4379"}],"curies":[{"name":"wp","href":"https:\/\/api.w.org\/{rel}","templated":true}]}}