{"id":11989,"date":"2022-11-08T13:25:03","date_gmt":"2022-11-08T12:25:03","guid":{"rendered":"https:\/\/dzagame.com\/?post_type=product&#038;p=11989"},"modified":"2026-05-02T21:16:34","modified_gmt":"2026-05-02T20:16:34","slug":"myhd-activation-code","status":"publish","type":"product","link":"https:\/\/www.dzagame.com\/fr\/shop\/myhd-tv\/myhd-activation-code\/","title":{"rendered":"MYHD 12-months activation code"},"content":{"rendered":"<p style=\"text-align: center;\"><span style=\"color: #ff0000;\">Administrator message MYHD IPTV team:<\/span><br \/>\n<span style=\"color: #ff0000;\">\u062a\u0646\u0648\u064a\u0647 \u0647\u0627\u0645 \u0644\u0644\u0632\u0628\u0627\u0626\u0646 \u0627\u0644\u0643\u0631\u0627\u0645<\/span><\/p>\n<p style=\"text-align: center;\"><span style=\"color: #ff0000;\">\u0646\u0648\u062f \u0627\u0644\u062a\u0646\u0648\u064a\u0647 \u0625\u0644\u0649 \u0623\u0646 \u0628\u0627\u0642\u0629 \u0643\u0623\u0633 \u0627\u0644\u0639\u0627\u0644\u0645 \u063a\u064a\u0631 \u0645\u0634\u0645\u0648\u0644\u0629 \u0636\u0645\u0646 \u0623\u064a \u0645\u0646 \u0627\u0644\u0627\u0634\u062a\u0631\u0627\u0643\u0627\u062a \u0627\u0644\u062d\u0627\u0644\u064a\u0629\u060c \u0648\u0633\u064a\u0643\u0648\u0646 \u0644\u0647\u0627 \u0627\u0634\u062a\u0631\u0627\u0643 \u0645\u0633\u062a\u0642\u0644 \u0648\u062e\u0627\u0635<\/span><\/p>\n<p style=\"text-align: center;\"><span style=\"color: #ff0000;\">\u0633\u064a\u062a\u0645 \u0627\u0644\u0625\u0639\u0644\u0627\u0646 \u0639\u0646 \u062a\u0641\u0627\u0635\u064a\u0644 \u0627\u0644\u0627\u0634\u062a\u0631\u0627\u0643 \u0642\u0631\u064a\u0628\u064b\u0627.<\/span><\/p>\n<p style=\"text-align: center;\"><span style=\"color: #ff0000;\">Important Notice to MYHD IPTV customers:<\/span><\/p>\n<p style=\"text-align: center;\"><span style=\"color: #ff0000;\">Please note that the World Cup package is not included in any of the current subscriptions and will require a separate and dedicated subscription<\/span><\/p>\n<p style=\"text-align: center;\"><span style=\"color: #ff0000;\">Further details will be announced soon.<\/span><\/p>\n<p style=\"text-align: center;\"><span style=\"color: #ff0000;\">Avis Important aux clients MYHD IPTV:<\/span><\/p>\n<p style=\"text-align: center;\"><span style=\"color: #ff0000;\">Veuillez noter que le forfait Coupe du Monde n\u2019est inclus dans aucun des abonnements actuels et qu\u2019il n\u00e9cessitera un abonnement s\u00e9par\u00e9 et d\u00e9di\u00e9<\/span><\/p>\n<p style=\"text-align: center;\"><span style=\"color: #ff0000;\">De plus amples d\u00e9tails seront annonc\u00e9s prochainement.<\/span><\/p>\n<h2 style=\"text-align: center;\"><\/h2>\n<h2 style=\"text-align: center;\">MYHD 12-months activation code<\/h2>\n<h3><strong>Product Description:<\/strong><\/h3>\n<p>MYHD 12-months activation code provides services that give you access to all your favorite TV Channels.<\/p>\n<h3><strong>Supported Devices:<\/strong><\/h3>\n<p>MYHD can work on Android devices such as Android phones, tablets, and android tv boxes. It can also work on PC as there is dedicated software for PC users.<\/p>\n<h3>where can I get my code:<\/h3>\n<p>after you make the payment, MYHD activation code will send to your email and you can see your code also on your dzagame account: my account&gt; my orders&gt; view order.<\/p>\n<h3><\/h3>\n<h3>Download <strong>MYHD <\/strong>app For Android:<\/h3>\n<h3><strong>MYHD IPTV:\u00a0<\/strong><\/h3>\n<ul>\n<li><a href=\"http:\/\/myhd.online:2082\/reseller\/apk\/MYHD_IPTV.apk\" target=\"_blank\" rel=\"noopener\">http:\/\/aftv.news\/449159<\/a><\/li>\n<li>downloader: 449159<\/li>\n<\/ul>\n<h3><strong>MYHD One:\u00a0<\/strong><\/h3>\n<ul>\n<li><a href=\"http:\/\/myhd.online:2082\/reseller\/apk\/MyHDOne.apk\" target=\"_blank\" rel=\"noopener\">http:\/\/aftv.news\/7255692<\/a><\/li>\n<li>downloader: 985143<\/li>\n<\/ul>\n<h3><strong>MYHD MAX:\u00a0<\/strong><\/h3>\n<ul>\n<li><a href=\"http:\/\/myhd.online:2082\/reseller\/apk\/MYHD-MAX.apk\" target=\"_blank\" rel=\"noopener\">http:\/\/aftv.news\/7929926<\/a><\/li>\n<li>downloader: 7929926<\/li>\n<\/ul>\n<h3>Download <strong>MYHD <\/strong>app For IOS :<\/h3>\n<p><a href=\"https:\/\/apps.apple.com\/jo\/app\/myhd-iptv\/id1462592455\" target=\"_blank\" rel=\"noopener\">https:\/\/apps.apple.com\/jo\/app\/myhd-iptv\/id1462592455<\/a><\/p>\n<h3>\u0631\u0627\u0628\u0637 \u0644\u0639\u0645\u0644 reset \u0631\u064a\u0633\u064a\u062a \u0644\u0623\u0643\u0648\u0627\u062f MYHD \u0627\u0644\u0645\u062a\u0648\u0642\u0641\u0629:<\/h3>\n<p>https:\/\/restmyhd.online\/ResetMyNew<\/p>\n<p>code : code activation<br \/>\npassword : 0000<\/p>\n<p>MYHD channel en telegram: <a href=\"https:\/\/t.me\/+Szq0xG3-UZM4MTFk\">here<\/a><\/p>\n<h3><strong>CONTACT US:<\/strong><\/h3>\n<p>if you need any help don&#8217;t hesitate to get in touch with us on WhatsApp:\u00a0 <a href=\"https:\/\/wa.me\/213553039009\">+213553039009<\/a><\/p>\n<h2>Important:<\/h2>\n<p>1- The supplier remains solely responsible for the content of his packages and the availability of the channels included in his offer.<\/p>\n<p>2- Some channels or bouquets may be temporarily unavailable, this is totally beyond our control<\/p>\n<p>3- No guarantee on the availability of services or packages during the subscription.<\/p>\n<p>4- the code is irreversibly linked with the Mac address of the first receiver that uses it.<\/p>\n<h3><strong>\u0647\u0627\u0645:<\/strong><\/h3>\n<div id=\"translation\">\n<div class=\"gtx-body\">1- \u064a\u0628\u0642\u0649 \u0627\u0644\u0645\u0648\u0631\u062f \u0648\u062d\u062f\u0647 \u0645\u0633\u0624\u0648\u0644\u0627\u064b \u0639\u0646 \u0645\u062d\u062a\u0648\u0649 \u0627\u0644\u0633\u0631\u0641\u0631 \u0648\u062a\u0648\u0627\u0641\u0631 \u0627\u0644\u0642\u0646\u0648\u0627\u062a \u0627\u0644\u0645\u062f\u0631\u062c\u0629 .<\/div>\n<div id=\"translation\">\n<div class=\"gtx-body\">2- \u0642\u062f \u062a\u0643\u0648\u0646 \u0628\u0639\u0636 \u0627\u0644\u0642\u0646\u0648\u0627\u062a \u0623\u0648 \u0627\u0644\u0628\u0627\u0642\u0627\u062a \u063a\u064a\u0631 \u0645\u062a\u0627\u062d\u0629 \u0645\u0624\u0642\u062a\u064b\u0627 \u060c \u0648\u0647\u0630\u0627 \u062e\u0627\u0631\u062c \u0639\u0646 \u0633\u064a\u0637\u0631\u062a\u0646\u0627 \u062a\u0645\u0627\u0645\u064b\u0627<\/div>\n<div id=\"translation\">\n<div class=\"gtx-body\"><span style=\"color: #ff0000;\">3- \u0644\u0627 \u064a\u0648\u062c\u062f \u0623\u064a \u0636\u0645\u0627\u0646 \u0639\u0644\u0649 \u062a\u0648\u0641\u0631 \u0627\u0644\u062e\u062f\u0645\u0627\u062a \u0623\u0648 \u0627\u0644\u0628\u0627\u0642\u0627\u062a \u0623\u062b\u0646\u0627\u0621 \u0627\u0644\u0627\u0634\u062a\u0631\u0627\u0643.<\/span><\/div>\n<div>4-\u064a\u062a\u0645 \u0631\u0628\u0637 \u0627\u0644\u0643\u0648\u062f \u0628\u0623\u0648\u0644 \u062c\u0647\u0627\u0632 \u064a\u062a\u0635\u0644 \u0628\u0647 \u0639\u0628\u0631 \u0639\u0646\u0648\u0627\u0646 \u0645\u0627\u0643 MAC<br \/>\n\u0648\u0644\u0627 \u064a\u0645\u0643\u0646\u0643 \u062a\u063a\u064a\u064a\u0631 \u0627\u0644\u062c\u0647\u0627\u0632 \u0628\u0639\u062f \u0623\u0648\u0644 \u0631\u0628\u0637.<\/div>\n<\/div>\n<\/div>\n<\/div>\n","protected":false},"excerpt":{"rendered":"<div class=\"description woocommerce-product-details__short-description\">\n<div class=\"description woocommerce-product-details__short-description\">\n<h1 style=\"font-size: 26px; font-weight: bold; margin-bottom: 12px;\"><span style=\"color: #e03e2d;\">\u0644\u0627 \u064a\u0634\u0645\u0644 \u0643\u0623\u0633 \u0627\u0644\u0639\u0627\u0644\u06452026<\/span><\/h1>\n<h1 style=\"font-size: 26px; font-weight: bold; margin-bottom: 12px;\"><span style=\"color: #e03e2d;\">not for World Cup <\/span><span style=\"color: #e03e2d;\">2026<\/span><\/h1>\n<p><strong><span style=\"color: #339966; font-size: 12px;\">-delivery Time: 1-60 Minutes (working hours)<\/span><\/strong><br \/>\n<span style=\"font-size: 12px;\">-no refund under any condition<\/span><br \/>\n<span style=\"font-size: 12px;\">-we are not responsible If the server stop working before the expiration date.<\/span><\/p>\n<\/div>\n<\/div>\n","protected":false},"featured_media":11991,"template":"","meta":[],"product_brand":[],"product_cat":[795],"product_tag":[460,796],"class_list":{"0":"post-11989","1":"product","2":"type-product","3":"status-publish","4":"has-post-thumbnail","6":"product_cat-myhd","7":"product_tag-iptv","8":"product_tag-myhd","10":"first","11":"instock","12":"featured","13":"virtual","14":"purchasable","15":"product-type-simple"},"yoast_head":"<!-- This site is optimized with the Yoast SEO Premium plugin v23.3 (Yoast SEO v27.0) - https:\/\/yoast.com\/product\/yoast-seo-premium-wordpress\/ -->\n<title>MYHD 12-months activation code - DZAGAME<\/title>\n<meta name=\"description\" content=\"MYHD activation code provides the best IPTV services that give you access to all your favorite TV Channels without any freeze.\" \/>\n<meta name=\"robots\" content=\"index, follow, max-snippet:-1, max-image-preview:large, max-video-preview:-1\" \/>\n<link rel=\"canonical\" href=\"https:\/\/www.dzagame.com\/fr\/shop\/myhd-tv\/myhd-activation-code\/\" \/>\n<meta property=\"og:locale\" content=\"fr_FR\" \/>\n<meta property=\"og:type\" content=\"article\" \/>\n<meta property=\"og:title\" content=\"MYHD 12-months activation code\" \/>\n<meta property=\"og:description\" content=\"MYHD activation code provides the best IPTV services that give you access to all your favorite TV Channels without any freeze.\" \/>\n<meta property=\"og:url\" content=\"https:\/\/www.dzagame.com\/fr\/shop\/myhd-tv\/myhd-activation-code\/\" \/>\n<meta property=\"og:site_name\" content=\"DZAGAME\" \/>\n<meta property=\"article:publisher\" content=\"https:\/\/www.facebook.com\/dzagameStore\" \/>\n<meta property=\"article:modified_time\" content=\"2026-05-02T20:16:34+00:00\" \/>\n<meta property=\"og:image\" content=\"https:\/\/www.dzagame.com\/wp-content\/uploads\/2022\/11\/my-hd.webp\" \/>\n\t<meta property=\"og:image:width\" content=\"200\" \/>\n\t<meta property=\"og:image:height\" content=\"273\" \/>\n\t<meta property=\"og:image:type\" content=\"image\/webp\" \/>\n<meta name=\"twitter:card\" content=\"summary_large_image\" \/>\n<meta name=\"twitter:label1\" content=\"Prix\" \/>\n\t<meta name=\"twitter:data1\" content=\"USD&nbsp;40.00\" \/>\n\t<meta name=\"twitter:label2\" content=\"Disponibilit\u00e9\" \/>\n\t<meta name=\"twitter:data2\" content=\"En stock\" \/>\n<script type=\"application\/ld+json\" class=\"yoast-schema-graph\">{\"@context\":\"https:\/\/schema.org\",\"@graph\":[{\"@type\":\"WebPage\",\"@id\":\"https:\/\/www.dzagame.com\/fr\/shop\/myhd-tv\/myhd-activation-code\/\",\"url\":\"https:\/\/www.dzagame.com\/fr\/shop\/myhd-tv\/myhd-activation-code\/\",\"name\":\"MYHD 12-months activation code - DZAGAME\",\"isPartOf\":{\"@id\":\"https:\/\/www.dzagame.com\/fr\/#website\"},\"primaryImageOfPage\":{\"@id\":\"https:\/\/www.dzagame.com\/fr\/shop\/myhd-tv\/myhd-activation-code\/#primaryimage\"},\"image\":{\"@id\":\"https:\/\/www.dzagame.com\/fr\/shop\/myhd-tv\/myhd-activation-code\/#primaryimage\"},\"thumbnailUrl\":\"https:\/\/www.dzagame.com\/wp-content\/uploads\/2022\/11\/my-hd.webp\",\"datePublished\":\"2022-11-08T12:25:03+00:00\",\"dateModified\":\"2026-05-02T20:16:34+00:00\",\"description\":\"MYHD activation code provides the best IPTV services that give you access to all your favorite TV Channels without any freeze.\",\"breadcrumb\":{\"@id\":\"https:\/\/www.dzagame.com\/fr\/shop\/myhd-tv\/myhd-activation-code\/#breadcrumb\"},\"inLanguage\":\"fr-FR\",\"potentialAction\":[{\"@type\":\"ReadAction\",\"target\":[\"https:\/\/www.dzagame.com\/fr\/shop\/myhd-tv\/myhd-activation-code\/\"]}]},{\"@type\":\"ImageObject\",\"inLanguage\":\"fr-FR\",\"@id\":\"https:\/\/www.dzagame.com\/fr\/shop\/myhd-tv\/myhd-activation-code\/#primaryimage\",\"url\":\"https:\/\/www.dzagame.com\/wp-content\/uploads\/2022\/11\/my-hd.webp\",\"contentUrl\":\"https:\/\/www.dzagame.com\/wp-content\/uploads\/2022\/11\/my-hd.webp\",\"width\":200,\"height\":273,\"caption\":\"MYHD activation code\"},{\"@type\":\"BreadcrumbList\",\"@id\":\"https:\/\/www.dzagame.com\/fr\/shop\/myhd-tv\/myhd-activation-code\/#breadcrumb\",\"itemListElement\":[{\"@type\":\"ListItem\",\"position\":1,\"name\":\"dzagame\",\"item\":\"https:\/\/www.dzagame.com\/fr\/accueil\/\"},{\"@type\":\"ListItem\",\"position\":2,\"name\":\"Boutique\",\"item\":\"https:\/\/www.dzagame.com\/fr\/shop\/\"},{\"@type\":\"ListItem\",\"position\":3,\"name\":\"MYHD 12-months activation code\"}]},{\"@type\":\"WebSite\",\"@id\":\"https:\/\/www.dzagame.com\/fr\/#website\",\"url\":\"https:\/\/www.dzagame.com\/fr\/\",\"name\":\"DZAGAME\",\"description\":\"DIGITAL ITEMS &amp; ONLINE SERVICES SELL\",\"publisher\":{\"@id\":\"https:\/\/www.dzagame.com\/fr\/#organization\"},\"potentialAction\":[{\"@type\":\"SearchAction\",\"target\":{\"@type\":\"EntryPoint\",\"urlTemplate\":\"https:\/\/www.dzagame.com\/fr\/?s={search_term_string}\"},\"query-input\":{\"@type\":\"PropertyValueSpecification\",\"valueRequired\":true,\"valueName\":\"search_term_string\"}}],\"inLanguage\":\"fr-FR\"},{\"@type\":\"Organization\",\"@id\":\"https:\/\/www.dzagame.com\/fr\/#organization\",\"name\":\"DZAGAME LTD\",\"url\":\"https:\/\/www.dzagame.com\/fr\/\",\"logo\":{\"@type\":\"ImageObject\",\"inLanguage\":\"fr-FR\",\"@id\":\"https:\/\/www.dzagame.com\/fr\/#\/schema\/logo\/image\/\",\"url\":\"https:\/\/www.dzagame.com\/wp-content\/uploads\/2021\/03\/dzagame-logo.png\",\"contentUrl\":\"https:\/\/www.dzagame.com\/wp-content\/uploads\/2021\/03\/dzagame-logo.png\",\"width\":100,\"height\":50,\"caption\":\"DZAGAME LTD\"},\"image\":{\"@id\":\"https:\/\/www.dzagame.com\/fr\/#\/schema\/logo\/image\/\"},\"sameAs\":[\"https:\/\/www.facebook.com\/dzagameStore\"]}]}<\/script>\n<meta property=\"product:price:amount\" content=\"40.00\" \/>\n<meta property=\"product:price:currency\" content=\"USD\" \/>\n<meta property=\"og:availability\" content=\"instock\" \/>\n<meta property=\"product:availability\" content=\"instock\" \/>\n<meta property=\"product:condition\" content=\"new\" \/>\n<!-- \/ Yoast SEO Premium plugin. -->","yoast_head_json":{"title":"MYHD 12-months activation code - DZAGAME","description":"MYHD activation code provides the best IPTV services that give you access to all your favorite TV Channels without any freeze.","robots":{"index":"index","follow":"follow","max-snippet":"max-snippet:-1","max-image-preview":"max-image-preview:large","max-video-preview":"max-video-preview:-1"},"canonical":"https:\/\/www.dzagame.com\/fr\/shop\/myhd-tv\/myhd-activation-code\/","og_locale":"fr_FR","og_type":"article","og_title":"MYHD 12-months activation code","og_description":"MYHD activation code provides the best IPTV services that give you access to all your favorite TV Channels without any freeze.","og_url":"https:\/\/www.dzagame.com\/fr\/shop\/myhd-tv\/myhd-activation-code\/","og_site_name":"DZAGAME","article_publisher":"https:\/\/www.facebook.com\/dzagameStore","article_modified_time":"2026-05-02T20:16:34+00:00","og_image":[{"width":200,"height":273,"url":"https:\/\/www.dzagame.com\/wp-content\/uploads\/2022\/11\/my-hd.webp","type":"image\/webp"}],"twitter_card":"summary_large_image","twitter_misc":{"Prix":"USD&nbsp;40.00","Disponibilit\u00e9":"En stock"},"schema":{"@context":"https:\/\/schema.org","@graph":[{"@type":"WebPage","@id":"https:\/\/www.dzagame.com\/fr\/shop\/myhd-tv\/myhd-activation-code\/","url":"https:\/\/www.dzagame.com\/fr\/shop\/myhd-tv\/myhd-activation-code\/","name":"MYHD 12-months activation code - DZAGAME","isPartOf":{"@id":"https:\/\/www.dzagame.com\/fr\/#website"},"primaryImageOfPage":{"@id":"https:\/\/www.dzagame.com\/fr\/shop\/myhd-tv\/myhd-activation-code\/#primaryimage"},"image":{"@id":"https:\/\/www.dzagame.com\/fr\/shop\/myhd-tv\/myhd-activation-code\/#primaryimage"},"thumbnailUrl":"https:\/\/www.dzagame.com\/wp-content\/uploads\/2022\/11\/my-hd.webp","datePublished":"2022-11-08T12:25:03+00:00","dateModified":"2026-05-02T20:16:34+00:00","description":"MYHD activation code provides the best IPTV services that give you access to all your favorite TV Channels without any freeze.","breadcrumb":{"@id":"https:\/\/www.dzagame.com\/fr\/shop\/myhd-tv\/myhd-activation-code\/#breadcrumb"},"inLanguage":"fr-FR","potentialAction":[{"@type":"ReadAction","target":["https:\/\/www.dzagame.com\/fr\/shop\/myhd-tv\/myhd-activation-code\/"]}]},{"@type":"ImageObject","inLanguage":"fr-FR","@id":"https:\/\/www.dzagame.com\/fr\/shop\/myhd-tv\/myhd-activation-code\/#primaryimage","url":"https:\/\/www.dzagame.com\/wp-content\/uploads\/2022\/11\/my-hd.webp","contentUrl":"https:\/\/www.dzagame.com\/wp-content\/uploads\/2022\/11\/my-hd.webp","width":200,"height":273,"caption":"MYHD activation code"},{"@type":"BreadcrumbList","@id":"https:\/\/www.dzagame.com\/fr\/shop\/myhd-tv\/myhd-activation-code\/#breadcrumb","itemListElement":[{"@type":"ListItem","position":1,"name":"dzagame","item":"https:\/\/www.dzagame.com\/fr\/accueil\/"},{"@type":"ListItem","position":2,"name":"Boutique","item":"https:\/\/www.dzagame.com\/fr\/shop\/"},{"@type":"ListItem","position":3,"name":"MYHD 12-months activation code"}]},{"@type":"WebSite","@id":"https:\/\/www.dzagame.com\/fr\/#website","url":"https:\/\/www.dzagame.com\/fr\/","name":"DZAGAME","description":"DIGITAL ITEMS &amp; ONLINE SERVICES SELL","publisher":{"@id":"https:\/\/www.dzagame.com\/fr\/#organization"},"potentialAction":[{"@type":"SearchAction","target":{"@type":"EntryPoint","urlTemplate":"https:\/\/www.dzagame.com\/fr\/?s={search_term_string}"},"query-input":{"@type":"PropertyValueSpecification","valueRequired":true,"valueName":"search_term_string"}}],"inLanguage":"fr-FR"},{"@type":"Organization","@id":"https:\/\/www.dzagame.com\/fr\/#organization","name":"DZAGAME LTD","url":"https:\/\/www.dzagame.com\/fr\/","logo":{"@type":"ImageObject","inLanguage":"fr-FR","@id":"https:\/\/www.dzagame.com\/fr\/#\/schema\/logo\/image\/","url":"https:\/\/www.dzagame.com\/wp-content\/uploads\/2021\/03\/dzagame-logo.png","contentUrl":"https:\/\/www.dzagame.com\/wp-content\/uploads\/2021\/03\/dzagame-logo.png","width":100,"height":50,"caption":"DZAGAME LTD"},"image":{"@id":"https:\/\/www.dzagame.com\/fr\/#\/schema\/logo\/image\/"},"sameAs":["https:\/\/www.facebook.com\/dzagameStore"]}]},"product_price_amount":"40.00","product_price_currency":"USD","og_availability":"instock","product_availability":"instock","product_condition":"new"},"wcpa_form_fields":null,"_links":{"self":[{"href":"https:\/\/www.dzagame.com\/fr\/wp-json\/wp\/v2\/product\/11989","targetHints":{"allow":["GET"]}}],"collection":[{"href":"https:\/\/www.dzagame.com\/fr\/wp-json\/wp\/v2\/product"}],"about":[{"href":"https:\/\/www.dzagame.com\/fr\/wp-json\/wp\/v2\/types\/product"}],"wp:featuredmedia":[{"embeddable":true,"href":"https:\/\/www.dzagame.com\/fr\/wp-json\/wp\/v2\/media\/11991"}],"wp:attachment":[{"href":"https:\/\/www.dzagame.com\/fr\/wp-json\/wp\/v2\/media?parent=11989"}],"wp:term":[{"taxonomy":"product_brand","embeddable":true,"href":"https:\/\/www.dzagame.com\/fr\/wp-json\/wp\/v2\/product_brand?post=11989"},{"taxonomy":"product_cat","embeddable":true,"href":"https:\/\/www.dzagame.com\/fr\/wp-json\/wp\/v2\/product_cat?post=11989"},{"taxonomy":"product_tag","embeddable":true,"href":"https:\/\/www.dzagame.com\/fr\/wp-json\/wp\/v2\/product_tag?post=11989"}],"curies":[{"name":"wp","href":"https:\/\/api.w.org\/{rel}","templated":true}]}}