{"id":22102,"date":"2023-05-19T07:01:13","date_gmt":"2023-05-19T06:01:13","guid":{"rendered":"https:\/\/dzagame.com\/politica-de-reembolso\/"},"modified":"2023-05-19T07:01:13","modified_gmt":"2023-05-19T06:01:13","slug":"politica-de-reembolso","status":"publish","type":"page","link":"https:\/\/www.dzagame.com\/pt-pt\/politica-de-reembolso\/","title":{"rendered":"Pol\u00edtica de Reembolso"},"content":{"rendered":"<h2>Pol\u00edtica de Reembolso<\/h2>\n<p>1- O reembolso de produtos f\u00edsicos adquiridos na DZAGAME \u00e9 poss\u00edvel nos seguintes casos:<\/p>\n<p>\u2022 Se o produto que voc\u00ea recebeu n\u00e3o corresponder \u00e0 descri\u00e7\u00e3o em DZAGAME.COM<\/p>\n<p>\u2022 Danificado ou com defeito<\/p>\n<p>\u2022 A entrega de um produto totalmente funcional est\u00e1 significativamente atrasada<\/p>\n<p>\u2022 Voc\u00ea decidiu devolver o produto dentro de 14 dias ap\u00f3s a entrega (voc\u00ea n\u00e3o precisa fornecer um motivo)<\/p>\n<p>2) Os servi\u00e7os prestados em ambiente eletr\u00f4nico ou os bens intang\u00edveis e produtos de conte\u00fado digital (jogos, CD keys, cart\u00f5es de presente pr\u00e9-pagos, etc.) entregues instantaneamente ao consumidor n\u00e3o podem ser cancelados e devolvidos. Todos os usu\u00e1rios que fazem compras em nosso site s\u00e3o considerados terem aceitado esse requisito, uma vez que est\u00e3o comprando dentro do escopo de conte\u00fado digital.<\/p>\n<p>Para obter mais informa\u00e7\u00f5es, por favor, leia os Termos e Condi\u00e7\u00f5es com informa\u00e7\u00f5es completas e vinculativas. Se voc\u00ea tiver mais alguma d\u00favida, pode entrar em contato com nossa Equipe de <strong>Suporte<\/strong> ao Vivo ou nos enviar um e-mail para <strong>contact@dzagame.com.<\/strong><\/p>\n","protected":false},"excerpt":{"rendered":"<p>Pol\u00edtica de Reembolso 1- O reembolso de produtos f\u00edsicos adquiridos na DZAGAME \u00e9 poss\u00edvel nos seguintes casos: \u2022 Se o produto que voc\u00ea recebeu n\u00e3o corresponder \u00e0 descri\u00e7\u00e3o em DZAGAME.COM \u2022 Danificado ou com defeito \u2022 A entrega de um produto totalmente funcional est\u00e1 significativamente atrasada \u2022 Voc\u00ea decidiu devolver o produto dentro de 14 [&hellip;]<\/p>\n","protected":false},"author":1,"featured_media":0,"parent":0,"menu_order":0,"comment_status":"closed","ping_status":"closed","template":"","meta":{"footnotes":""},"class_list":["post-22102","page","type-page","status-publish","hentry"],"yoast_head":"<!-- This site is optimized with the Yoast SEO Premium plugin v23.3 (Yoast SEO v27.0) - https:\/\/yoast.com\/product\/yoast-seo-premium-wordpress\/ -->\n<title>Pol\u00edtica de Reembolso - DZAGAME<\/title>\n<meta name=\"robots\" content=\"index, follow, max-snippet:-1, max-image-preview:large, max-video-preview:-1\" \/>\n<link rel=\"canonical\" href=\"https:\/\/www.dzagame.com\/pt-pt\/politica-de-reembolso\/\" \/>\n<meta property=\"og:locale\" content=\"pt_PT\" \/>\n<meta property=\"og:type\" content=\"article\" \/>\n<meta property=\"og:title\" content=\"Pol\u00edtica de Reembolso\" \/>\n<meta property=\"og:description\" content=\"Pol\u00edtica de Reembolso 1- O reembolso de produtos f\u00edsicos adquiridos na DZAGAME \u00e9 poss\u00edvel nos seguintes casos: \u2022 Se o produto que voc\u00ea recebeu n\u00e3o corresponder \u00e0 descri\u00e7\u00e3o em DZAGAME.COM \u2022 Danificado ou com defeito \u2022 A entrega de um produto totalmente funcional est\u00e1 significativamente atrasada \u2022 Voc\u00ea decidiu devolver o produto dentro de 14 [&hellip;]\" \/>\n<meta property=\"og:url\" content=\"https:\/\/www.dzagame.com\/pt-pt\/politica-de-reembolso\/\" \/>\n<meta property=\"og:site_name\" content=\"DZAGAME\" \/>\n<meta property=\"article:publisher\" content=\"https:\/\/www.facebook.com\/dzagameStore\" \/>\n<meta name=\"twitter:card\" content=\"summary_large_image\" \/>\n<meta name=\"twitter:label1\" content=\"Tempo estimado de leitura\" \/>\n\t<meta name=\"twitter:data1\" content=\"1 minuto\" \/>\n<script type=\"application\/ld+json\" class=\"yoast-schema-graph\">{\"@context\":\"https:\/\/schema.org\",\"@graph\":[{\"@type\":\"WebPage\",\"@id\":\"https:\/\/www.dzagame.com\/pt-pt\/politica-de-reembolso\/\",\"url\":\"https:\/\/www.dzagame.com\/pt-pt\/politica-de-reembolso\/\",\"name\":\"Pol\u00edtica de Reembolso - DZAGAME\",\"isPartOf\":{\"@id\":\"https:\/\/www.dzagame.com\/pt-pt\/#website\"},\"datePublished\":\"2023-05-19T06:01:13+00:00\",\"breadcrumb\":{\"@id\":\"https:\/\/www.dzagame.com\/pt-pt\/politica-de-reembolso\/#breadcrumb\"},\"inLanguage\":\"pt-PT\",\"potentialAction\":[{\"@type\":\"ReadAction\",\"target\":[\"https:\/\/www.dzagame.com\/pt-pt\/politica-de-reembolso\/\"]}]},{\"@type\":\"BreadcrumbList\",\"@id\":\"https:\/\/www.dzagame.com\/pt-pt\/politica-de-reembolso\/#breadcrumb\",\"itemListElement\":[{\"@type\":\"ListItem\",\"position\":1,\"name\":\"dzagame\",\"item\":\"https:\/\/www.dzagame.com\/pt-pt\/\"},{\"@type\":\"ListItem\",\"position\":2,\"name\":\"Pol\u00edtica de Reembolso\"}]},{\"@type\":\"WebSite\",\"@id\":\"https:\/\/www.dzagame.com\/pt-pt\/#website\",\"url\":\"https:\/\/www.dzagame.com\/pt-pt\/\",\"name\":\"DZAGAME\",\"description\":\"DIGITAL ITEMS &amp; ONLINE SERVICES SELL\",\"publisher\":{\"@id\":\"https:\/\/www.dzagame.com\/pt-pt\/#organization\"},\"potentialAction\":[{\"@type\":\"SearchAction\",\"target\":{\"@type\":\"EntryPoint\",\"urlTemplate\":\"https:\/\/www.dzagame.com\/pt-pt\/?s={search_term_string}\"},\"query-input\":{\"@type\":\"PropertyValueSpecification\",\"valueRequired\":true,\"valueName\":\"search_term_string\"}}],\"inLanguage\":\"pt-PT\"},{\"@type\":\"Organization\",\"@id\":\"https:\/\/www.dzagame.com\/pt-pt\/#organization\",\"name\":\"DZAGAME LTD\",\"url\":\"https:\/\/www.dzagame.com\/pt-pt\/\",\"logo\":{\"@type\":\"ImageObject\",\"inLanguage\":\"pt-PT\",\"@id\":\"https:\/\/www.dzagame.com\/pt-pt\/#\/schema\/logo\/image\/\",\"url\":\"https:\/\/www.dzagame.com\/wp-content\/uploads\/2021\/03\/dzagame-logo.png\",\"contentUrl\":\"https:\/\/www.dzagame.com\/wp-content\/uploads\/2021\/03\/dzagame-logo.png\",\"width\":100,\"height\":50,\"caption\":\"DZAGAME LTD\"},\"image\":{\"@id\":\"https:\/\/www.dzagame.com\/pt-pt\/#\/schema\/logo\/image\/\"},\"sameAs\":[\"https:\/\/www.facebook.com\/dzagameStore\"]}]}<\/script>\n<!-- \/ Yoast SEO Premium plugin. -->","yoast_head_json":{"title":"Pol\u00edtica de Reembolso - DZAGAME","robots":{"index":"index","follow":"follow","max-snippet":"max-snippet:-1","max-image-preview":"max-image-preview:large","max-video-preview":"max-video-preview:-1"},"canonical":"https:\/\/www.dzagame.com\/pt-pt\/politica-de-reembolso\/","og_locale":"pt_PT","og_type":"article","og_title":"Pol\u00edtica de Reembolso","og_description":"Pol\u00edtica de Reembolso 1- O reembolso de produtos f\u00edsicos adquiridos na DZAGAME \u00e9 poss\u00edvel nos seguintes casos: \u2022 Se o produto que voc\u00ea recebeu n\u00e3o corresponder \u00e0 descri\u00e7\u00e3o em DZAGAME.COM \u2022 Danificado ou com defeito \u2022 A entrega de um produto totalmente funcional est\u00e1 significativamente atrasada \u2022 Voc\u00ea decidiu devolver o produto dentro de 14 [&hellip;]","og_url":"https:\/\/www.dzagame.com\/pt-pt\/politica-de-reembolso\/","og_site_name":"DZAGAME","article_publisher":"https:\/\/www.facebook.com\/dzagameStore","twitter_card":"summary_large_image","twitter_misc":{"Tempo estimado de leitura":"1 minuto"},"schema":{"@context":"https:\/\/schema.org","@graph":[{"@type":"WebPage","@id":"https:\/\/www.dzagame.com\/pt-pt\/politica-de-reembolso\/","url":"https:\/\/www.dzagame.com\/pt-pt\/politica-de-reembolso\/","name":"Pol\u00edtica de Reembolso - DZAGAME","isPartOf":{"@id":"https:\/\/www.dzagame.com\/pt-pt\/#website"},"datePublished":"2023-05-19T06:01:13+00:00","breadcrumb":{"@id":"https:\/\/www.dzagame.com\/pt-pt\/politica-de-reembolso\/#breadcrumb"},"inLanguage":"pt-PT","potentialAction":[{"@type":"ReadAction","target":["https:\/\/www.dzagame.com\/pt-pt\/politica-de-reembolso\/"]}]},{"@type":"BreadcrumbList","@id":"https:\/\/www.dzagame.com\/pt-pt\/politica-de-reembolso\/#breadcrumb","itemListElement":[{"@type":"ListItem","position":1,"name":"dzagame","item":"https:\/\/www.dzagame.com\/pt-pt\/"},{"@type":"ListItem","position":2,"name":"Pol\u00edtica de Reembolso"}]},{"@type":"WebSite","@id":"https:\/\/www.dzagame.com\/pt-pt\/#website","url":"https:\/\/www.dzagame.com\/pt-pt\/","name":"DZAGAME","description":"DIGITAL ITEMS &amp; ONLINE SERVICES SELL","publisher":{"@id":"https:\/\/www.dzagame.com\/pt-pt\/#organization"},"potentialAction":[{"@type":"SearchAction","target":{"@type":"EntryPoint","urlTemplate":"https:\/\/www.dzagame.com\/pt-pt\/?s={search_term_string}"},"query-input":{"@type":"PropertyValueSpecification","valueRequired":true,"valueName":"search_term_string"}}],"inLanguage":"pt-PT"},{"@type":"Organization","@id":"https:\/\/www.dzagame.com\/pt-pt\/#organization","name":"DZAGAME LTD","url":"https:\/\/www.dzagame.com\/pt-pt\/","logo":{"@type":"ImageObject","inLanguage":"pt-PT","@id":"https:\/\/www.dzagame.com\/pt-pt\/#\/schema\/logo\/image\/","url":"https:\/\/www.dzagame.com\/wp-content\/uploads\/2021\/03\/dzagame-logo.png","contentUrl":"https:\/\/www.dzagame.com\/wp-content\/uploads\/2021\/03\/dzagame-logo.png","width":100,"height":50,"caption":"DZAGAME LTD"},"image":{"@id":"https:\/\/www.dzagame.com\/pt-pt\/#\/schema\/logo\/image\/"},"sameAs":["https:\/\/www.facebook.com\/dzagameStore"]}]}},"_links":{"self":[{"href":"https:\/\/www.dzagame.com\/pt-pt\/wp-json\/wp\/v2\/pages\/22102","targetHints":{"allow":["GET"]}}],"collection":[{"href":"https:\/\/www.dzagame.com\/pt-pt\/wp-json\/wp\/v2\/pages"}],"about":[{"href":"https:\/\/www.dzagame.com\/pt-pt\/wp-json\/wp\/v2\/types\/page"}],"author":[{"embeddable":true,"href":"https:\/\/www.dzagame.com\/pt-pt\/wp-json\/wp\/v2\/users\/1"}],"replies":[{"embeddable":true,"href":"https:\/\/www.dzagame.com\/pt-pt\/wp-json\/wp\/v2\/comments?post=22102"}],"version-history":[{"count":0,"href":"https:\/\/www.dzagame.com\/pt-pt\/wp-json\/wp\/v2\/pages\/22102\/revisions"}],"wp:attachment":[{"href":"https:\/\/www.dzagame.com\/pt-pt\/wp-json\/wp\/v2\/media?parent=22102"}],"curies":[{"name":"wp","href":"https:\/\/api.w.org\/{rel}","templated":true}]}}