{"id":19587,"date":"2023-04-19T15:04:54","date_gmt":"2023-04-19T14:04:54","guid":{"rendered":"https:\/\/dzagame.com\/?post_type=product&#038;p=19587"},"modified":"2024-09-14T12:48:52","modified_gmt":"2024-09-14T11:48:52","slug":"iron-reseller-panel","status":"publish","type":"product","link":"https:\/\/www.dzagame.com\/pt-pt\/shop\/revendedores\/iron-reseller-panel\/","title":{"rendered":"IRON PRO Reseller panel"},"content":{"rendered":"<h1 style=\"text-align: center;\">IRON PRO Panel For Resellers<\/h1>\n<h2 style=\"text-align: center;\">Panel Revendeur IRON PRO<\/h2>\n<figure id=\"attachment_19620\" aria-describedby=\"caption-attachment-19620\" style=\"width: 1024px\" class=\"wp-caption aligncenter\"><a href=\"https:\/\/dzagame.com\/wp-content\/uploads\/2023\/04\/iron-iptv-panel-reseller-0.webp\"><img fetchpriority=\"high\" decoding=\"async\" class=\"size-large wp-image-19620\" src=\"https:\/\/dzagame.com\/wp-content\/uploads\/2023\/04\/iron-iptv-panel-reseller-0-1024x498.webp\" alt=\"IRON IPTV Reseller Panel panel\" width=\"1024\" height=\"498\" srcset=\"https:\/\/www.dzagame.com\/wp-content\/uploads\/2023\/04\/iron-iptv-panel-reseller-0-1024x498.webp 1024w, https:\/\/www.dzagame.com\/wp-content\/uploads\/2023\/04\/iron-iptv-panel-reseller-0-768x374.webp 768w, https:\/\/www.dzagame.com\/wp-content\/uploads\/2023\/04\/iron-iptv-panel-reseller-0-640x311.webp 640w, https:\/\/www.dzagame.com\/wp-content\/uploads\/2023\/04\/iron-iptv-panel-reseller-0-400x195.webp 400w\" sizes=\"(max-width: 1024px) 100vw, 1024px\" \/><\/a><figcaption id=\"caption-attachment-19620\" class=\"wp-caption-text\">IRON PRO IPTV Reseller Panel panel, Panel Revendeur IRON PRO<\/figcaption><\/figure>\n<figure id=\"attachment_19623\" aria-describedby=\"caption-attachment-19623\" style=\"width: 1024px\" class=\"wp-caption aligncenter\"><a href=\"https:\/\/dzagame.com\/wp-content\/uploads\/2023\/04\/iron-iptv-panel-reseller-1.webp\"><img decoding=\"async\" class=\"size-large wp-image-19623\" src=\"https:\/\/dzagame.com\/wp-content\/uploads\/2023\/04\/iron-iptv-panel-reseller-1-1024x498.webp\" alt=\"IRON IPTV Reseller Panel panel\" width=\"1024\" height=\"498\" srcset=\"https:\/\/www.dzagame.com\/wp-content\/uploads\/2023\/04\/iron-iptv-panel-reseller-1-1024x498.webp 1024w, https:\/\/www.dzagame.com\/wp-content\/uploads\/2023\/04\/iron-iptv-panel-reseller-1-768x374.webp 768w, https:\/\/www.dzagame.com\/wp-content\/uploads\/2023\/04\/iron-iptv-panel-reseller-1-640x311.webp 640w, https:\/\/www.dzagame.com\/wp-content\/uploads\/2023\/04\/iron-iptv-panel-reseller-1-400x195.webp 400w\" sizes=\"(max-width: 1024px) 100vw, 1024px\" \/><\/a><figcaption id=\"caption-attachment-19623\" class=\"wp-caption-text\">IRON PRO Reseller Panel panel, Panel Revendeur IRON PRO<\/figcaption><\/figure>\n<figure id=\"attachment_19626\" aria-describedby=\"caption-attachment-19626\" style=\"width: 1024px\" class=\"wp-caption aligncenter\"><a href=\"https:\/\/dzagame.com\/wp-content\/uploads\/2023\/04\/iron-iptv-panel-reseller-2.webp\"><img decoding=\"async\" class=\"size-large wp-image-19626\" src=\"https:\/\/dzagame.com\/wp-content\/uploads\/2023\/04\/iron-iptv-panel-reseller-2-1024x498.webp\" alt=\"IRON IPTV Reseller Panel panel\" width=\"1024\" height=\"498\" srcset=\"https:\/\/www.dzagame.com\/wp-content\/uploads\/2023\/04\/iron-iptv-panel-reseller-2-1024x498.webp 1024w, https:\/\/www.dzagame.com\/wp-content\/uploads\/2023\/04\/iron-iptv-panel-reseller-2-768x374.webp 768w, https:\/\/www.dzagame.com\/wp-content\/uploads\/2023\/04\/iron-iptv-panel-reseller-2-640x311.webp 640w, https:\/\/www.dzagame.com\/wp-content\/uploads\/2023\/04\/iron-iptv-panel-reseller-2-400x195.webp 400w\" sizes=\"(max-width: 1024px) 100vw, 1024px\" \/><\/a><figcaption id=\"caption-attachment-19626\" class=\"wp-caption-text\">IRON PRO Reseller Panel panel, Panel Revendeur IRON PRO<\/figcaption><\/figure>\n<figure id=\"attachment_19629\" aria-describedby=\"caption-attachment-19629\" style=\"width: 1024px\" class=\"wp-caption aligncenter\"><a href=\"https:\/\/dzagame.com\/wp-content\/uploads\/2023\/04\/iron-iptv-panel-reseller-3.webp\"><img loading=\"lazy\" decoding=\"async\" class=\"size-large wp-image-19629\" src=\"https:\/\/dzagame.com\/wp-content\/uploads\/2023\/04\/iron-iptv-panel-reseller-3-1024x498.webp\" alt=\"IRON IPTV Reseller Panel panel\" width=\"1024\" height=\"498\" srcset=\"https:\/\/www.dzagame.com\/wp-content\/uploads\/2023\/04\/iron-iptv-panel-reseller-3-1024x498.webp 1024w, https:\/\/www.dzagame.com\/wp-content\/uploads\/2023\/04\/iron-iptv-panel-reseller-3-768x374.webp 768w, https:\/\/www.dzagame.com\/wp-content\/uploads\/2023\/04\/iron-iptv-panel-reseller-3-640x311.webp 640w, https:\/\/www.dzagame.com\/wp-content\/uploads\/2023\/04\/iron-iptv-panel-reseller-3-400x195.webp 400w\" sizes=\"(max-width: 1024px) 100vw, 1024px\" \/><\/a><figcaption id=\"caption-attachment-19629\" class=\"wp-caption-text\">IRON PRO Reseller Panel panel, Panel Revendeur IRON PRO<\/figcaption><\/figure>\n<figure id=\"attachment_19632\" aria-describedby=\"caption-attachment-19632\" style=\"width: 1024px\" class=\"wp-caption aligncenter\"><a href=\"https:\/\/dzagame.com\/wp-content\/uploads\/2023\/04\/iron-iptv-panel-reseller-4.webp\"><img loading=\"lazy\" decoding=\"async\" class=\"size-large wp-image-19632\" src=\"https:\/\/dzagame.com\/wp-content\/uploads\/2023\/04\/iron-iptv-panel-reseller-4-1024x498.webp\" alt=\"IRON IPTV Reseller Panel panel\" width=\"1024\" height=\"498\" srcset=\"https:\/\/www.dzagame.com\/wp-content\/uploads\/2023\/04\/iron-iptv-panel-reseller-4-1024x498.webp 1024w, https:\/\/www.dzagame.com\/wp-content\/uploads\/2023\/04\/iron-iptv-panel-reseller-4-768x374.webp 768w, https:\/\/www.dzagame.com\/wp-content\/uploads\/2023\/04\/iron-iptv-panel-reseller-4-640x311.webp 640w, https:\/\/www.dzagame.com\/wp-content\/uploads\/2023\/04\/iron-iptv-panel-reseller-4-400x195.webp 400w\" sizes=\"(max-width: 1024px) 100vw, 1024px\" \/><\/a><figcaption id=\"caption-attachment-19632\" class=\"wp-caption-text\">IRON PRO Reseller Panel panel, Panel Revendeur IRON PRO<\/figcaption><\/figure>\n<figure id=\"attachment_19635\" aria-describedby=\"caption-attachment-19635\" style=\"width: 998px\" class=\"wp-caption aligncenter\"><a href=\"https:\/\/dzagame.com\/wp-content\/uploads\/2023\/04\/iron-iptv-panel-reseller-5.webp\"><img loading=\"lazy\" decoding=\"async\" class=\"size-full wp-image-19635\" src=\"https:\/\/dzagame.com\/wp-content\/uploads\/2023\/04\/iron-iptv-panel-reseller-5.webp\" alt=\"IRON IPTV Reseller Panel panel\" width=\"998\" height=\"909\" srcset=\"https:\/\/www.dzagame.com\/wp-content\/uploads\/2023\/04\/iron-iptv-panel-reseller-5.webp 998w, https:\/\/www.dzagame.com\/wp-content\/uploads\/2023\/04\/iron-iptv-panel-reseller-5-768x700.webp 768w, https:\/\/www.dzagame.com\/wp-content\/uploads\/2023\/04\/iron-iptv-panel-reseller-5-640x583.webp 640w, https:\/\/www.dzagame.com\/wp-content\/uploads\/2023\/04\/iron-iptv-panel-reseller-5-400x364.webp 400w\" sizes=\"(max-width: 998px) 100vw, 998px\" \/><\/a><figcaption id=\"caption-attachment-19635\" class=\"wp-caption-text\">IRON PRO Reseller Panel panel, Panel Revendeur IRON PRO<\/figcaption><\/figure>\n<p>&nbsp;<\/p>\n<p><strong>What I will get with IRON Reseller panel<\/strong><\/p>\n<p>You will get <strong>60 points<\/strong>, with these 60 points you will get:<\/p>\n<ul>\n<li>Creating a normal code for 1 month = Cost 2 points<\/li>\n<li>Creating a normal code for 3 months = Cost 3 points<\/li>\n<li>Creating a normal code for 6 months = Cost 4 points<\/li>\n<li>Creating a normal code for 12 months = Cost 6 points<\/li>\n<\/ul>\n<p>&nbsp;<\/p>\n<ul>\n<li>Creating an FHD code for 1 month = Cost 3 points<\/li>\n<li>Creating an FHD code for 3 months = Cost 4 points<\/li>\n<li>Creating an FHD code for 6 months = Cost 5 points<\/li>\n<li>Creating an FHD code for 12 months = Costs 9 points<\/li>\n<\/ul>\n<h3>Reseller <a href=\"https:\/\/dzagame.com\/en\/shop\/iptv\/iron-reseller-panel\/\">panel <\/a>advantage:<\/h3>\n<p>admin dashboard gives you full control of your codes or users:<\/p>\n<ul>\n<li>add codes\/ user \/MAG\/<\/li>\n<li>get m3u or <i>xtream <\/i>info for any code or user<\/li>\n<li>renew the same code<\/li>\n<li>add free test codes<\/li>\n<li>deactivate Codes<\/li>\n<li>Reset code or change the device via Mac address<\/li>\n<li>you can see online users and control what they watching<\/li>\n<li>period control (1 month, 3 months, 6 months, 12 months)<\/li>\n<li>Bouquets control (add or remove Bouquets)<\/li>\n<li>you can recharge your points balance anytime you want via <a href=\"http:\/\/www.dzgame.com\">DZAGAME<\/a>.<\/li>\n<\/ul>\n<p>&nbsp;<\/p>\n<h3>Condition:<\/h3>\n<p><strong>-RULES TO RESPECT (EN):<\/strong><\/p>\n<p><strong>IT IS STRICTLY FORBIDDEN TO SELL ON THE INTERNET OR TO MAKE ADVERTISING (FACEBOOK, SNAPCHAT, FORUM, SALE SITE, ETC.) AT A PRICE <span style=\"color: #ff0000;\">BELOW 45\u20ac<\/span>!!<\/strong><\/p>\n<p><strong>THIS IS THE MINIMUM PRICE TO RESPECT, ANYONE SURPRISED TO SELL LOWER IN ORDER TO RECOVER CUSTOMERS FROM HONEST RESELLERS, WILL BE BANISHED WITHOUT HESITATION WHATEVER THE RESELLER CONCERNED.<\/strong><\/p>\n<p><strong>IN THE INTEREST OF ALL, YOU ARE INVITED TO REPORT ANY ADVERTISING THAT DOES NOT COMPLY WITH THESE RULES.<\/strong><\/p>\n<p>&nbsp;<\/p>\n<p><strong>-REGLEM ENT A RESPECTER (FR) :<\/strong><\/p>\n<p><strong>IL EST STRICTEMENT INTERDIT DE VENDRE SUR INTERNET OU DE FAIRE DE LA PUBLICIT\u00c9 (FACEBOOK,SNAPCHAT,FORUM,SITE DE VENTE,ETC.)\u00a0<\/strong><strong>A UN PRIX EN <span style=\"color: #ff0000;\">DESSOUS DE\u00a0 45\u20ac<\/span> !!<\/strong><\/p>\n<p><strong>C&#8217;EST LE PRIX MINIMUM \u00c0 RESPECTER, TOUTE PERSONNE SURPRISE \u00c0\u00a0<\/strong><strong>VENDRE MOINS CH\u00c8RE<\/strong><strong>\u00a0AFIN DE R\u00c9CUP\u00c9RER LES CLIENTS DE REVENDEURS HONN\u00caTES,\u00a0<\/strong><strong>SERONT BANNIS<\/strong><strong>\u00a0SANS H\u00c9SITATION QUELQUE SOIT LE REVENDEUR CONCERN\u00c9.<\/strong><\/p>\n<p>DANS L&#8217;INT\u00c9R\u00caT DE TOUS, VOUS \u00caTES INVIT\u00c9S \u00c0 NOUS\u00a0<strong>SIGNALER TOUTE PUBLICIT\u00c9<\/strong><strong>\u00a0QUI NE RESPECTE PAS CES REGLES.<\/strong><\/p>\n<p>&nbsp;<\/p>\n<p>if you need any help don&#8217;t hesitate to get in touch with us on WhatsApp: +<a href=\"https:\/\/aftv.news\/458960\">213553039009<\/a> or via email at <a href=\"mailto:contact@dzgame.com\">contact@dzgame.com<\/a><\/p>\n<h3><span style=\"color: #000000;\">Here are some other panels we have:<\/span><\/h3>\n<p><a class=\"LinkSuggestion__Link-sc-1gewdgc-4 cLBplk\" href=\"https:\/\/www.dzagame.com\/en\/shop\/uncategorized\/resellers\/king365-reseller-panel\/\" target=\"_blank\" rel=\"noopener\">KING365 Reseller panel<span class=\"sc-gswNZR eASTkv\">(Opens in a new browser tab)<\/span><\/a><\/p>\n<p><a class=\"LinkSuggestion__Link-sc-1gewdgc-4 cLBplk\" href=\"https:\/\/www.dzagame.com\/en\/shop\/uncategorized\/resellers\/king4k-reseller-panel\/\" target=\"_blank\" rel=\"noopener\">KING4K Reseller panel<span class=\"sc-gswNZR eASTkv\">(Opens in a new browser tab)<\/span><\/a><\/p>\n<p><a class=\"LinkSuggestion__Link-sc-1gewdgc-4 cLBplk\" href=\"https:\/\/www.dzagame.com\/en\/shop\/uncategorized\/resellers\/strong4k-reseller-panel\/\" target=\"_blank\" rel=\"noopener\">Strong4K Reseller panel<span class=\"sc-gswNZR eASTkv\">(Opens in a new browser tab)<\/span><\/a><\/p>\n<p><a class=\"LinkSuggestion__Link-sc-1gewdgc-4 cLBplk\" href=\"https:\/\/www.dzagame.com\/en\/shop\/uncategorized\/resellers\/lynx-reseller-panel\/\" target=\"_blank\" rel=\"noopener\">Lynx Reseller panel<span class=\"sc-gswNZR eASTkv\">(Opens in a new browser tab)<\/span><\/a><\/p>\n<p><a class=\"LinkSuggestion__Link-sc-1gewdgc-4 cLBplk\" href=\"https:\/\/www.dzagame.com\/en\/shop\/uncategorized\/resellers\/mega-star-reseller-panel\/\" target=\"_blank\" rel=\"noopener\">Mega Star Reseller panel<span class=\"sc-gswNZR eASTkv\">(Opens in a new browser tab)<\/span><\/a><\/p>\n<p><a class=\"LinkSuggestion__Link-sc-1gewdgc-4 cLBplk\" href=\"https:\/\/www.dzagame.com\/en\/shop\/uncategorized\/resellers\/slytv-reseller-panel\/\" target=\"_blank\" rel=\"noopener\">SLYTV Reseller Panel<span class=\"sc-gswNZR eASTkv\">(Opens in a new browser tab)<\/span><\/a><\/p>\n<p>&nbsp;<\/p>\n","protected":false},"excerpt":{"rendered":"<p>IRON PRO Reseller Panel (Panel Revendeur Iron pro) admin dashboard gives you full control of your codes or users: add codes\/ user, get m3u or xtream info for any code or user, and renew..<\/p>\n","protected":false},"featured_media":32820,"template":"","meta":[],"product_brand":[],"product_cat":[647],"product_tag":[552,648],"class_list":{"0":"post-19587","1":"product","2":"type-product","3":"status-publish","4":"has-post-thumbnail","6":"product_cat-resellers","7":"product_tag-iron","8":"product_tag-reseller-panel","10":"first","11":"instock","12":"virtual","13":"purchasable","14":"product-type-simple"},"yoast_head":"<!-- This site is optimized with the Yoast SEO Premium plugin v23.3 (Yoast SEO v27.0) - https:\/\/yoast.com\/product\/yoast-seo-premium-wordpress\/ -->\n<title>IRON PRO Reseller panel - DZAGAME<\/title>\n<meta name=\"description\" content=\"IRON PRO Reseller panel admin dashboard gives you full control of your codes or users: add codes\/ user, get m3u or xtream info for any code or user...etc\" \/>\n<meta name=\"robots\" content=\"index, follow, max-snippet:-1, max-image-preview:large, max-video-preview:-1\" \/>\n<link rel=\"canonical\" href=\"https:\/\/www.dzagame.com\/pt-pt\/shop\/revendedores\/iron-reseller-panel\/\" \/>\n<meta property=\"og:locale\" content=\"pt_PT\" \/>\n<meta property=\"og:type\" content=\"article\" \/>\n<meta property=\"og:title\" content=\"IRON PRO Reseller panel\" \/>\n<meta property=\"og:description\" content=\"IRON PRO Reseller panel admin dashboard gives you full control of your codes or users: add codes\/ user, get m3u or xtream info for any code or user...etc\" \/>\n<meta property=\"og:url\" content=\"https:\/\/www.dzagame.com\/pt-pt\/shop\/revendedores\/iron-reseller-panel\/\" \/>\n<meta property=\"og:site_name\" content=\"DZAGAME\" \/>\n<meta property=\"article:publisher\" content=\"https:\/\/www.facebook.com\/dzagameStore\" \/>\n<meta property=\"article:modified_time\" content=\"2024-09-14T11:48:52+00:00\" \/>\n<meta property=\"og:image\" content=\"https:\/\/www.dzagame.com\/wp-content\/uploads\/2023\/04\/IRON-PRO-panel.webp\" \/>\n\t<meta property=\"og:image:width\" content=\"200\" \/>\n\t<meta property=\"og:image:height\" content=\"273\" \/>\n\t<meta property=\"og:image:type\" content=\"image\/webp\" \/>\n<meta name=\"twitter:card\" content=\"summary_large_image\" \/>\n<meta name=\"twitter:label1\" content=\"pre\u00e7o\" \/>\n\t<meta name=\"twitter:data1\" content=\"USD&nbsp;153.00\" \/>\n\t<meta name=\"twitter:label2\" content=\"Disponibilidade\" \/>\n\t<meta name=\"twitter:data2\" content=\"Em stock\" \/>\n<script type=\"application\/ld+json\" class=\"yoast-schema-graph\">{\"@context\":\"https:\/\/schema.org\",\"@graph\":[{\"@type\":\"WebPage\",\"@id\":\"https:\/\/www.dzagame.com\/pt-pt\/shop\/revendedores\/iron-reseller-panel\/\",\"url\":\"https:\/\/www.dzagame.com\/pt-pt\/shop\/revendedores\/iron-reseller-panel\/\",\"name\":\"IRON PRO Reseller panel - DZAGAME\",\"isPartOf\":{\"@id\":\"https:\/\/www.dzagame.com\/pt-pt\/#website\"},\"primaryImageOfPage\":{\"@id\":\"https:\/\/www.dzagame.com\/pt-pt\/shop\/revendedores\/iron-reseller-panel\/#primaryimage\"},\"image\":{\"@id\":\"https:\/\/www.dzagame.com\/pt-pt\/shop\/revendedores\/iron-reseller-panel\/#primaryimage\"},\"thumbnailUrl\":\"https:\/\/www.dzagame.com\/wp-content\/uploads\/2023\/04\/IRON-PRO-panel.webp\",\"datePublished\":\"2023-04-19T14:04:54+00:00\",\"dateModified\":\"2024-09-14T11:48:52+00:00\",\"description\":\"IRON PRO Reseller panel admin dashboard gives you full control of your codes or users: add codes\/ user, get m3u or xtream info for any code or user...etc\",\"breadcrumb\":{\"@id\":\"https:\/\/www.dzagame.com\/pt-pt\/shop\/revendedores\/iron-reseller-panel\/#breadcrumb\"},\"inLanguage\":\"pt-PT\",\"potentialAction\":[{\"@type\":\"ReadAction\",\"target\":[\"https:\/\/www.dzagame.com\/pt-pt\/shop\/revendedores\/iron-reseller-panel\/\"]}]},{\"@type\":\"ImageObject\",\"inLanguage\":\"pt-PT\",\"@id\":\"https:\/\/www.dzagame.com\/pt-pt\/shop\/revendedores\/iron-reseller-panel\/#primaryimage\",\"url\":\"https:\/\/www.dzagame.com\/wp-content\/uploads\/2023\/04\/IRON-PRO-panel.webp\",\"contentUrl\":\"https:\/\/www.dzagame.com\/wp-content\/uploads\/2023\/04\/IRON-PRO-panel.webp\",\"width\":200,\"height\":273,\"caption\":\"iIRON IPTV Reseller Panel panel\"},{\"@type\":\"BreadcrumbList\",\"@id\":\"https:\/\/www.dzagame.com\/pt-pt\/shop\/revendedores\/iron-reseller-panel\/#breadcrumb\",\"itemListElement\":[{\"@type\":\"ListItem\",\"position\":1,\"name\":\"dzagame\",\"item\":\"https:\/\/www.dzagame.com\/pt-pt\/\"},{\"@type\":\"ListItem\",\"position\":2,\"name\":\"Loja\",\"item\":\"https:\/\/www.dzagame.com\/pt-pt\/loja\/\"},{\"@type\":\"ListItem\",\"position\":3,\"name\":\"IRON PRO Reseller panel\"}]},{\"@type\":\"WebSite\",\"@id\":\"https:\/\/www.dzagame.com\/pt-pt\/#website\",\"url\":\"https:\/\/www.dzagame.com\/pt-pt\/\",\"name\":\"DZAGAME\",\"description\":\"DIGITAL ITEMS &amp; ONLINE SERVICES SELL\",\"publisher\":{\"@id\":\"https:\/\/www.dzagame.com\/pt-pt\/#organization\"},\"potentialAction\":[{\"@type\":\"SearchAction\",\"target\":{\"@type\":\"EntryPoint\",\"urlTemplate\":\"https:\/\/www.dzagame.com\/pt-pt\/?s={search_term_string}\"},\"query-input\":{\"@type\":\"PropertyValueSpecification\",\"valueRequired\":true,\"valueName\":\"search_term_string\"}}],\"inLanguage\":\"pt-PT\"},{\"@type\":\"Organization\",\"@id\":\"https:\/\/www.dzagame.com\/pt-pt\/#organization\",\"name\":\"DZAGAME LTD\",\"url\":\"https:\/\/www.dzagame.com\/pt-pt\/\",\"logo\":{\"@type\":\"ImageObject\",\"inLanguage\":\"pt-PT\",\"@id\":\"https:\/\/www.dzagame.com\/pt-pt\/#\/schema\/logo\/image\/\",\"url\":\"https:\/\/www.dzagame.com\/wp-content\/uploads\/2021\/03\/dzagame-logo.png\",\"contentUrl\":\"https:\/\/www.dzagame.com\/wp-content\/uploads\/2021\/03\/dzagame-logo.png\",\"width\":100,\"height\":50,\"caption\":\"DZAGAME LTD\"},\"image\":{\"@id\":\"https:\/\/www.dzagame.com\/pt-pt\/#\/schema\/logo\/image\/\"},\"sameAs\":[\"https:\/\/www.facebook.com\/dzagameStore\"]}]}<\/script>\n<meta property=\"product:price:amount\" content=\"153.00\" \/>\n<meta property=\"product:price:currency\" content=\"USD\" \/>\n<meta property=\"og:availability\" content=\"instock\" \/>\n<meta property=\"product:availability\" content=\"instock\" \/>\n<meta property=\"product:condition\" content=\"new\" \/>\n<!-- \/ Yoast SEO Premium plugin. -->","yoast_head_json":{"title":"IRON PRO Reseller panel - DZAGAME","description":"IRON PRO Reseller panel admin dashboard gives you full control of your codes or users: add codes\/ user, get m3u or xtream info for any code or user...etc","robots":{"index":"index","follow":"follow","max-snippet":"max-snippet:-1","max-image-preview":"max-image-preview:large","max-video-preview":"max-video-preview:-1"},"canonical":"https:\/\/www.dzagame.com\/pt-pt\/shop\/revendedores\/iron-reseller-panel\/","og_locale":"pt_PT","og_type":"article","og_title":"IRON PRO Reseller panel","og_description":"IRON PRO Reseller panel admin dashboard gives you full control of your codes or users: add codes\/ user, get m3u or xtream info for any code or user...etc","og_url":"https:\/\/www.dzagame.com\/pt-pt\/shop\/revendedores\/iron-reseller-panel\/","og_site_name":"DZAGAME","article_publisher":"https:\/\/www.facebook.com\/dzagameStore","article_modified_time":"2024-09-14T11:48:52+00:00","og_image":[{"width":200,"height":273,"url":"https:\/\/www.dzagame.com\/wp-content\/uploads\/2023\/04\/IRON-PRO-panel.webp","type":"image\/webp"}],"twitter_card":"summary_large_image","twitter_misc":{"pre\u00e7o":"USD&nbsp;153.00","Disponibilidade":"Em stock"},"schema":{"@context":"https:\/\/schema.org","@graph":[{"@type":"WebPage","@id":"https:\/\/www.dzagame.com\/pt-pt\/shop\/revendedores\/iron-reseller-panel\/","url":"https:\/\/www.dzagame.com\/pt-pt\/shop\/revendedores\/iron-reseller-panel\/","name":"IRON PRO Reseller panel - DZAGAME","isPartOf":{"@id":"https:\/\/www.dzagame.com\/pt-pt\/#website"},"primaryImageOfPage":{"@id":"https:\/\/www.dzagame.com\/pt-pt\/shop\/revendedores\/iron-reseller-panel\/#primaryimage"},"image":{"@id":"https:\/\/www.dzagame.com\/pt-pt\/shop\/revendedores\/iron-reseller-panel\/#primaryimage"},"thumbnailUrl":"https:\/\/www.dzagame.com\/wp-content\/uploads\/2023\/04\/IRON-PRO-panel.webp","datePublished":"2023-04-19T14:04:54+00:00","dateModified":"2024-09-14T11:48:52+00:00","description":"IRON PRO Reseller panel admin dashboard gives you full control of your codes or users: add codes\/ user, get m3u or xtream info for any code or user...etc","breadcrumb":{"@id":"https:\/\/www.dzagame.com\/pt-pt\/shop\/revendedores\/iron-reseller-panel\/#breadcrumb"},"inLanguage":"pt-PT","potentialAction":[{"@type":"ReadAction","target":["https:\/\/www.dzagame.com\/pt-pt\/shop\/revendedores\/iron-reseller-panel\/"]}]},{"@type":"ImageObject","inLanguage":"pt-PT","@id":"https:\/\/www.dzagame.com\/pt-pt\/shop\/revendedores\/iron-reseller-panel\/#primaryimage","url":"https:\/\/www.dzagame.com\/wp-content\/uploads\/2023\/04\/IRON-PRO-panel.webp","contentUrl":"https:\/\/www.dzagame.com\/wp-content\/uploads\/2023\/04\/IRON-PRO-panel.webp","width":200,"height":273,"caption":"iIRON IPTV Reseller Panel panel"},{"@type":"BreadcrumbList","@id":"https:\/\/www.dzagame.com\/pt-pt\/shop\/revendedores\/iron-reseller-panel\/#breadcrumb","itemListElement":[{"@type":"ListItem","position":1,"name":"dzagame","item":"https:\/\/www.dzagame.com\/pt-pt\/"},{"@type":"ListItem","position":2,"name":"Loja","item":"https:\/\/www.dzagame.com\/pt-pt\/loja\/"},{"@type":"ListItem","position":3,"name":"IRON PRO Reseller panel"}]},{"@type":"WebSite","@id":"https:\/\/www.dzagame.com\/pt-pt\/#website","url":"https:\/\/www.dzagame.com\/pt-pt\/","name":"DZAGAME","description":"DIGITAL ITEMS &amp; ONLINE SERVICES SELL","publisher":{"@id":"https:\/\/www.dzagame.com\/pt-pt\/#organization"},"potentialAction":[{"@type":"SearchAction","target":{"@type":"EntryPoint","urlTemplate":"https:\/\/www.dzagame.com\/pt-pt\/?s={search_term_string}"},"query-input":{"@type":"PropertyValueSpecification","valueRequired":true,"valueName":"search_term_string"}}],"inLanguage":"pt-PT"},{"@type":"Organization","@id":"https:\/\/www.dzagame.com\/pt-pt\/#organization","name":"DZAGAME LTD","url":"https:\/\/www.dzagame.com\/pt-pt\/","logo":{"@type":"ImageObject","inLanguage":"pt-PT","@id":"https:\/\/www.dzagame.com\/pt-pt\/#\/schema\/logo\/image\/","url":"https:\/\/www.dzagame.com\/wp-content\/uploads\/2021\/03\/dzagame-logo.png","contentUrl":"https:\/\/www.dzagame.com\/wp-content\/uploads\/2021\/03\/dzagame-logo.png","width":100,"height":50,"caption":"DZAGAME LTD"},"image":{"@id":"https:\/\/www.dzagame.com\/pt-pt\/#\/schema\/logo\/image\/"},"sameAs":["https:\/\/www.facebook.com\/dzagameStore"]}]},"product_price_amount":"153.00","product_price_currency":"USD","og_availability":"instock","product_availability":"instock","product_condition":"new"},"wcpa_form_fields":null,"_links":{"self":[{"href":"https:\/\/www.dzagame.com\/pt-pt\/wp-json\/wp\/v2\/product\/19587","targetHints":{"allow":["GET"]}}],"collection":[{"href":"https:\/\/www.dzagame.com\/pt-pt\/wp-json\/wp\/v2\/product"}],"about":[{"href":"https:\/\/www.dzagame.com\/pt-pt\/wp-json\/wp\/v2\/types\/product"}],"wp:featuredmedia":[{"embeddable":true,"href":"https:\/\/www.dzagame.com\/pt-pt\/wp-json\/wp\/v2\/media\/32820"}],"wp:attachment":[{"href":"https:\/\/www.dzagame.com\/pt-pt\/wp-json\/wp\/v2\/media?parent=19587"}],"wp:term":[{"taxonomy":"product_brand","embeddable":true,"href":"https:\/\/www.dzagame.com\/pt-pt\/wp-json\/wp\/v2\/product_brand?post=19587"},{"taxonomy":"product_cat","embeddable":true,"href":"https:\/\/www.dzagame.com\/pt-pt\/wp-json\/wp\/v2\/product_cat?post=19587"},{"taxonomy":"product_tag","embeddable":true,"href":"https:\/\/www.dzagame.com\/pt-pt\/wp-json\/wp\/v2\/product_tag?post=19587"}],"curies":[{"name":"wp","href":"https:\/\/api.w.org\/{rel}","templated":true}]}}